{"id":42745,"date":"2023-12-01T09:41:24","date_gmt":"2023-12-01T09:41:24","guid":{"rendered":"https:\/\/neoergoxeiro.gr\/?product=%cf%83%ce%ad%cf%84-%ce%ba%ce%b5%ce%bd%cf%84%ce%ae%ce%bc%ce%b1%cf%84%ce%bf%cf%82-%ce%bc%ce%b5-%cf%84%ce%b5%ce%bb%ce%b1%cf%81%ce%ac%ce%ba%ce%b9-28"},"modified":"2026-02-28T14:03:28","modified_gmt":"2026-02-28T12:03:28","slug":"%cf%83%ce%ad%cf%84-%ce%ba%ce%b5%ce%bd%cf%84%ce%ae%ce%bc%ce%b1%cf%84%ce%bf%cf%82-%ce%bc%ce%b5-%cf%84%ce%b5%ce%bb%ce%b1%cf%81%ce%ac%ce%ba%ce%b9-28","status":"publish","type":"product","link":"https:\/\/neoergoxeiro.gr\/es\/producto\/%cf%83%ce%ad%cf%84-%ce%ba%ce%b5%ce%bd%cf%84%ce%ae%ce%bc%ce%b1%cf%84%ce%bf%cf%82-%ce%bc%ce%b5-%cf%84%ce%b5%ce%bb%ce%b1%cf%81%ce%ac%ce%ba%ce%b9-28\/","title":{"rendered":"Soporte auxiliar (2 brazos) para bloque de bordado"},"content":{"rendered":"<p>El soporte auxiliar para bandeja de bordado es la soluci\u00f3n ideal para todos los aficionados a la costura manual. Con dos soportes que se adaptan f\u00e1cilmente a la bandeja, evita que los hilos se corten durante el bordado. Garantiza estabilidad y comodidad durante el trabajo. Cons\u00edgala para disfrutar de una experiencia de bordado c\u00f3moda y sin problemas. Fabricada con materiales duraderos de alta calidad para un uso prolongado. Cons\u00edgala hoy mismo y convierta su taller en un espacio m\u00e1s organizado y eficiente.<\/p>","protected":false},"excerpt":{"rendered":"<p>Soporte auxiliar (2 brazos) para bandeja de bordado, ideal para bordar f\u00e1cil y c\u00f3modamente. Evita que se corten los hilos y garantiza un trabajo estable. \u00a1Cons\u00edguelo ahora para disfrutar a\u00fan m\u00e1s de la experiencia del bordado!<\/p>","protected":false},"featured_media":42746,"template":"","meta":[],"product_brand":[],"product_cat":[84],"product_tag":[],"class_list":{"0":"post-42745","1":"product","2":"type-product","3":"status-publish","4":"has-post-thumbnail","6":"product_cat-ergaleia-kentimatos","8":"first","9":"instock","10":"taxable","11":"shipping-taxable","12":"purchasable","13":"product-type-simple"},"_links":{"self":[{"href":"https:\/\/neoergoxeiro.gr\/es\/wp-json\/wp\/v2\/product\/42745","targetHints":{"allow":["GET"]}}],"collection":[{"href":"https:\/\/neoergoxeiro.gr\/es\/wp-json\/wp\/v2\/product"}],"about":[{"href":"https:\/\/neoergoxeiro.gr\/es\/wp-json\/wp\/v2\/types\/product"}],"version-history":[{"count":1,"href":"https:\/\/neoergoxeiro.gr\/es\/wp-json\/wp\/v2\/product\/42745\/revisions"}],"predecessor-version":[{"id":60030,"href":"https:\/\/neoergoxeiro.gr\/es\/wp-json\/wp\/v2\/product\/42745\/revisions\/60030"}],"wp:featuredmedia":[{"embeddable":true,"href":"https:\/\/neoergoxeiro.gr\/es\/wp-json\/wp\/v2\/media\/42746"}],"wp:attachment":[{"href":"https:\/\/neoergoxeiro.gr\/es\/wp-json\/wp\/v2\/media?parent=42745"}],"wp:term":[{"taxonomy":"product_brand","embeddable":true,"href":"https:\/\/neoergoxeiro.gr\/es\/wp-json\/wp\/v2\/product_brand?post=42745"},{"taxonomy":"product_cat","embeddable":true,"href":"https:\/\/neoergoxeiro.gr\/es\/wp-json\/wp\/v2\/product_cat?post=42745"},{"taxonomy":"product_tag","embeddable":true,"href":"https:\/\/neoergoxeiro.gr\/es\/wp-json\/wp\/v2\/product_tag?post=42745"}],"curies":[{"name":"wp","href":"https:\/\/api.w.org\/{rel}","templated":true}]}}