{"id":46193,"date":"2024-03-14T11:25:16","date_gmt":"2024-03-14T11:25:16","guid":{"rendered":"https:\/\/neoergoxeiro.gr\/?product=aida-%ce%b2%ce%b5%cf%81%ce%b1%ce%bc%ce%ac%ce%bd"},"modified":"2025-10-13T21:28:08","modified_gmt":"2025-10-13T19:28:08","slug":"aida-%ce%b2%ce%b5%cf%81%ce%b1%ce%bc%ce%ac%ce%bd","status":"publish","type":"product","link":"https:\/\/neoergoxeiro.gr\/es\/producto\/aida-%ce%b2%ce%b5%cf%81%ce%b1%ce%bc%ce%ac%ce%bd\/","title":{"rendered":"Tula (Sweigart) 3991"},"content":{"rendered":"<p>Tula (Sweigart) 3991 es una tela de bordado impresionante que aportar\u00e1 elegancia y calidad a sus creaciones. Esta tela de alta calidad es ideal para diversas t\u00e9cnicas de bordado y costura. Con un dise\u00f1o maravilloso y una construcci\u00f3n duradera, Tula (Sweigart) 3991 es la herramienta definitiva para cualquier entusiasta del bordado a mano. Descubre las ilimitadas posibilidades creativas que ofrece este tejido y crea obras de arte \u00fanicas. Consigue Tula (Sweigart) 3991 hoy mismo y \u00a1deja que brille tu imaginaci\u00f3n!<\/p>","protected":false},"excerpt":{"rendered":"<p>Tula (Sweigart) 3991 es un precioso tejido para bordar que realzar\u00e1 sus creaciones. Descubra la magia de la costura a mano con este tejido de calidad excepcional.<\/p>","protected":false},"featured_media":46194,"template":"","meta":[],"product_brand":[],"product_cat":[88],"product_tag":[],"class_list":{"0":"post-46193","1":"product","2":"type-product","3":"status-publish","4":"has-post-thumbnail","6":"product_cat-yfasmata-knetimatos","8":"first","9":"instock","10":"taxable","11":"shipping-taxable","12":"purchasable","13":"product-type-simple"},"_links":{"self":[{"href":"https:\/\/neoergoxeiro.gr\/es\/wp-json\/wp\/v2\/product\/46193","targetHints":{"allow":["GET"]}}],"collection":[{"href":"https:\/\/neoergoxeiro.gr\/es\/wp-json\/wp\/v2\/product"}],"about":[{"href":"https:\/\/neoergoxeiro.gr\/es\/wp-json\/wp\/v2\/types\/product"}],"version-history":[{"count":1,"href":"https:\/\/neoergoxeiro.gr\/es\/wp-json\/wp\/v2\/product\/46193\/revisions"}],"predecessor-version":[{"id":60358,"href":"https:\/\/neoergoxeiro.gr\/es\/wp-json\/wp\/v2\/product\/46193\/revisions\/60358"}],"wp:featuredmedia":[{"embeddable":true,"href":"https:\/\/neoergoxeiro.gr\/es\/wp-json\/wp\/v2\/media\/46194"}],"wp:attachment":[{"href":"https:\/\/neoergoxeiro.gr\/es\/wp-json\/wp\/v2\/media?parent=46193"}],"wp:term":[{"taxonomy":"product_brand","embeddable":true,"href":"https:\/\/neoergoxeiro.gr\/es\/wp-json\/wp\/v2\/product_brand?post=46193"},{"taxonomy":"product_cat","embeddable":true,"href":"https:\/\/neoergoxeiro.gr\/es\/wp-json\/wp\/v2\/product_cat?post=46193"},{"taxonomy":"product_tag","embeddable":true,"href":"https:\/\/neoergoxeiro.gr\/es\/wp-json\/wp\/v2\/product_tag?post=46193"}],"curies":[{"name":"wp","href":"https:\/\/api.w.org\/{rel}","templated":true}]}}