{"id":46415,"date":"2024-03-19T11:57:38","date_gmt":"2024-03-19T11:57:38","guid":{"rendered":"https:\/\/neoergoxeiro.gr\/?product=%ce%bb%ce%b1%cf%83%ce%b5-%cf%84%cf%81%ce%ad%cf%83%ce%b5%cf%82-%ce%b1%ce%bd%cf%84%ce%b9%ce%b3%cf%81%ce%b1%cf%86%ce%ae-%ce%b1%ce%bd%cf%84%ce%b9%ce%b3%cf%81%ce%b1%cf%86%ce%ae"},"modified":"2025-10-12T14:24:57","modified_gmt":"2025-10-12T12:24:57","slug":"%ce%bb%ce%b1%cf%83%ce%b5-%cf%84%cf%81%ce%ad%cf%83%ce%b5%cf%82-%ce%b1%ce%bd%cf%84%ce%b9%ce%b3%cf%81%ce%b1%cf%86%ce%ae-%ce%b1%ce%bd%cf%84%ce%b9%ce%b3%cf%81%ce%b1%cf%86%ce%ae","status":"publish","type":"product","link":"https:\/\/neoergoxeiro.gr\/es\/producto\/%ce%bb%ce%b1%cf%83%ce%b5-%cf%84%cf%81%ce%ad%cf%83%ce%b5%cf%82-%ce%b1%ce%bd%cf%84%ce%b9%ce%b3%cf%81%ce%b1%cf%86%ce%ae-%ce%b1%ce%bd%cf%84%ce%b9%ce%b3%cf%81%ce%b1%cf%86%ce%ae\/","title":{"rendered":"lazo - trenzas (Copia) (Copia)"},"content":{"rendered":"<p>El lazo - trenza es un accesorio esencial para todo amante de la costura y el bordado a mano. Con material de alta calidad y excelente durabilidad, es la elecci\u00f3n ideal para crear dise\u00f1os \u00fanicos. <\/p>\n<p>Las trenzas de strass ofrecen infinitas posibilidades de decoraci\u00f3n, ya sea para ropa, bolsos, cojines o cualquier otra cosa que pueda imaginar. Con una gran variedad de colores y dibujos, puedes dar un toque \u00fanico a cualquier creaci\u00f3n. <\/p>\n<p>Mejora tus creaciones con el lazo - trenzas y \u00a1destaca por tu originalidad! Explora las ilimitadas posibilidades que ofrece y crea obras de arte \u00fanicas.<\/p>","protected":false},"excerpt":{"rendered":"<p>\u00a1Renueve sus bordados con el lazo - trenzas! Ideal para crear dise\u00f1os y adornos originales. \u00a1Actualiza tu ropa y accesorios con estilo y originalidad!<\/p>","protected":false},"featured_media":46416,"template":"","meta":[],"product_brand":[],"product_cat":[154],"product_tag":[],"class_list":{"0":"post-46415","1":"product","2":"type-product","3":"status-publish","4":"has-post-thumbnail","6":"product_cat-danteles-tresses","8":"first","9":"instock","10":"taxable","11":"shipping-taxable","12":"product-type-simple"},"_links":{"self":[{"href":"https:\/\/neoergoxeiro.gr\/es\/wp-json\/wp\/v2\/product\/46415","targetHints":{"allow":["GET"]}}],"collection":[{"href":"https:\/\/neoergoxeiro.gr\/es\/wp-json\/wp\/v2\/product"}],"about":[{"href":"https:\/\/neoergoxeiro.gr\/es\/wp-json\/wp\/v2\/types\/product"}],"version-history":[{"count":1,"href":"https:\/\/neoergoxeiro.gr\/es\/wp-json\/wp\/v2\/product\/46415\/revisions"}],"predecessor-version":[{"id":60522,"href":"https:\/\/neoergoxeiro.gr\/es\/wp-json\/wp\/v2\/product\/46415\/revisions\/60522"}],"wp:featuredmedia":[{"embeddable":true,"href":"https:\/\/neoergoxeiro.gr\/es\/wp-json\/wp\/v2\/media\/46416"}],"wp:attachment":[{"href":"https:\/\/neoergoxeiro.gr\/es\/wp-json\/wp\/v2\/media?parent=46415"}],"wp:term":[{"taxonomy":"product_brand","embeddable":true,"href":"https:\/\/neoergoxeiro.gr\/es\/wp-json\/wp\/v2\/product_brand?post=46415"},{"taxonomy":"product_cat","embeddable":true,"href":"https:\/\/neoergoxeiro.gr\/es\/wp-json\/wp\/v2\/product_cat?post=46415"},{"taxonomy":"product_tag","embeddable":true,"href":"https:\/\/neoergoxeiro.gr\/es\/wp-json\/wp\/v2\/product_tag?post=46415"}],"curies":[{"name":"wp","href":"https:\/\/api.w.org\/{rel}","templated":true}]}}