{"id":47763,"date":"2024-10-30T09:45:56","date_gmt":"2024-10-30T09:45:56","guid":{"rendered":"https:\/\/neoergoxeiro.gr\/?product=%ce%ba%ce%ad%ce%bd%cf%84%ce%b7%ce%bc%ce%b1-%ce%ba%cf%8d%ce%ba%ce%bd%ce%bf%cf%82-%ce%ba%ce%b1%cf%81%ce%ad-1-00-1-00m-12"},"modified":"2025-11-11T10:18:05","modified_gmt":"2025-11-11T08:18:05","slug":"%ce%ba%ce%ad%ce%bd%cf%84%ce%b7%ce%bc%ce%b1-%ce%ba%cf%8d%ce%ba%ce%bd%ce%bf%cf%82-%ce%ba%ce%b1%cf%81%ce%ad-1-00-1-00m-12","status":"publish","type":"product","link":"https:\/\/neoergoxeiro.gr\/es\/producto\/%ce%ba%ce%ad%ce%bd%cf%84%ce%b7%ce%bc%ce%b1-%ce%ba%cf%8d%ce%ba%ce%bd%ce%bf%cf%82-%ce%ba%ce%b1%cf%81%ce%ad-1-00-1-00m-12\/","title":{"rendered":"Cisne bordado cuadrado 1,00 * 1,00m"},"content":{"rendered":"<p><strong>Bordado en sellos Swan.<\/strong><\/p>\n<p>El bordado est\u00e1 cosido en una tela - etamin macedonian ecru oro (44 ojos a 10 cm), y se cose lineal (S\u00f3lo el contorno b\u00e1sico del dise\u00f1o, para que pueda ser bordado en los colores de su elecci\u00f3n; .<\/p>\n<p>Puede bordarlo con Mouline Dmc art 117 o con Cotton Perle Dmc art 116.<\/p>\n<p>Bordado - instrucciones de lavado:<\/p>\n<p>Despu\u00e9s de bordar nuestra manualidad, la lavaremos bajo el grifo de agua fr\u00eda, as\u00ed:<\/p>\n<ol>\n<li>Para eliminar los restos de color que suelen dejar las pinturas duras (burdeos - azul oscuro - negro)<\/li>\n<li>Para estabilizar mejor los tintes de los hilos. A continuaci\u00f3n, pasar cualquier encaje - trenzas - chintz - gasa - gasa, que tambi\u00e9n se debe lavar antes de dorar.<\/li>\n<\/ol>","protected":false},"excerpt":{"rendered":"<p>El juego completo de hilos incluye 30 piezas de Mouline a un precio de (0,80 por pieza).<\/p>\n<p>Prefiera el paquete con todos los hilos para que todos los colores sean del mismo lote para evitar alteraciones debidas a los lotes de tinte.<\/p>","protected":false},"featured_media":47764,"template":"","meta":[],"product_brand":[],"product_cat":[160],"product_tag":[],"class_list":{"0":"post-47763","1":"product","2":"type-product","3":"status-publish","4":"has-post-thumbnail","6":"product_cat-kiknos-kentimata","8":"first","9":"instock","10":"taxable","11":"shipping-taxable","12":"purchasable","13":"product-type-variable"},"_links":{"self":[{"href":"https:\/\/neoergoxeiro.gr\/es\/wp-json\/wp\/v2\/product\/47763","targetHints":{"allow":["GET"]}}],"collection":[{"href":"https:\/\/neoergoxeiro.gr\/es\/wp-json\/wp\/v2\/product"}],"about":[{"href":"https:\/\/neoergoxeiro.gr\/es\/wp-json\/wp\/v2\/types\/product"}],"version-history":[{"count":1,"href":"https:\/\/neoergoxeiro.gr\/es\/wp-json\/wp\/v2\/product\/47763\/revisions"}],"predecessor-version":[{"id":66920,"href":"https:\/\/neoergoxeiro.gr\/es\/wp-json\/wp\/v2\/product\/47763\/revisions\/66920"}],"wp:featuredmedia":[{"embeddable":true,"href":"https:\/\/neoergoxeiro.gr\/es\/wp-json\/wp\/v2\/media\/47764"}],"wp:attachment":[{"href":"https:\/\/neoergoxeiro.gr\/es\/wp-json\/wp\/v2\/media?parent=47763"}],"wp:term":[{"taxonomy":"product_brand","embeddable":true,"href":"https:\/\/neoergoxeiro.gr\/es\/wp-json\/wp\/v2\/product_brand?post=47763"},{"taxonomy":"product_cat","embeddable":true,"href":"https:\/\/neoergoxeiro.gr\/es\/wp-json\/wp\/v2\/product_cat?post=47763"},{"taxonomy":"product_tag","embeddable":true,"href":"https:\/\/neoergoxeiro.gr\/es\/wp-json\/wp\/v2\/product_tag?post=47763"}],"curies":[{"name":"wp","href":"https:\/\/api.w.org\/{rel}","templated":true}]}}