{"id":48194,"date":"2024-10-31T09:46:25","date_gmt":"2024-10-31T09:46:25","guid":{"rendered":"https:\/\/neoergoxeiro.gr\/?product=k%ce%ad%ce%bd%cf%84%ce%b7%ce%bc%ce%b1%cf%84%ce%b1-regina-14"},"modified":"2025-11-10T10:42:59","modified_gmt":"2025-11-10T08:42:59","slug":"k%ce%ad%ce%bd%cf%84%ce%b7%ce%bc%ce%b1%cf%84%ce%b1-regina-14","status":"publish","type":"product","link":"https:\/\/neoergoxeiro.gr\/es\/producto\/k%ce%ad%ce%bd%cf%84%ce%b7%ce%bc%ce%b1%cf%84%ce%b1-regina-14\/","title":{"rendered":"Habitaciones Regina"},"content":{"rendered":"<p><strong>Bordado sobre bordado Regina<\/strong><\/p>\n<p>El bordado est\u00e1 cosido sobre un tejido de color plateado (44 puntadas en 10 cm), y est\u00e1 cosido con color para facilitar el bordado.<\/p>\n<p>Puede bordarlo con Mouline Dmc art 117 o con Cotton Perle Dmc art 116.<\/p>\n<p>Bordado - instrucciones de lavado:<\/p>\n<p>Despu\u00e9s de bordar nuestra manualidad, la lavaremos bajo el grifo de agua fr\u00eda, as\u00ed:<\/p>\n<ol>\n<li>Para eliminar los restos de color que suelen dejar las pinturas duras (burdeos - azul oscuro - negro)<\/li>\n<li>Para estabilizar mejor los tintes de los hilos. A continuaci\u00f3n, pasar cualquier encaje - trenzas - chintz - gasa - gasa, que tambi\u00e9n se debe lavar antes de dorar.<\/li>\n<\/ol>","protected":false},"excerpt":{"rendered":"<p>En los siguientes bordados puede elegir todo el conjunto o s\u00f3lo el bordado que le interese, con o sin los hilos.<\/p>\n<p>El juego completo de hilos incluye 80 piezas de Mouline a un precio de (0,80 por pieza).<\/p>\n<p>El hilo transversal incluye 16 piezas de Mouline a un precio de (0,80 por pieza).<br \/>\nEl marco de hilo contiene 20 piezas de Mouline a un precio de (0,80 por pieza).<br \/>\nEl juego de hilos incluye 14 piezas de Mouline a un precio de (0,80 por pieza).<br \/>\nEl Marco de mesa con hilos incluye 22 piezas de Mouline con un precio de (0,80 por pieza).<br \/>\nLa bolsa de hilo contiene 8 piezas de Mouline a un precio de (0,80 por pieza).<\/p>\n<p>Prefiera el paquete con todos los hilos para que todos los colores sean del mismo lote para evitar alteraciones debidas a los lotes de tinte.<\/p>","protected":false},"featured_media":48195,"template":"","meta":[],"product_brand":[],"product_cat":[152],"product_tag":[],"class_list":{"0":"post-48194","1":"product","2":"type-product","3":"status-publish","4":"has-post-thumbnail","6":"product_cat-regina-kentimata","8":"first","9":"instock","10":"taxable","11":"shipping-taxable","12":"purchasable","13":"product-type-variable"},"_links":{"self":[{"href":"https:\/\/neoergoxeiro.gr\/es\/wp-json\/wp\/v2\/product\/48194","targetHints":{"allow":["GET"]}}],"collection":[{"href":"https:\/\/neoergoxeiro.gr\/es\/wp-json\/wp\/v2\/product"}],"about":[{"href":"https:\/\/neoergoxeiro.gr\/es\/wp-json\/wp\/v2\/types\/product"}],"version-history":[{"count":1,"href":"https:\/\/neoergoxeiro.gr\/es\/wp-json\/wp\/v2\/product\/48194\/revisions"}],"predecessor-version":[{"id":67040,"href":"https:\/\/neoergoxeiro.gr\/es\/wp-json\/wp\/v2\/product\/48194\/revisions\/67040"}],"wp:featuredmedia":[{"embeddable":true,"href":"https:\/\/neoergoxeiro.gr\/es\/wp-json\/wp\/v2\/media\/48195"}],"wp:attachment":[{"href":"https:\/\/neoergoxeiro.gr\/es\/wp-json\/wp\/v2\/media?parent=48194"}],"wp:term":[{"taxonomy":"product_brand","embeddable":true,"href":"https:\/\/neoergoxeiro.gr\/es\/wp-json\/wp\/v2\/product_brand?post=48194"},{"taxonomy":"product_cat","embeddable":true,"href":"https:\/\/neoergoxeiro.gr\/es\/wp-json\/wp\/v2\/product_cat?post=48194"},{"taxonomy":"product_tag","embeddable":true,"href":"https:\/\/neoergoxeiro.gr\/es\/wp-json\/wp\/v2\/product_tag?post=48194"}],"curies":[{"name":"wp","href":"https:\/\/api.w.org\/{rel}","templated":true}]}}