{"id":49382,"date":"2024-11-02T12:03:04","date_gmt":"2024-11-02T12:03:04","guid":{"rendered":"https:\/\/neoergoxeiro.gr\/?product=%ce%ba%ce%bf%cf%81%ce%b4%cf%8c%ce%bd%ce%b9-%ce%b3%ce%b9%ce%b1-%cf%84%cf%83%ce%ac%ce%bd%cf%84%ce%b1-53"},"modified":"2025-11-11T10:17:59","modified_gmt":"2025-11-11T08:17:59","slug":"%ce%ba%ce%bf%cf%81%ce%b4%cf%8c%ce%bd%ce%b9-%ce%b3%ce%b9%ce%b1-%cf%84%cf%83%ce%ac%ce%bd%cf%84%ce%b1-53","status":"publish","type":"product","link":"https:\/\/neoergoxeiro.gr\/es\/producto\/%ce%ba%ce%bf%cf%81%ce%b4%cf%8c%ce%bd%ce%b9-%ce%b3%ce%b9%ce%b1-%cf%84%cf%83%ce%ac%ce%bd%cf%84%ce%b1-53\/","title":{"rendered":"Cord\u00f3n para bolsa"},"content":{"rendered":"","protected":false},"excerpt":{"rendered":"<p>Cord\u00f3n de polipropileno para construcciones de macram\u00e9 para bolsos y mucho m\u00e1s.<\/p>\n<p>2 mm<\/p>\n<p>200 gramos - 230 metros con la puntada N3 recomendada.<\/p>\n<p>3 mm<\/p>\n<p>250 gramos - 130 metros con la puntada N4 recomendada.<\/p>","protected":false},"featured_media":49383,"template":"","meta":[],"product_brand":[],"product_cat":[144],"product_tag":[],"class_list":{"0":"post-49382","1":"product","2":"type-product","3":"status-publish","4":"has-post-thumbnail","6":"product_cat-hobby-trend-macrame-pp-nimata-tsantas","8":"first","9":"instock","10":"taxable","11":"shipping-taxable","12":"purchasable","13":"product-type-variable"},"_links":{"self":[{"href":"https:\/\/neoergoxeiro.gr\/es\/wp-json\/wp\/v2\/product\/49382","targetHints":{"allow":["GET"]}}],"collection":[{"href":"https:\/\/neoergoxeiro.gr\/es\/wp-json\/wp\/v2\/product"}],"about":[{"href":"https:\/\/neoergoxeiro.gr\/es\/wp-json\/wp\/v2\/types\/product"}],"version-history":[{"count":1,"href":"https:\/\/neoergoxeiro.gr\/es\/wp-json\/wp\/v2\/product\/49382\/revisions"}],"predecessor-version":[{"id":64008,"href":"https:\/\/neoergoxeiro.gr\/es\/wp-json\/wp\/v2\/product\/49382\/revisions\/64008"}],"wp:featuredmedia":[{"embeddable":true,"href":"https:\/\/neoergoxeiro.gr\/es\/wp-json\/wp\/v2\/media\/49383"}],"wp:attachment":[{"href":"https:\/\/neoergoxeiro.gr\/es\/wp-json\/wp\/v2\/media?parent=49382"}],"wp:term":[{"taxonomy":"product_brand","embeddable":true,"href":"https:\/\/neoergoxeiro.gr\/es\/wp-json\/wp\/v2\/product_brand?post=49382"},{"taxonomy":"product_cat","embeddable":true,"href":"https:\/\/neoergoxeiro.gr\/es\/wp-json\/wp\/v2\/product_cat?post=49382"},{"taxonomy":"product_tag","embeddable":true,"href":"https:\/\/neoergoxeiro.gr\/es\/wp-json\/wp\/v2\/product_tag?post=49382"}],"curies":[{"name":"wp","href":"https:\/\/api.w.org\/{rel}","templated":true}]}}