{"id":50287,"date":"2024-11-15T14:47:51","date_gmt":"2024-11-15T14:47:51","guid":{"rendered":"https:\/\/neoergoxeiro.gr\/?product=%ce%ba%ce%bf%cf%81%ce%b4%cf%8c%ce%bd%ce%b9-%ce%b3%ce%b9%ce%b1-%cf%84%cf%83%ce%ac%ce%bd%cf%84%ce%b1-59"},"modified":"2025-12-01T10:25:22","modified_gmt":"2025-12-01T08:25:22","slug":"kordoni-gia-tsanta-59","status":"publish","type":"product","link":"https:\/\/neoergoxeiro.gr\/es\/producto\/kordoni-gia-tsanta-59\/","title":{"rendered":"Cord\u00f3n para bolsa"},"content":{"rendered":"","protected":false},"excerpt":{"rendered":"<p>Cord\u00f3n para bolsos, manualidades, macram\u00e9.<br \/>\n2 mm<\/p>\n<p>85% poli\u00e9ster - 15% purpurina.<br \/>\n200 gramos 185 metros.<br \/>\nAguja N3.<\/p>","protected":false},"featured_media":50288,"template":"","meta":[],"product_brand":[],"product_cat":[129,146],"product_tag":[],"class_list":{"0":"post-50287","1":"product","2":"type-product","3":"status-publish","4":"has-post-thumbnail","6":"product_cat-hobby-trend-macrame-multiglitter-pp","7":"product_cat-hobby-trend-macrame-multiglitter-pp-nimata-tsantas","9":"first","10":"instock","11":"taxable","12":"shipping-taxable","13":"purchasable","14":"product-type-simple"},"_links":{"self":[{"href":"https:\/\/neoergoxeiro.gr\/es\/wp-json\/wp\/v2\/product\/50287","targetHints":{"allow":["GET"]}}],"collection":[{"href":"https:\/\/neoergoxeiro.gr\/es\/wp-json\/wp\/v2\/product"}],"about":[{"href":"https:\/\/neoergoxeiro.gr\/es\/wp-json\/wp\/v2\/types\/product"}],"version-history":[{"count":1,"href":"https:\/\/neoergoxeiro.gr\/es\/wp-json\/wp\/v2\/product\/50287\/revisions"}],"predecessor-version":[{"id":64002,"href":"https:\/\/neoergoxeiro.gr\/es\/wp-json\/wp\/v2\/product\/50287\/revisions\/64002"}],"wp:featuredmedia":[{"embeddable":true,"href":"https:\/\/neoergoxeiro.gr\/es\/wp-json\/wp\/v2\/media\/50288"}],"wp:attachment":[{"href":"https:\/\/neoergoxeiro.gr\/es\/wp-json\/wp\/v2\/media?parent=50287"}],"wp:term":[{"taxonomy":"product_brand","embeddable":true,"href":"https:\/\/neoergoxeiro.gr\/es\/wp-json\/wp\/v2\/product_brand?post=50287"},{"taxonomy":"product_cat","embeddable":true,"href":"https:\/\/neoergoxeiro.gr\/es\/wp-json\/wp\/v2\/product_cat?post=50287"},{"taxonomy":"product_tag","embeddable":true,"href":"https:\/\/neoergoxeiro.gr\/es\/wp-json\/wp\/v2\/product_tag?post=50287"}],"curies":[{"name":"wp","href":"https:\/\/api.w.org\/{rel}","templated":true}]}}