{"id":51781,"date":"2024-12-12T10:07:48","date_gmt":"2024-12-12T10:07:48","guid":{"rendered":"https:\/\/neoergoxeiro.gr\/?product=himalaya-dolphin-baby-80302"},"modified":"2026-03-18T09:00:26","modified_gmt":"2026-03-18T07:00:26","slug":"himalaya-dolphin-baby-80302","status":"publish","type":"product","link":"https:\/\/neoergoxeiro.gr\/es\/producto\/himalaya-dolphin-baby-80302\/","title":{"rendered":"Delf\u00edn del Himalaya Baby - 80302"},"content":{"rendered":"<p>El Himalaya Dolphin Baby - 80302 es la herramienta definitiva para todo entusiasta de la costura y el bordado. Fabricada con materiales de alta calidad, presenta una resistencia y durabilidad excepcionales. Con la Himalaya Dolphin Baby - 80302, podr\u00e1 crear prendas \u00fanicas, colchas y art\u00edculos decorativos con facilidad y precisi\u00f3n. Descubra las ilimitadas posibilidades que le ofrece la Himalaya Dolphin Baby - 80302 y d\u00e9 vida a sus creaciones. Cons\u00edgalo ahora y exprese su imaginaci\u00f3n con estilo y calidad.<\/p>","protected":false},"excerpt":{"rendered":"<p>Himalaya Dolphin Baby - 80302 es un producto \u00fanico para coser y bordar a mano. Disfrute de la facilidad y calidad que aporta a cada proyecto creativo. Ideal para bordadoras profesionales y aficionadas.<\/p>","protected":false},"featured_media":51782,"template":"","meta":[],"product_brand":[],"product_cat":[122],"product_tag":[],"class_list":{"0":"post-51781","1":"product","2":"type-product","3":"status-publish","4":"has-post-thumbnail","6":"product_cat-himalaya-dolphin-baby","8":"first","9":"outofstock","10":"taxable","11":"shipping-taxable","12":"purchasable","13":"product-type-simple"},"_links":{"self":[{"href":"https:\/\/neoergoxeiro.gr\/es\/wp-json\/wp\/v2\/product\/51781","targetHints":{"allow":["GET"]}}],"collection":[{"href":"https:\/\/neoergoxeiro.gr\/es\/wp-json\/wp\/v2\/product"}],"about":[{"href":"https:\/\/neoergoxeiro.gr\/es\/wp-json\/wp\/v2\/types\/product"}],"version-history":[{"count":1,"href":"https:\/\/neoergoxeiro.gr\/es\/wp-json\/wp\/v2\/product\/51781\/revisions"}],"predecessor-version":[{"id":62151,"href":"https:\/\/neoergoxeiro.gr\/es\/wp-json\/wp\/v2\/product\/51781\/revisions\/62151"}],"wp:featuredmedia":[{"embeddable":true,"href":"https:\/\/neoergoxeiro.gr\/es\/wp-json\/wp\/v2\/media\/51782"}],"wp:attachment":[{"href":"https:\/\/neoergoxeiro.gr\/es\/wp-json\/wp\/v2\/media?parent=51781"}],"wp:term":[{"taxonomy":"product_brand","embeddable":true,"href":"https:\/\/neoergoxeiro.gr\/es\/wp-json\/wp\/v2\/product_brand?post=51781"},{"taxonomy":"product_cat","embeddable":true,"href":"https:\/\/neoergoxeiro.gr\/es\/wp-json\/wp\/v2\/product_cat?post=51781"},{"taxonomy":"product_tag","embeddable":true,"href":"https:\/\/neoergoxeiro.gr\/es\/wp-json\/wp\/v2\/product_tag?post=51781"}],"curies":[{"name":"wp","href":"https:\/\/api.w.org\/{rel}","templated":true}]}}