{"id":52370,"date":"2024-12-20T11:50:12","date_gmt":"2024-12-20T11:50:12","guid":{"rendered":"https:\/\/neoergoxeiro.gr\/?product=%cf%80%cf%84%cf%85%cf%83%cf%83%cf%8c%ce%bc%ce%b5%ce%bd%ce%b5%cf%82-%ce%ba%ce%bb%ce%b5%ce%b9%ce%b4%ce%b1%cf%81%ce%b9%ce%ad%cf%82"},"modified":"2025-11-11T10:17:56","modified_gmt":"2025-11-11T08:17:56","slug":"%cf%80%cf%84%cf%85%cf%83%cf%83%cf%8c%ce%bc%ce%b5%ce%bd%ce%b5%cf%82-%ce%ba%ce%bb%ce%b5%ce%b9%ce%b4%ce%b1%cf%81%ce%b9%ce%ad%cf%82","status":"publish","type":"product","link":"https:\/\/neoergoxeiro.gr\/es\/producto\/%cf%80%cf%84%cf%85%cf%83%cf%83%cf%8c%ce%bc%ce%b5%ce%bd%ce%b5%cf%82-%ce%ba%ce%bb%ce%b5%ce%b9%ce%b4%ce%b1%cf%81%ce%b9%ce%ad%cf%82\/","title":{"rendered":"Cerraduras plegables"},"content":{"rendered":"<p>Los candados plegables son el accesorio imprescindible para todos sus bolsos. Fabricados en material resistente, ofrecen seguridad y estilo a su atuendo diario. Ya sea para un paseo rom\u00e1ntico por la ciudad o para salir por la noche, estos candados acaparar\u00e1n todas las miradas. F\u00e1ciles de abrir y cerrar, se pueden colocar en cualquier parte del bolso para que resulten m\u00e1s pr\u00e1cticos. Mejore el estilo y la funcionalidad de su bolso con estos candados plegables.<\/p>","protected":false},"excerpt":{"rendered":"<p>Los candados plegables son el accesorio imprescindible para sus bolsos. Garantizan seguridad y estilo, ya que pueden fijarse f\u00e1cilmente a cualquier tipo de bolso. Con un acabado de alta calidad y un dise\u00f1o moderno, los candados plegables son el complemento perfecto para cualquier fashionista.<\/p>","protected":false},"featured_media":52371,"template":"","meta":[],"product_brand":[],"product_cat":[106],"product_tag":[],"class_list":{"0":"post-52370","1":"product","2":"type-product","3":"status-publish","4":"has-post-thumbnail","6":"product_cat-aksesouartsantas","8":"first","9":"instock","10":"taxable","11":"shipping-taxable","12":"product-type-variable"},"_links":{"self":[{"href":"https:\/\/neoergoxeiro.gr\/es\/wp-json\/wp\/v2\/product\/52370","targetHints":{"allow":["GET"]}}],"collection":[{"href":"https:\/\/neoergoxeiro.gr\/es\/wp-json\/wp\/v2\/product"}],"about":[{"href":"https:\/\/neoergoxeiro.gr\/es\/wp-json\/wp\/v2\/types\/product"}],"version-history":[{"count":2,"href":"https:\/\/neoergoxeiro.gr\/es\/wp-json\/wp\/v2\/product\/52370\/revisions"}],"predecessor-version":[{"id":62283,"href":"https:\/\/neoergoxeiro.gr\/es\/wp-json\/wp\/v2\/product\/52370\/revisions\/62283"}],"wp:featuredmedia":[{"embeddable":true,"href":"https:\/\/neoergoxeiro.gr\/es\/wp-json\/wp\/v2\/media\/52371"}],"wp:attachment":[{"href":"https:\/\/neoergoxeiro.gr\/es\/wp-json\/wp\/v2\/media?parent=52370"}],"wp:term":[{"taxonomy":"product_brand","embeddable":true,"href":"https:\/\/neoergoxeiro.gr\/es\/wp-json\/wp\/v2\/product_brand?post=52370"},{"taxonomy":"product_cat","embeddable":true,"href":"https:\/\/neoergoxeiro.gr\/es\/wp-json\/wp\/v2\/product_cat?post=52370"},{"taxonomy":"product_tag","embeddable":true,"href":"https:\/\/neoergoxeiro.gr\/es\/wp-json\/wp\/v2\/product_tag?post=52370"}],"curies":[{"name":"wp","href":"https:\/\/api.w.org\/{rel}","templated":true}]}}