{"id":52385,"date":"2024-12-20T12:13:43","date_gmt":"2024-12-20T12:13:43","guid":{"rendered":"https:\/\/neoergoxeiro.gr\/?product=%ce%bd%cf%8d%cf%87%ce%b9%ce%b1-%ce%b2%ce%ac%cf%83%ce%b7%cf%82-2"},"modified":"2025-11-11T10:17:56","modified_gmt":"2025-11-11T08:17:56","slug":"%ce%bd%cf%8d%cf%87%ce%b9%ce%b1-%ce%b2%ce%ac%cf%83%ce%b7%cf%82-2","status":"publish","type":"product","link":"https:\/\/neoergoxeiro.gr\/es\/producto\/%ce%bd%cf%8d%cf%87%ce%b9%ce%b1-%ce%b2%ce%ac%cf%83%ce%b7%cf%82-2\/","title":{"rendered":"Anillas para bolsas 35 mm"},"content":{"rendered":"<p>Las anillas para bolsas de 35 mm son el complemento perfecto para cualquier bolsa. Fabricadas con un material duradero, ofrecen una soluci\u00f3n elegante para organizar sus pertenencias. F\u00e1ciles de poner y quitar, estas anillas ofrecen comodidad y funcionalidad. Con una selecci\u00f3n de diferentes dise\u00f1os y colores, puede personalizar su bolso a su manera. Hechas para resistir el paso del tiempo y a\u00f1adir estilo, las anillas para bolso de 35 mm son la elecci\u00f3n perfecta para quienes buscan practicidad y elegancia en un solo producto.<\/p>","protected":false},"excerpt":{"rendered":"<p>Las anillas para bolsos de 35 mm son el accesorio perfecto para cualquier bolso. A\u00f1aden estilo y funcionalidad, manteniendo tu bolso organizado y llamativo.<\/p>","protected":false},"featured_media":52386,"template":"","meta":[],"product_brand":[],"product_cat":[106],"product_tag":[],"class_list":{"0":"post-52385","1":"product","2":"type-product","3":"status-publish","4":"has-post-thumbnail","6":"product_cat-aksesouartsantas","8":"first","9":"instock","10":"taxable","11":"shipping-taxable","12":"purchasable","13":"product-type-variable"},"_links":{"self":[{"href":"https:\/\/neoergoxeiro.gr\/es\/wp-json\/wp\/v2\/product\/52385","targetHints":{"allow":["GET"]}}],"collection":[{"href":"https:\/\/neoergoxeiro.gr\/es\/wp-json\/wp\/v2\/product"}],"about":[{"href":"https:\/\/neoergoxeiro.gr\/es\/wp-json\/wp\/v2\/types\/product"}],"version-history":[{"count":4,"href":"https:\/\/neoergoxeiro.gr\/es\/wp-json\/wp\/v2\/product\/52385\/revisions"}],"predecessor-version":[{"id":62402,"href":"https:\/\/neoergoxeiro.gr\/es\/wp-json\/wp\/v2\/product\/52385\/revisions\/62402"}],"wp:featuredmedia":[{"embeddable":true,"href":"https:\/\/neoergoxeiro.gr\/es\/wp-json\/wp\/v2\/media\/52386"}],"wp:attachment":[{"href":"https:\/\/neoergoxeiro.gr\/es\/wp-json\/wp\/v2\/media?parent=52385"}],"wp:term":[{"taxonomy":"product_brand","embeddable":true,"href":"https:\/\/neoergoxeiro.gr\/es\/wp-json\/wp\/v2\/product_brand?post=52385"},{"taxonomy":"product_cat","embeddable":true,"href":"https:\/\/neoergoxeiro.gr\/es\/wp-json\/wp\/v2\/product_cat?post=52385"},{"taxonomy":"product_tag","embeddable":true,"href":"https:\/\/neoergoxeiro.gr\/es\/wp-json\/wp\/v2\/product_tag?post=52385"}],"curies":[{"name":"wp","href":"https:\/\/api.w.org\/{rel}","templated":true}]}}