{"id":52387,"date":"2024-12-20T12:19:05","date_gmt":"2024-12-20T12:19:05","guid":{"rendered":"https:\/\/neoergoxeiro.gr\/?product=%ce%b3%ce%ac%ce%bd%cf%84%ce%b6%ce%bf%cf%82-%ce%ba%ce%bf%cf%85%ce%bc%cf%80%cf%8e%ce%bc%ce%b1%cf%84%ce%bf%cf%82"},"modified":"2025-11-11T10:17:56","modified_gmt":"2025-11-11T08:17:56","slug":"%ce%b3%ce%ac%ce%bd%cf%84%ce%b6%ce%bf%cf%82-%ce%ba%ce%bf%cf%85%ce%bc%cf%80%cf%8e%ce%bc%ce%b1%cf%84%ce%bf%cf%82","status":"publish","type":"product","link":"https:\/\/neoergoxeiro.gr\/es\/producto\/%ce%b3%ce%ac%ce%bd%cf%84%ce%b6%ce%bf%cf%82-%ce%ba%ce%bf%cf%85%ce%bc%cf%80%cf%8e%ce%bc%ce%b1%cf%84%ce%bf%cf%82\/","title":{"rendered":"Gancho para botones"},"content":{"rendered":"<p>El mosquet\u00f3n es un accesorio pr\u00e1ctico y fiable para su bolso. Fabricado con material resistente, ofrece un cierre seguro y un uso sencillo. Con el mosquet\u00f3n, podr\u00e1 mantener sus pertenencias ordenadas y seguras durante todo el d\u00eda. Adem\u00e1s, es la soluci\u00f3n perfecta para a\u00f1adir un toque de estilo y singularidad a su bolso. Consiga el mosquet\u00f3n hoy mismo y disfrute de la comodidad y practicidad que ofrece.<\/p>","protected":false},"excerpt":{"rendered":"<p>El mosquet\u00f3n es el accesorio perfecto para su bolso. Con un cierre seguro y f\u00e1cil, ofrece comodidad y practicidad. Es un accesorio esencial para todo amante de la costura y la creatividad.<\/p>","protected":false},"featured_media":52388,"template":"","meta":[],"product_brand":[],"product_cat":[106],"product_tag":[],"class_list":{"0":"post-52387","1":"product","2":"type-product","3":"status-publish","4":"has-post-thumbnail","6":"product_cat-aksesouartsantas","8":"first","9":"instock","10":"taxable","11":"shipping-taxable","12":"purchasable","13":"product-type-variable"},"_links":{"self":[{"href":"https:\/\/neoergoxeiro.gr\/es\/wp-json\/wp\/v2\/product\/52387","targetHints":{"allow":["GET"]}}],"collection":[{"href":"https:\/\/neoergoxeiro.gr\/es\/wp-json\/wp\/v2\/product"}],"about":[{"href":"https:\/\/neoergoxeiro.gr\/es\/wp-json\/wp\/v2\/types\/product"}],"version-history":[{"count":15,"href":"https:\/\/neoergoxeiro.gr\/es\/wp-json\/wp\/v2\/product\/52387\/revisions"}],"predecessor-version":[{"id":62389,"href":"https:\/\/neoergoxeiro.gr\/es\/wp-json\/wp\/v2\/product\/52387\/revisions\/62389"}],"wp:featuredmedia":[{"embeddable":true,"href":"https:\/\/neoergoxeiro.gr\/es\/wp-json\/wp\/v2\/media\/52388"}],"wp:attachment":[{"href":"https:\/\/neoergoxeiro.gr\/es\/wp-json\/wp\/v2\/media?parent=52387"}],"wp:term":[{"taxonomy":"product_brand","embeddable":true,"href":"https:\/\/neoergoxeiro.gr\/es\/wp-json\/wp\/v2\/product_brand?post=52387"},{"taxonomy":"product_cat","embeddable":true,"href":"https:\/\/neoergoxeiro.gr\/es\/wp-json\/wp\/v2\/product_cat?post=52387"},{"taxonomy":"product_tag","embeddable":true,"href":"https:\/\/neoergoxeiro.gr\/es\/wp-json\/wp\/v2\/product_tag?post=52387"}],"curies":[{"name":"wp","href":"https:\/\/api.w.org\/{rel}","templated":true}]}}