{"id":52399,"date":"2024-12-21T09:38:42","date_gmt":"2024-12-21T09:38:42","guid":{"rendered":"https:\/\/neoergoxeiro.gr\/?product=%cf%83%ce%b5%cf%84-%ce%ba%ce%bf%cf%85%ce%bc%cf%80%cf%89%cf%84%cf%8e%ce%bd-%ce%b3%ce%ac%ce%bd%cf%84%ce%b6%cf%89%ce%bd-%cf%80%ce%bb%ce%b1%cf%83%cf%84%ce%b9%ce%ba%cf%8c"},"modified":"2025-11-11T10:17:56","modified_gmt":"2025-11-11T08:17:56","slug":"%cf%83%ce%b5%cf%84-%ce%ba%ce%bf%cf%85%ce%bc%cf%80%cf%89%cf%84%cf%8e%ce%bd-%ce%b3%ce%ac%ce%bd%cf%84%ce%b6%cf%89%ce%bd-%cf%80%ce%bb%ce%b1%cf%83%cf%84%ce%b9%ce%ba%cf%8c","status":"publish","type":"product","link":"https:\/\/neoergoxeiro.gr\/es\/producto\/%cf%83%ce%b5%cf%84-%ce%ba%ce%bf%cf%85%ce%bc%cf%80%cf%89%cf%84%cf%8e%ce%bd-%ce%b3%ce%ac%ce%bd%cf%84%ce%b6%cf%89%ce%bd-%cf%80%ce%bb%ce%b1%cf%83%cf%84%ce%b9%ce%ba%cf%8c\/","title":{"rendered":"Juego de mosquetones, pl\u00e1stico"},"content":{"rendered":"<p>El juego de mosquetones de pl\u00e1stico es la perfecci\u00f3n para organizar su bolso. Este pr\u00e1ctico accesorio le permite mantener sus objetos personales ordenados y f\u00e1cilmente accesibles. Fabricados en pl\u00e1stico resistente, los mosquetones son seguros y f\u00e1ciles de usar. Con el juego de mosquetones, podr\u00e1 ajustar f\u00e1cilmente las correas de su bolso, garantizando comodidad y estilo. <\/p>\n<p>**Caracter\u00edsticas:<br \/>\n- Material pl\u00e1stico de alta calidad<br \/>\n- Duradero y f\u00e1cil de usar<br \/>\n- Ideal para ajustar la correa del bolso<\/p>\n<p>**Beneficios**:<br \/>\n- Organizaci\u00f3n y seguridad para sus efectos personales<br \/>\n- F\u00e1cil ajuste de las correas de la bolsa<\/p>\n<p>No te dejes ning\u00fan objeto. \u00a1Consigue el set de mosquetones de pl\u00e1stico y disfruta de comodidad y organizaci\u00f3n en cada movimiento!<\/p>","protected":false},"excerpt":{"rendered":"<p>El juego de mosquetones de pl\u00e1stico es el accesorio esencial para su bolso. Mantenga sus pertenencias organizadas y seguras sin preocuparse por los objetos perdidos. Perfecto para ajustar f\u00e1cilmente las correas de tu bolso y mantenerlo en su sitio.<\/p>","protected":false},"featured_media":52400,"template":"","meta":[],"product_brand":[],"product_cat":[106],"product_tag":[],"class_list":{"0":"post-52399","1":"product","2":"type-product","3":"status-publish","4":"has-post-thumbnail","6":"product_cat-aksesouartsantas","8":"first","9":"instock","10":"taxable","11":"shipping-taxable","12":"purchasable","13":"product-type-variable"},"_links":{"self":[{"href":"https:\/\/neoergoxeiro.gr\/es\/wp-json\/wp\/v2\/product\/52399","targetHints":{"allow":["GET"]}}],"collection":[{"href":"https:\/\/neoergoxeiro.gr\/es\/wp-json\/wp\/v2\/product"}],"about":[{"href":"https:\/\/neoergoxeiro.gr\/es\/wp-json\/wp\/v2\/types\/product"}],"version-history":[{"count":3,"href":"https:\/\/neoergoxeiro.gr\/es\/wp-json\/wp\/v2\/product\/52399\/revisions"}],"predecessor-version":[{"id":62375,"href":"https:\/\/neoergoxeiro.gr\/es\/wp-json\/wp\/v2\/product\/52399\/revisions\/62375"}],"wp:featuredmedia":[{"embeddable":true,"href":"https:\/\/neoergoxeiro.gr\/es\/wp-json\/wp\/v2\/media\/52400"}],"wp:attachment":[{"href":"https:\/\/neoergoxeiro.gr\/es\/wp-json\/wp\/v2\/media?parent=52399"}],"wp:term":[{"taxonomy":"product_brand","embeddable":true,"href":"https:\/\/neoergoxeiro.gr\/es\/wp-json\/wp\/v2\/product_brand?post=52399"},{"taxonomy":"product_cat","embeddable":true,"href":"https:\/\/neoergoxeiro.gr\/es\/wp-json\/wp\/v2\/product_cat?post=52399"},{"taxonomy":"product_tag","embeddable":true,"href":"https:\/\/neoergoxeiro.gr\/es\/wp-json\/wp\/v2\/product_tag?post=52399"}],"curies":[{"name":"wp","href":"https:\/\/api.w.org\/{rel}","templated":true}]}}