{"id":52410,"date":"2024-12-21T10:42:57","date_gmt":"2024-12-21T10:42:57","guid":{"rendered":"https:\/\/neoergoxeiro.gr\/?product=%cf%84%cf%83%ce%ac%ce%bd%cf%84%ce%b1-%ce%bc%ce%b5-%ce%b8%ce%b7%ce%bb%ce%b9%ce%ac-victoria-%ce%b1%cf%83%ce%b7%ce%bc%ce%af"},"modified":"2025-10-12T13:38:18","modified_gmt":"2025-10-12T11:38:18","slug":"%cf%84%cf%83%ce%ac%ce%bd%cf%84%ce%b1-%ce%bc%ce%b5-%ce%b8%ce%b7%ce%bb%ce%b9%ce%ac-victoria-%ce%b1%cf%83%ce%b7%ce%bc%ce%af","status":"publish","type":"product","link":"https:\/\/neoergoxeiro.gr\/es\/producto\/%cf%84%cf%83%ce%ac%ce%bd%cf%84%ce%b1-%ce%bc%ce%b5-%ce%b8%ce%b7%ce%bb%ce%b9%ce%ac-victoria-%ce%b1%cf%83%ce%b7%ce%bc%ce%af\/","title":{"rendered":"Bolsa con lazo Victoria, plata"},"content":{"rendered":"<p>La bolsa de lazo Victoria en color plata es la mejora definitiva para tu bolso. Fabricada con materiales de alta calidad, presenta un dise\u00f1o elegante y funcional. Con el lazo Victoria, podr\u00e1 colgar f\u00e1cilmente anillos, accesorios decorativos o incluso su bolso para acceder r\u00e1pidamente a ellos. Mejore su estilo con esta pr\u00e1ctica y elegante presilla. Perfecto para el d\u00eda a d\u00eda o para ocasiones especiales, el lazo para bolso Victoria es un accesorio imprescindible. Caracter\u00edsticas: Metal - Color: Plata - Construcci\u00f3n elegante y duradera - Perfecto para anillos, accesorios decorativos y bolsos - Mantiene sus pertenencias organizadas y f\u00e1cilmente accesibles. Actualice su bolso con el lazo Victoria y a\u00f1ada un estilo \u00fanico a cualquier look.<\/p>","protected":false},"excerpt":{"rendered":"<p>El bolso de lazo plateado Victoria es el complemento perfecto para tu bolsa de accesorios. Con un dise\u00f1o elegante y una construcci\u00f3n duradera, ofrece estilo y funcionalidad a cualquier look. Perfecta para colgar anillos o accesorios decorativos, mantiene tus pertenencias organizadas y f\u00e1cilmente accesibles.<\/p>","protected":false},"featured_media":52411,"template":"","meta":[],"product_brand":[],"product_cat":[106],"product_tag":[],"class_list":{"0":"post-52410","1":"product","2":"type-product","3":"status-publish","4":"has-post-thumbnail","6":"product_cat-aksesouartsantas","8":"first","9":"instock","10":"taxable","11":"shipping-taxable","12":"purchasable","13":"product-type-simple"},"_links":{"self":[{"href":"https:\/\/neoergoxeiro.gr\/es\/wp-json\/wp\/v2\/product\/52410","targetHints":{"allow":["GET"]}}],"collection":[{"href":"https:\/\/neoergoxeiro.gr\/es\/wp-json\/wp\/v2\/product"}],"about":[{"href":"https:\/\/neoergoxeiro.gr\/es\/wp-json\/wp\/v2\/types\/product"}],"version-history":[{"count":1,"href":"https:\/\/neoergoxeiro.gr\/es\/wp-json\/wp\/v2\/product\/52410\/revisions"}],"predecessor-version":[{"id":62301,"href":"https:\/\/neoergoxeiro.gr\/es\/wp-json\/wp\/v2\/product\/52410\/revisions\/62301"}],"wp:featuredmedia":[{"embeddable":true,"href":"https:\/\/neoergoxeiro.gr\/es\/wp-json\/wp\/v2\/media\/52411"}],"wp:attachment":[{"href":"https:\/\/neoergoxeiro.gr\/es\/wp-json\/wp\/v2\/media?parent=52410"}],"wp:term":[{"taxonomy":"product_brand","embeddable":true,"href":"https:\/\/neoergoxeiro.gr\/es\/wp-json\/wp\/v2\/product_brand?post=52410"},{"taxonomy":"product_cat","embeddable":true,"href":"https:\/\/neoergoxeiro.gr\/es\/wp-json\/wp\/v2\/product_cat?post=52410"},{"taxonomy":"product_tag","embeddable":true,"href":"https:\/\/neoergoxeiro.gr\/es\/wp-json\/wp\/v2\/product_tag?post=52410"}],"curies":[{"name":"wp","href":"https:\/\/api.w.org\/{rel}","templated":true}]}}