{"id":52416,"date":"2024-12-21T10:49:28","date_gmt":"2024-12-21T10:49:28","guid":{"rendered":"https:\/\/neoergoxeiro.gr\/?product=%cf%87%ce%b5%cf%81%ce%bf%cf%8d%ce%bb%ce%b9-%cf%84%cf%83%ce%ac%ce%bd%cf%84%ce%b1%cf%82-mia-%cf%83%ce%b5-%ce%b1%cf%83%ce%b7%ce%bc%ce%af-%cf%87%cf%81%cf%8e%ce%bc%ce%b1"},"modified":"2025-10-12T13:38:18","modified_gmt":"2025-10-12T11:38:18","slug":"%cf%87%ce%b5%cf%81%ce%bf%cf%8d%ce%bb%ce%b9-%cf%84%cf%83%ce%ac%ce%bd%cf%84%ce%b1%cf%82-mia-%cf%83%ce%b5-%ce%b1%cf%83%ce%b7%ce%bc%ce%af-%cf%87%cf%81%cf%8e%ce%bc%ce%b1","status":"publish","type":"product","link":"https:\/\/neoergoxeiro.gr\/es\/producto\/%cf%87%ce%b5%cf%81%ce%bf%cf%8d%ce%bb%ce%b9-%cf%84%cf%83%ce%ac%ce%bd%cf%84%ce%b1%cf%82-mia-%cf%83%ce%b5-%ce%b1%cf%83%ce%b7%ce%bc%ce%af-%cf%87%cf%81%cf%8e%ce%bc%ce%b1\/","title":{"rendered":"Asa de bolso Mia, en color plata"},"content":{"rendered":"<p>El asa para bolso Mia en color plateado es la elecci\u00f3n ideal para quienes desean renovar su bolso con estilo. Fabricada con materiales de alta calidad, el asa es duradera y f\u00e1cil de colocar. Con una longitud que se adapta perfectamente al hombro, ofrece comodidad y estilo. <\/p>\n<p>**Caracter\u00edsticas<br \/>\n- Color: Plata<br \/>\n- Material: Aleaci\u00f3n de zinc<br \/>\n- Longitud: 60 cm<br \/>\n- F\u00e1cil instalaci\u00f3n y desmontaje<\/p>\n<p>**Beneficios<br \/>\n- Refresca tu bolso con un peque\u00f1o forro<br \/>\n- Da brillo y estilo a tus accesorios<br \/>\n- Dise\u00f1o c\u00f3modo para facilitar el transporte<\/p>\n<p>Mejora tu bolso con el asa Mia y disfruta de un look renovado en cada conjunto.<\/p>","protected":false},"excerpt":{"rendered":"<p>El color plateado del asa para bolso Mia dar\u00e1 brillo a su bolso. Ideal para sustituir o renovar f\u00e1cilmente sus asas actuales. Duraderas, elegantes y f\u00e1ciles de colocar para actualizar su bolso.<\/p>","protected":false},"featured_media":52417,"template":"","meta":[],"product_brand":[],"product_cat":[106],"product_tag":[],"class_list":{"0":"post-52416","1":"product","2":"type-product","3":"status-publish","4":"has-post-thumbnail","6":"product_cat-aksesouartsantas","8":"first","9":"instock","10":"taxable","11":"shipping-taxable","12":"purchasable","13":"product-type-simple"},"_links":{"self":[{"href":"https:\/\/neoergoxeiro.gr\/es\/wp-json\/wp\/v2\/product\/52416","targetHints":{"allow":["GET"]}}],"collection":[{"href":"https:\/\/neoergoxeiro.gr\/es\/wp-json\/wp\/v2\/product"}],"about":[{"href":"https:\/\/neoergoxeiro.gr\/es\/wp-json\/wp\/v2\/types\/product"}],"version-history":[{"count":1,"href":"https:\/\/neoergoxeiro.gr\/es\/wp-json\/wp\/v2\/product\/52416\/revisions"}],"predecessor-version":[{"id":62304,"href":"https:\/\/neoergoxeiro.gr\/es\/wp-json\/wp\/v2\/product\/52416\/revisions\/62304"}],"wp:featuredmedia":[{"embeddable":true,"href":"https:\/\/neoergoxeiro.gr\/es\/wp-json\/wp\/v2\/media\/52417"}],"wp:attachment":[{"href":"https:\/\/neoergoxeiro.gr\/es\/wp-json\/wp\/v2\/media?parent=52416"}],"wp:term":[{"taxonomy":"product_brand","embeddable":true,"href":"https:\/\/neoergoxeiro.gr\/es\/wp-json\/wp\/v2\/product_brand?post=52416"},{"taxonomy":"product_cat","embeddable":true,"href":"https:\/\/neoergoxeiro.gr\/es\/wp-json\/wp\/v2\/product_cat?post=52416"},{"taxonomy":"product_tag","embeddable":true,"href":"https:\/\/neoergoxeiro.gr\/es\/wp-json\/wp\/v2\/product_tag?post=52416"}],"curies":[{"name":"wp","href":"https:\/\/api.w.org\/{rel}","templated":true}]}}