{"id":52418,"date":"2024-12-21T10:55:04","date_gmt":"2024-12-21T10:55:04","guid":{"rendered":"https:\/\/neoergoxeiro.gr\/?product=%ce%b1%ce%bb%cf%85%cf%83%ce%af%ce%b4%ce%b1-%cf%84%cf%83%ce%b1%ce%bd%cf%84%cf%8e%ce%bd-whitney-%ce%bc%ce%b1%cf%8d%cf%81%ce%bf-%ce%bd%ce%ad%ce%bf-%cf%87%cf%81%cf%85%cf%83%cf%8c"},"modified":"2025-10-12T13:49:11","modified_gmt":"2025-10-12T11:49:11","slug":"%ce%b1%ce%bb%cf%85%cf%83%ce%af%ce%b4%ce%b1-%cf%84%cf%83%ce%b1%ce%bd%cf%84%cf%8e%ce%bd-whitney-%ce%bc%ce%b1%cf%8d%cf%81%ce%bf-%ce%bd%ce%ad%ce%bf-%cf%87%cf%81%cf%85%cf%83%cf%8c","status":"publish","type":"product","link":"https:\/\/neoergoxeiro.gr\/es\/producto\/%ce%b1%ce%bb%cf%85%cf%83%ce%af%ce%b4%ce%b1-%cf%84%cf%83%ce%b1%ce%bd%cf%84%cf%8e%ce%bd-whitney-%ce%bc%ce%b1%cf%8d%cf%81%ce%bf-%ce%bd%ce%ad%ce%bf-%cf%87%cf%81%cf%85%cf%83%cf%8c\/","title":{"rendered":"Bolso Whitney cadena, negro\/oro nuevo"},"content":{"rendered":"<p>La cadena para bolso Whitney en negro\/oro nuevo es el complemento perfecto para cualquier bolso. Fabricada con materiales de alta calidad, la cadena es duradera y elegante. Con una longitud suficiente para colgar f\u00e1cilmente el bolso del hombro o de la mu\u00f1eca, ofrece comodidad y facilidad de transporte. La detallada construcci\u00f3n de la cadena y su moderno dise\u00f1o la hacen perfecta para cualquier look, mientras que su f\u00e1cil enganche y desenganche hacen que su uso resulte pr\u00e1ctico. No se olvide de nada con la cadena para bolso Whitney y a\u00f1ada una nueva dimensi\u00f3n a su estilo.<\/p>","protected":false},"excerpt":{"rendered":"<p>La cadena para bolso Whitney en negro\/oro nuevo es el accesorio imprescindible para cualquier bolso. Elegante y funcional, a\u00f1ade estilo y organizaci\u00f3n a tus looks diarios. Perfecta para colgar accesorios y mantener tus pertenencias organizadas.<\/p>","protected":false},"featured_media":52419,"template":"","meta":[],"product_brand":[],"product_cat":[106],"product_tag":[],"class_list":{"0":"post-52418","1":"product","2":"type-product","3":"status-publish","4":"has-post-thumbnail","6":"product_cat-aksesouartsantas","8":"first","9":"instock","10":"taxable","11":"shipping-taxable","12":"purchasable","13":"product-type-simple"},"_links":{"self":[{"href":"https:\/\/neoergoxeiro.gr\/es\/wp-json\/wp\/v2\/product\/52418","targetHints":{"allow":["GET"]}}],"collection":[{"href":"https:\/\/neoergoxeiro.gr\/es\/wp-json\/wp\/v2\/product"}],"about":[{"href":"https:\/\/neoergoxeiro.gr\/es\/wp-json\/wp\/v2\/types\/product"}],"version-history":[{"count":1,"href":"https:\/\/neoergoxeiro.gr\/es\/wp-json\/wp\/v2\/product\/52418\/revisions"}],"predecessor-version":[{"id":62305,"href":"https:\/\/neoergoxeiro.gr\/es\/wp-json\/wp\/v2\/product\/52418\/revisions\/62305"}],"wp:featuredmedia":[{"embeddable":true,"href":"https:\/\/neoergoxeiro.gr\/es\/wp-json\/wp\/v2\/media\/52419"}],"wp:attachment":[{"href":"https:\/\/neoergoxeiro.gr\/es\/wp-json\/wp\/v2\/media?parent=52418"}],"wp:term":[{"taxonomy":"product_brand","embeddable":true,"href":"https:\/\/neoergoxeiro.gr\/es\/wp-json\/wp\/v2\/product_brand?post=52418"},{"taxonomy":"product_cat","embeddable":true,"href":"https:\/\/neoergoxeiro.gr\/es\/wp-json\/wp\/v2\/product_cat?post=52418"},{"taxonomy":"product_tag","embeddable":true,"href":"https:\/\/neoergoxeiro.gr\/es\/wp-json\/wp\/v2\/product_tag?post=52418"}],"curies":[{"name":"wp","href":"https:\/\/api.w.org\/{rel}","templated":true}]}}