{"id":52420,"date":"2024-12-21T10:57:30","date_gmt":"2024-12-21T10:57:30","guid":{"rendered":"https:\/\/neoergoxeiro.gr\/?product=%ce%b1%ce%bb%cf%85%cf%83%ce%af%ce%b4%ce%b1-%cf%84%cf%83%ce%b1%ce%bd%cf%84%cf%8e%ce%bd-madonna-%ce%bc%ce%b1%cf%8d%cf%81%ce%b7-gunmetal"},"modified":"2025-10-12T13:49:11","modified_gmt":"2025-10-12T11:49:11","slug":"%ce%b1%ce%bb%cf%85%cf%83%ce%af%ce%b4%ce%b1-%cf%84%cf%83%ce%b1%ce%bd%cf%84%cf%8e%ce%bd-madonna-%ce%bc%ce%b1%cf%8d%cf%81%ce%b7-gunmetal","status":"publish","type":"product","link":"https:\/\/neoergoxeiro.gr\/es\/producto\/%ce%b1%ce%bb%cf%85%cf%83%ce%af%ce%b4%ce%b1-%cf%84%cf%83%ce%b1%ce%bd%cf%84%cf%8e%ce%bd-madonna-%ce%bc%ce%b1%cf%8d%cf%81%ce%b7-gunmetal\/","title":{"rendered":"Cadena para bolso Madonna, negro\/esmeralda"},"content":{"rendered":"<p>La cadena para bolso Madonna negra\/esmeralda es el complemento perfecto para cualquier bolso. Fabricada con materiales de alta calidad, esta cadena combina elegancia y funcionalidad. Con una longitud que se ajusta f\u00e1cilmente a sus necesidades, la cadena ofrece comodidad y estilo. Tanto si la utiliza para su bolso de diario como para una ocasi\u00f3n especial, esta cadena se robar\u00e1 el show. Eleve su estilo con la cadena para bolso Madonna en negro y bronce de ca\u00f1\u00f3n.<\/p>","protected":false},"excerpt":{"rendered":"<p>La cadena para bolso Madonna negra\/esmeralda es un elegante accesorio para su bolso. Actualiza tu estilo con esta cadena pr\u00e1ctica y elegante que ofrece comodidad y funcionalidad a tu d\u00eda a d\u00eda.<\/p>","protected":false},"featured_media":52421,"template":"","meta":[],"product_brand":[],"product_cat":[106],"product_tag":[],"class_list":{"0":"post-52420","1":"product","2":"type-product","3":"status-publish","4":"has-post-thumbnail","6":"product_cat-aksesouartsantas","8":"first","9":"instock","10":"taxable","11":"shipping-taxable","12":"purchasable","13":"product-type-simple"},"_links":{"self":[{"href":"https:\/\/neoergoxeiro.gr\/es\/wp-json\/wp\/v2\/product\/52420","targetHints":{"allow":["GET"]}}],"collection":[{"href":"https:\/\/neoergoxeiro.gr\/es\/wp-json\/wp\/v2\/product"}],"about":[{"href":"https:\/\/neoergoxeiro.gr\/es\/wp-json\/wp\/v2\/types\/product"}],"version-history":[{"count":1,"href":"https:\/\/neoergoxeiro.gr\/es\/wp-json\/wp\/v2\/product\/52420\/revisions"}],"predecessor-version":[{"id":62306,"href":"https:\/\/neoergoxeiro.gr\/es\/wp-json\/wp\/v2\/product\/52420\/revisions\/62306"}],"wp:featuredmedia":[{"embeddable":true,"href":"https:\/\/neoergoxeiro.gr\/es\/wp-json\/wp\/v2\/media\/52421"}],"wp:attachment":[{"href":"https:\/\/neoergoxeiro.gr\/es\/wp-json\/wp\/v2\/media?parent=52420"}],"wp:term":[{"taxonomy":"product_brand","embeddable":true,"href":"https:\/\/neoergoxeiro.gr\/es\/wp-json\/wp\/v2\/product_brand?post=52420"},{"taxonomy":"product_cat","embeddable":true,"href":"https:\/\/neoergoxeiro.gr\/es\/wp-json\/wp\/v2\/product_cat?post=52420"},{"taxonomy":"product_tag","embeddable":true,"href":"https:\/\/neoergoxeiro.gr\/es\/wp-json\/wp\/v2\/product_tag?post=52420"}],"curies":[{"name":"wp","href":"https:\/\/api.w.org\/{rel}","templated":true}]}}