{"id":52429,"date":"2024-12-21T11:09:30","date_gmt":"2024-12-21T11:09:30","guid":{"rendered":"https:\/\/neoergoxeiro.gr\/?product=%ce%ba%ce%bb%ce%b5%ce%af%cf%83%ce%b9%ce%bc%ce%bf-%cf%84%cf%83%ce%ac%ce%bd%cf%84%ce%b1%cf%82-fiona"},"modified":"2025-10-12T13:38:18","modified_gmt":"2025-10-12T11:38:18","slug":"%ce%ba%ce%bb%ce%b5%ce%af%cf%83%ce%b9%ce%bc%ce%bf-%cf%84%cf%83%ce%ac%ce%bd%cf%84%ce%b1%cf%82-fiona","status":"publish","type":"product","link":"https:\/\/neoergoxeiro.gr\/es\/producto\/%ce%ba%ce%bb%ce%b5%ce%af%cf%83%ce%b9%ce%bc%ce%bf-%cf%84%cf%83%ce%ac%ce%bd%cf%84%ce%b1%cf%82-fiona\/","title":{"rendered":"Cierre del bolso Fiona"},"content":{"rendered":"<p>El cierre de bolso Fiona es un accesorio indispensable para cualquier amante de la costura. Este pr\u00e1ctico cierre ofrece tanto estilo como funcionalidad. Fabricado con materiales duraderos, el cierre Fiona garantiza la seguridad de sus objetos personales y a\u00f1ade un toque de singularidad a su bolso. Es f\u00e1cil de usar y ofrece un cierre c\u00f3modo. Mejore su estilo con este accesorio extremadamente \u00fatil y elegante. <\/p>\n<p>**Caracter\u00edsticas<br \/>\n- Construcci\u00f3n duradera<br \/>\n- F\u00e1cil de usar<br \/>\n- Dise\u00f1o moderno<\/p>\n<p>**Beneficios<br \/>\n- Almacenamiento seguro de sus art\u00edculos<br \/>\n- A\u00f1ade estilo y singularidad a tu bolso<\/p>\n<p>Descubra el mundo de la sastrer\u00eda con el cierre de bolso Fiona y eleve su estilo y organizaci\u00f3n con este incre\u00edble accesorio.<\/p>","protected":false},"excerpt":{"rendered":"<p>El cierre de bolso Fiona es el accesorio perfecto para cualquier amante de la costura. Asegura con estilo su bolso, a\u00f1adiendo un toque de singularidad y funcionalidad. F\u00e1cil de usar y duradero, para mantener tus objetos personales seguros y organizados.<\/p>","protected":false},"featured_media":52430,"template":"","meta":[],"product_brand":[],"product_cat":[106],"product_tag":[],"class_list":{"0":"post-52429","1":"product","2":"type-product","3":"status-publish","4":"has-post-thumbnail","6":"product_cat-aksesouartsantas","8":"first","9":"instock","10":"taxable","11":"shipping-taxable","12":"purchasable","13":"product-type-simple"},"_links":{"self":[{"href":"https:\/\/neoergoxeiro.gr\/es\/wp-json\/wp\/v2\/product\/52429","targetHints":{"allow":["GET"]}}],"collection":[{"href":"https:\/\/neoergoxeiro.gr\/es\/wp-json\/wp\/v2\/product"}],"about":[{"href":"https:\/\/neoergoxeiro.gr\/es\/wp-json\/wp\/v2\/types\/product"}],"version-history":[{"count":1,"href":"https:\/\/neoergoxeiro.gr\/es\/wp-json\/wp\/v2\/product\/52429\/revisions"}],"predecessor-version":[{"id":62310,"href":"https:\/\/neoergoxeiro.gr\/es\/wp-json\/wp\/v2\/product\/52429\/revisions\/62310"}],"wp:featuredmedia":[{"embeddable":true,"href":"https:\/\/neoergoxeiro.gr\/es\/wp-json\/wp\/v2\/media\/52430"}],"wp:attachment":[{"href":"https:\/\/neoergoxeiro.gr\/es\/wp-json\/wp\/v2\/media?parent=52429"}],"wp:term":[{"taxonomy":"product_brand","embeddable":true,"href":"https:\/\/neoergoxeiro.gr\/es\/wp-json\/wp\/v2\/product_brand?post=52429"},{"taxonomy":"product_cat","embeddable":true,"href":"https:\/\/neoergoxeiro.gr\/es\/wp-json\/wp\/v2\/product_cat?post=52429"},{"taxonomy":"product_tag","embeddable":true,"href":"https:\/\/neoergoxeiro.gr\/es\/wp-json\/wp\/v2\/product_tag?post=52429"}],"curies":[{"name":"wp","href":"https:\/\/api.w.org\/{rel}","templated":true}]}}