{"id":52431,"date":"2024-12-21T11:12:28","date_gmt":"2024-12-21T11:12:28","guid":{"rendered":"https:\/\/neoergoxeiro.gr\/?product=%ce%ba%ce%bb%ce%b5%ce%af%cf%83%ce%b9%ce%bc%ce%bf-%cf%84%cf%83%ce%ac%ce%bd%cf%84%ce%b1%cf%82-elisabeth"},"modified":"2025-10-12T13:38:18","modified_gmt":"2025-10-12T11:38:18","slug":"%ce%ba%ce%bb%ce%b5%ce%af%cf%83%ce%b9%ce%bc%ce%bf-%cf%84%cf%83%ce%ac%ce%bd%cf%84%ce%b1%cf%82-elisabeth","status":"publish","type":"product","link":"https:\/\/neoergoxeiro.gr\/es\/producto\/%ce%ba%ce%bb%ce%b5%ce%af%cf%83%ce%b9%ce%bc%ce%bf-%cf%84%cf%83%ce%ac%ce%bd%cf%84%ce%b1%cf%82-elisabeth\/","title":{"rendered":"Cierre del bolso Elisabeth"},"content":{"rendered":"<p>El cierre para bolsos Elisabeth es la adici\u00f3n perfecta a su colecci\u00f3n para cualquier entusiasta de la costura hecha a mano. Fabricado con materiales de alta calidad, este cierre ofrece durabilidad y estilo. Con un dise\u00f1o \u00fanico y f\u00e1cil de colocar, el Elisabeth es perfecto para su uso en bolsos, bolsas o incluso ropa. Eleve su dise\u00f1o a\u00f1adiendo este cierre a cualquiera de sus manualidades. Descubra la versatilidad y practicidad de Elisabeth y cree proyectos de costura \u00fanicos que destacar\u00e1n. Adem\u00e1s, el cierre para bolsos Elisabeth ofrece una durabilidad y fiabilidad excepcionales, garantizando que sus creaciones se mantengan seguras y con estilo. \u00a1No pierda tiempo y a\u00f1ada Elisabeth a su colecci\u00f3n hoy mismo! El paquete incluye.<\/p>","protected":false},"excerpt":{"rendered":"<p>El cierre para bolsos Elisabeth es el accesorio ideal para toda amante de la costura artesanal. Con este original cierre, podr\u00e1 dar un toque \u00fanico a sus bolsos. F\u00e1cil de usar y duradero, el Elisabeth le impresionar\u00e1 por su funcionalidad y el estilo que ofrece.<\/p>","protected":false},"featured_media":52432,"template":"","meta":[],"product_brand":[],"product_cat":[106],"product_tag":[],"class_list":{"0":"post-52431","1":"product","2":"type-product","3":"status-publish","4":"has-post-thumbnail","6":"product_cat-aksesouartsantas","8":"first","9":"instock","10":"taxable","11":"shipping-taxable","12":"purchasable","13":"product-type-simple"},"_links":{"self":[{"href":"https:\/\/neoergoxeiro.gr\/es\/wp-json\/wp\/v2\/product\/52431","targetHints":{"allow":["GET"]}}],"collection":[{"href":"https:\/\/neoergoxeiro.gr\/es\/wp-json\/wp\/v2\/product"}],"about":[{"href":"https:\/\/neoergoxeiro.gr\/es\/wp-json\/wp\/v2\/types\/product"}],"version-history":[{"count":1,"href":"https:\/\/neoergoxeiro.gr\/es\/wp-json\/wp\/v2\/product\/52431\/revisions"}],"predecessor-version":[{"id":62311,"href":"https:\/\/neoergoxeiro.gr\/es\/wp-json\/wp\/v2\/product\/52431\/revisions\/62311"}],"wp:featuredmedia":[{"embeddable":true,"href":"https:\/\/neoergoxeiro.gr\/es\/wp-json\/wp\/v2\/media\/52432"}],"wp:attachment":[{"href":"https:\/\/neoergoxeiro.gr\/es\/wp-json\/wp\/v2\/media?parent=52431"}],"wp:term":[{"taxonomy":"product_brand","embeddable":true,"href":"https:\/\/neoergoxeiro.gr\/es\/wp-json\/wp\/v2\/product_brand?post=52431"},{"taxonomy":"product_cat","embeddable":true,"href":"https:\/\/neoergoxeiro.gr\/es\/wp-json\/wp\/v2\/product_cat?post=52431"},{"taxonomy":"product_tag","embeddable":true,"href":"https:\/\/neoergoxeiro.gr\/es\/wp-json\/wp\/v2\/product_tag?post=52431"}],"curies":[{"name":"wp","href":"https:\/\/api.w.org\/{rel}","templated":true}]}}