{"id":52439,"date":"2024-12-21T11:21:48","date_gmt":"2024-12-21T11:21:48","guid":{"rendered":"https:\/\/neoergoxeiro.gr\/?product=%ce%ba%ce%bb%ce%b5%ce%af%cf%83%ce%b9%ce%bc%ce%bf-%cf%84%cf%83%ce%ac%ce%bd%cf%84%ce%b1%cf%82-alegra"},"modified":"2025-10-12T13:38:17","modified_gmt":"2025-10-12T11:38:17","slug":"%ce%ba%ce%bb%ce%b5%ce%af%cf%83%ce%b9%ce%bc%ce%bf-%cf%84%cf%83%ce%ac%ce%bd%cf%84%ce%b1%cf%82-alegra","status":"publish","type":"product","link":"https:\/\/neoergoxeiro.gr\/es\/producto\/%ce%ba%ce%bb%ce%b5%ce%af%cf%83%ce%b9%ce%bc%ce%bf-%cf%84%cf%83%ce%ac%ce%bd%cf%84%ce%b1%cf%82-alegra\/","title":{"rendered":"Cierre del bolso Alegra"},"content":{"rendered":"<p>El Cierre para Bolsos Alegra es un accesorio que no debe faltar en su colecci\u00f3n. Fabricado con materiales duraderos, ofrece un cierre seguro y f\u00e1cil para sus bolsos. Este cierre de bolso es la soluci\u00f3n perfecta para dar un aspecto acabado a sus creaciones. Con el Cierre para Bolsos Alegra, puede estar segura de que su bolso permanecer\u00e1 cerrado y protegido. Es un gran complemento para cualquier bolso o proyecto de costura. Descubra la comodidad y funcionalidad que le ofrece el Cierre para Bolsos Alegra y cree creaciones \u00fanicas con estilo.<\/p>","protected":false},"excerpt":{"rendered":"<p>El cierre para bolsos Alegra es el accesorio perfecto para sus creaciones creativas. Garantiza un cierre seguro y f\u00e1cil de sus bolsos, ofreciendo una soluci\u00f3n con estilo. Fabricado con materiales de alta calidad, el cierre para bolsos Alegra es la elecci\u00f3n perfecta para cualquier creaci\u00f3n de alta costura con estilo.<\/p>","protected":false},"featured_media":52440,"template":"","meta":[],"product_brand":[],"product_cat":[106],"product_tag":[],"class_list":{"0":"post-52439","1":"product","2":"type-product","3":"status-publish","4":"has-post-thumbnail","6":"product_cat-aksesouartsantas","8":"first","9":"instock","10":"taxable","11":"shipping-taxable","12":"purchasable","13":"product-type-simple"},"_links":{"self":[{"href":"https:\/\/neoergoxeiro.gr\/es\/wp-json\/wp\/v2\/product\/52439","targetHints":{"allow":["GET"]}}],"collection":[{"href":"https:\/\/neoergoxeiro.gr\/es\/wp-json\/wp\/v2\/product"}],"about":[{"href":"https:\/\/neoergoxeiro.gr\/es\/wp-json\/wp\/v2\/types\/product"}],"version-history":[{"count":1,"href":"https:\/\/neoergoxeiro.gr\/es\/wp-json\/wp\/v2\/product\/52439\/revisions"}],"predecessor-version":[{"id":62315,"href":"https:\/\/neoergoxeiro.gr\/es\/wp-json\/wp\/v2\/product\/52439\/revisions\/62315"}],"wp:featuredmedia":[{"embeddable":true,"href":"https:\/\/neoergoxeiro.gr\/es\/wp-json\/wp\/v2\/media\/52440"}],"wp:attachment":[{"href":"https:\/\/neoergoxeiro.gr\/es\/wp-json\/wp\/v2\/media?parent=52439"}],"wp:term":[{"taxonomy":"product_brand","embeddable":true,"href":"https:\/\/neoergoxeiro.gr\/es\/wp-json\/wp\/v2\/product_brand?post=52439"},{"taxonomy":"product_cat","embeddable":true,"href":"https:\/\/neoergoxeiro.gr\/es\/wp-json\/wp\/v2\/product_cat?post=52439"},{"taxonomy":"product_tag","embeddable":true,"href":"https:\/\/neoergoxeiro.gr\/es\/wp-json\/wp\/v2\/product_tag?post=52439"}],"curies":[{"name":"wp","href":"https:\/\/api.w.org\/{rel}","templated":true}]}}