{"id":52443,"date":"2024-12-21T11:25:41","date_gmt":"2024-12-21T11:25:41","guid":{"rendered":"https:\/\/neoergoxeiro.gr\/?product=%ce%ba%ce%bb%ce%b5%ce%af%cf%83%ce%b9%ce%bc%ce%bf-%cf%84%cf%83%ce%ac%ce%bd%cf%84%ce%b1%cf%82-emilia"},"modified":"2025-10-12T13:38:17","modified_gmt":"2025-10-12T11:38:17","slug":"%ce%ba%ce%bb%ce%b5%ce%af%cf%83%ce%b9%ce%bc%ce%bf-%cf%84%cf%83%ce%ac%ce%bd%cf%84%ce%b1%cf%82-emilia","status":"publish","type":"product","link":"https:\/\/neoergoxeiro.gr\/es\/producto\/%ce%ba%ce%bb%ce%b5%ce%af%cf%83%ce%b9%ce%bc%ce%bf-%cf%84%cf%83%ce%ac%ce%bd%cf%84%ce%b1%cf%82-emilia\/","title":{"rendered":"Cierre del bolso Emilia"},"content":{"rendered":"<p>El cierre para bolso Emilia es la perfecci\u00f3n en peque\u00f1o. Fabricado con un material resistente que garantiza una larga duraci\u00f3n, este cierre no s\u00f3lo ofrece estilo, sino tambi\u00e9n funcionalidad. Con un ajuste f\u00e1cil y una sujeci\u00f3n segura, es ideal para bandoleras, bolsos de mano y mochilas. El cierre para bolsos Emilia ofrece estilo y practicidad a cualquier creaci\u00f3n de sastrer\u00eda creativa. Mejore sus bolsos con este cierre \u00fanico y destaque entre la multitud. Comb\u00ednelo con detalles decorativos y cree proyectos de costura \u00fanicos que impresionar\u00e1n.<\/p>","protected":false},"excerpt":{"rendered":"<p>El cierre de bolsa Emilia es un accesorio que no debe faltar en su colecci\u00f3n. Con una calidad y funcionalidad excepcionales, es la elecci\u00f3n perfecta para cualquier entusiasta de la costura.<\/p>","protected":false},"featured_media":52444,"template":"","meta":[],"product_brand":[],"product_cat":[106],"product_tag":[],"class_list":{"0":"post-52443","1":"product","2":"type-product","3":"status-publish","4":"has-post-thumbnail","6":"product_cat-aksesouartsantas","8":"first","9":"instock","10":"taxable","11":"shipping-taxable","12":"purchasable","13":"product-type-simple"},"_links":{"self":[{"href":"https:\/\/neoergoxeiro.gr\/es\/wp-json\/wp\/v2\/product\/52443","targetHints":{"allow":["GET"]}}],"collection":[{"href":"https:\/\/neoergoxeiro.gr\/es\/wp-json\/wp\/v2\/product"}],"about":[{"href":"https:\/\/neoergoxeiro.gr\/es\/wp-json\/wp\/v2\/types\/product"}],"version-history":[{"count":1,"href":"https:\/\/neoergoxeiro.gr\/es\/wp-json\/wp\/v2\/product\/52443\/revisions"}],"predecessor-version":[{"id":62317,"href":"https:\/\/neoergoxeiro.gr\/es\/wp-json\/wp\/v2\/product\/52443\/revisions\/62317"}],"wp:featuredmedia":[{"embeddable":true,"href":"https:\/\/neoergoxeiro.gr\/es\/wp-json\/wp\/v2\/media\/52444"}],"wp:attachment":[{"href":"https:\/\/neoergoxeiro.gr\/es\/wp-json\/wp\/v2\/media?parent=52443"}],"wp:term":[{"taxonomy":"product_brand","embeddable":true,"href":"https:\/\/neoergoxeiro.gr\/es\/wp-json\/wp\/v2\/product_brand?post=52443"},{"taxonomy":"product_cat","embeddable":true,"href":"https:\/\/neoergoxeiro.gr\/es\/wp-json\/wp\/v2\/product_cat?post=52443"},{"taxonomy":"product_tag","embeddable":true,"href":"https:\/\/neoergoxeiro.gr\/es\/wp-json\/wp\/v2\/product_tag?post=52443"}],"curies":[{"name":"wp","href":"https:\/\/api.w.org\/{rel}","templated":true}]}}