{"id":52445,"date":"2024-12-21T11:34:50","date_gmt":"2024-12-21T11:34:50","guid":{"rendered":"https:\/\/neoergoxeiro.gr\/?product=%ce%ba%ce%bb%ce%b5%ce%af%cf%83%ce%b9%ce%bc%ce%bf-%cf%84%cf%83%ce%ac%ce%bd%cf%84%ce%b1%cf%82-%cf%84%ce%b6%ce%bf%cf%8d%ce%bb%ce%b9%ce%b1"},"modified":"2025-10-12T13:38:17","modified_gmt":"2025-10-12T11:38:17","slug":"%ce%ba%ce%bb%ce%b5%ce%af%cf%83%ce%b9%ce%bc%ce%bf-%cf%84%cf%83%ce%ac%ce%bd%cf%84%ce%b1%cf%82-%cf%84%ce%b6%ce%bf%cf%8d%ce%bb%ce%b9%ce%b1","status":"publish","type":"product","link":"https:\/\/neoergoxeiro.gr\/es\/producto\/%ce%ba%ce%bb%ce%b5%ce%af%cf%83%ce%b9%ce%bc%ce%bf-%cf%84%cf%83%ce%ac%ce%bd%cf%84%ce%b1%cf%82-%cf%84%ce%b6%ce%bf%cf%8d%ce%bb%ce%b9%ce%b1\/","title":{"rendered":"Bolsa Julia Cierre"},"content":{"rendered":"<p>El cierre para bolso Julia es el complemento perfecto para cualquier bolso. Mantenga sus objetos personales seguros y organizados con este pr\u00e1ctico accesorio. Fabricado con materiales duraderos y de alta calidad, el cierre para bolso Julia est\u00e1 dise\u00f1ado para resistir el uso diario. Cierra f\u00e1cil y r\u00e1pidamente su bolso, ofreci\u00e9ndole comodidad y seguridad. Consiga hoy mismo el cierre para bolso Julia y disfrute de una vida cotidiana m\u00e1s organizada.<\/p>","protected":false},"excerpt":{"rendered":"<p>El cierre de bolsa Julia es la forma ideal de mantener su bolsa organizada y segura. Una forma r\u00e1pida y sencilla de mantener sus objetos personales fuera de la vista de miradas indiscretas. Fabricado con materiales de alta calidad, el cierre para bolso Julia es duradero y elegante.<\/p>","protected":false},"featured_media":52446,"template":"","meta":[],"product_brand":[],"product_cat":[106],"product_tag":[],"class_list":{"0":"post-52445","1":"product","2":"type-product","3":"status-publish","4":"has-post-thumbnail","6":"product_cat-aksesouartsantas","8":"first","9":"instock","10":"taxable","11":"shipping-taxable","12":"purchasable","13":"product-type-simple"},"_links":{"self":[{"href":"https:\/\/neoergoxeiro.gr\/es\/wp-json\/wp\/v2\/product\/52445","targetHints":{"allow":["GET"]}}],"collection":[{"href":"https:\/\/neoergoxeiro.gr\/es\/wp-json\/wp\/v2\/product"}],"about":[{"href":"https:\/\/neoergoxeiro.gr\/es\/wp-json\/wp\/v2\/types\/product"}],"version-history":[{"count":1,"href":"https:\/\/neoergoxeiro.gr\/es\/wp-json\/wp\/v2\/product\/52445\/revisions"}],"predecessor-version":[{"id":62318,"href":"https:\/\/neoergoxeiro.gr\/es\/wp-json\/wp\/v2\/product\/52445\/revisions\/62318"}],"wp:featuredmedia":[{"embeddable":true,"href":"https:\/\/neoergoxeiro.gr\/es\/wp-json\/wp\/v2\/media\/52446"}],"wp:attachment":[{"href":"https:\/\/neoergoxeiro.gr\/es\/wp-json\/wp\/v2\/media?parent=52445"}],"wp:term":[{"taxonomy":"product_brand","embeddable":true,"href":"https:\/\/neoergoxeiro.gr\/es\/wp-json\/wp\/v2\/product_brand?post=52445"},{"taxonomy":"product_cat","embeddable":true,"href":"https:\/\/neoergoxeiro.gr\/es\/wp-json\/wp\/v2\/product_cat?post=52445"},{"taxonomy":"product_tag","embeddable":true,"href":"https:\/\/neoergoxeiro.gr\/es\/wp-json\/wp\/v2\/product_tag?post=52445"}],"curies":[{"name":"wp","href":"https:\/\/api.w.org\/{rel}","templated":true}]}}