{"id":52449,"date":"2024-12-21T11:39:23","date_gmt":"2024-12-21T11:39:23","guid":{"rendered":"https:\/\/neoergoxeiro.gr\/?product=%ce%ba%ce%bb%ce%b5%ce%af%cf%83%ce%b9%ce%bc%ce%bf-%cf%84%cf%83%ce%ac%ce%bd%cf%84%ce%b1%cf%82-linda"},"modified":"2025-10-12T13:38:17","modified_gmt":"2025-10-12T11:38:17","slug":"%ce%ba%ce%bb%ce%b5%ce%af%cf%83%ce%b9%ce%bc%ce%bf-%cf%84%cf%83%ce%ac%ce%bd%cf%84%ce%b1%cf%82-linda","status":"publish","type":"product","link":"https:\/\/neoergoxeiro.gr\/es\/producto\/%ce%ba%ce%bb%ce%b5%ce%af%cf%83%ce%b9%ce%bc%ce%bf-%cf%84%cf%83%ce%ac%ce%bd%cf%84%ce%b1%cf%82-linda\/","title":{"rendered":"Cierre de bolsa Linda"},"content":{"rendered":"<p>El cierre para bolso Linda es la soluci\u00f3n perfecta para mantener su bolso organizado y seguro. Fabricado con materiales de alta calidad, el cierre es f\u00e1cil de usar y duradero para el uso diario. Con el cierre para bolso Linda, puede renovar sus viejos bolsos o a\u00f1adir un toque funcional a los nuevos. Mejore el estilo y la funcionalidad de su bolso con el cierre para bolsos Linda y destaque en cualquier ocasi\u00f3n. Gracias a su f\u00e1cil colocaci\u00f3n y extracci\u00f3n, puede utilizarlo en muchos bolsos, como bandoleras, bolsos cruzados, bolsos de mano y mochilas. Consiga hoy mismo el cierre para bolso Linda y mejore el estilo y la organizaci\u00f3n de sus bolsos con un toque \u00fanico.<\/p>","protected":false},"excerpt":{"rendered":"<p>El cierre para bolso Linda es la forma \u00f3ptima de asegurar su bolso con estilo. F\u00e1cil de usar y duradero, es el accesorio esencial para cualquier bolso. Perfecto para reparaciones o para crear nuevas creaciones.<\/p>","protected":false},"featured_media":52450,"template":"","meta":[],"product_brand":[],"product_cat":[106],"product_tag":[],"class_list":{"0":"post-52449","1":"product","2":"type-product","3":"status-publish","4":"has-post-thumbnail","6":"product_cat-aksesouartsantas","8":"first","9":"instock","10":"taxable","11":"shipping-taxable","12":"purchasable","13":"product-type-simple"},"_links":{"self":[{"href":"https:\/\/neoergoxeiro.gr\/es\/wp-json\/wp\/v2\/product\/52449","targetHints":{"allow":["GET"]}}],"collection":[{"href":"https:\/\/neoergoxeiro.gr\/es\/wp-json\/wp\/v2\/product"}],"about":[{"href":"https:\/\/neoergoxeiro.gr\/es\/wp-json\/wp\/v2\/types\/product"}],"version-history":[{"count":1,"href":"https:\/\/neoergoxeiro.gr\/es\/wp-json\/wp\/v2\/product\/52449\/revisions"}],"predecessor-version":[{"id":62320,"href":"https:\/\/neoergoxeiro.gr\/es\/wp-json\/wp\/v2\/product\/52449\/revisions\/62320"}],"wp:featuredmedia":[{"embeddable":true,"href":"https:\/\/neoergoxeiro.gr\/es\/wp-json\/wp\/v2\/media\/52450"}],"wp:attachment":[{"href":"https:\/\/neoergoxeiro.gr\/es\/wp-json\/wp\/v2\/media?parent=52449"}],"wp:term":[{"taxonomy":"product_brand","embeddable":true,"href":"https:\/\/neoergoxeiro.gr\/es\/wp-json\/wp\/v2\/product_brand?post=52449"},{"taxonomy":"product_cat","embeddable":true,"href":"https:\/\/neoergoxeiro.gr\/es\/wp-json\/wp\/v2\/product_cat?post=52449"},{"taxonomy":"product_tag","embeddable":true,"href":"https:\/\/neoergoxeiro.gr\/es\/wp-json\/wp\/v2\/product_tag?post=52449"}],"curies":[{"name":"wp","href":"https:\/\/api.w.org\/{rel}","templated":true}]}}