{"id":52453,"date":"2024-12-21T11:46:03","date_gmt":"2024-12-21T11:46:03","guid":{"rendered":"https:\/\/neoergoxeiro.gr\/?product=%ce%b2%cf%81%cf%8c%cf%87%ce%bf%ce%b9-%ce%bb%ce%b1%ce%b2%ce%ae%cf%82-%cf%84%cf%83%ce%ac%ce%bd%cf%84%ce%b1%cf%82-keiko-%ce%bc%cf%80%ce%b1%ce%bc%cf%80%ce%bf%cf%8d"},"modified":"2025-10-12T13:38:17","modified_gmt":"2025-10-12T11:38:17","slug":"%ce%b2%cf%81%cf%8c%cf%87%ce%bf%ce%b9-%ce%bb%ce%b1%ce%b2%ce%ae%cf%82-%cf%84%cf%83%ce%ac%ce%bd%cf%84%ce%b1%cf%82-keiko-%ce%bc%cf%80%ce%b1%ce%bc%cf%80%ce%bf%cf%8d","status":"publish","type":"product","link":"https:\/\/neoergoxeiro.gr\/es\/producto\/%ce%b2%cf%81%cf%8c%cf%87%ce%bf%ce%b9-%ce%bb%ce%b1%ce%b2%ce%ae%cf%82-%cf%84%cf%83%ce%ac%ce%bd%cf%84%ce%b1%cf%82-keiko-%ce%bc%cf%80%ce%b1%ce%bc%cf%80%ce%bf%cf%8d\/","title":{"rendered":"Lazos para asas de bolsos Keiko, bamb\u00fa"},"content":{"rendered":"<p>Los lazos para asas de bolsos Keiko son el accesorio perfecto para cualquier bolso. Fabricados en bamb\u00fa de alta calidad, ofrecen estilo y funcionalidad. Su f\u00e1cil instalaci\u00f3n permite rellenar r\u00e1pidamente el bolso, mientras que su resistente construcci\u00f3n garantiza un uso duradero. Haga que su bolso destaque con estas modernas asas. <\/p>\n<p>**Caracter\u00edsticas<br \/>\n- Material: Bamb\u00fa de alta calidad<br \/>\n- F\u00e1cil instalaci\u00f3n y durabilidad de uso<br \/>\n- Ideal para creaciones individuales<\/p>\n<p>Mejore su bolso con las asas Keiko y disfrute a diario de estilo y funcionalidad.<\/p>","protected":false},"excerpt":{"rendered":"<p>Keiko Bag Handle Loops, Bamboo - Mejora tu bolso con estos modernos lazos de asa de bamb\u00fa. F\u00e1cil instalaci\u00f3n y construcci\u00f3n duradera para un transporte c\u00f3modo. Perfecto para creaciones individuales y regalos.<\/p>","protected":false},"featured_media":52454,"template":"","meta":[],"product_brand":[],"product_cat":[106],"product_tag":[],"class_list":{"0":"post-52453","1":"product","2":"type-product","3":"status-publish","4":"has-post-thumbnail","6":"product_cat-aksesouartsantas","8":"first","9":"instock","10":"taxable","11":"shipping-taxable","12":"purchasable","13":"product-type-simple"},"_links":{"self":[{"href":"https:\/\/neoergoxeiro.gr\/es\/wp-json\/wp\/v2\/product\/52453","targetHints":{"allow":["GET"]}}],"collection":[{"href":"https:\/\/neoergoxeiro.gr\/es\/wp-json\/wp\/v2\/product"}],"about":[{"href":"https:\/\/neoergoxeiro.gr\/es\/wp-json\/wp\/v2\/types\/product"}],"version-history":[{"count":1,"href":"https:\/\/neoergoxeiro.gr\/es\/wp-json\/wp\/v2\/product\/52453\/revisions"}],"predecessor-version":[{"id":62322,"href":"https:\/\/neoergoxeiro.gr\/es\/wp-json\/wp\/v2\/product\/52453\/revisions\/62322"}],"wp:featuredmedia":[{"embeddable":true,"href":"https:\/\/neoergoxeiro.gr\/es\/wp-json\/wp\/v2\/media\/52454"}],"wp:attachment":[{"href":"https:\/\/neoergoxeiro.gr\/es\/wp-json\/wp\/v2\/media?parent=52453"}],"wp:term":[{"taxonomy":"product_brand","embeddable":true,"href":"https:\/\/neoergoxeiro.gr\/es\/wp-json\/wp\/v2\/product_brand?post=52453"},{"taxonomy":"product_cat","embeddable":true,"href":"https:\/\/neoergoxeiro.gr\/es\/wp-json\/wp\/v2\/product_cat?post=52453"},{"taxonomy":"product_tag","embeddable":true,"href":"https:\/\/neoergoxeiro.gr\/es\/wp-json\/wp\/v2\/product_tag?post=52453"}],"curies":[{"name":"wp","href":"https:\/\/api.w.org\/{rel}","templated":true}]}}