{"id":52461,"date":"2024-12-21T11:55:36","date_gmt":"2024-12-21T11:55:36","guid":{"rendered":"https:\/\/neoergoxeiro.gr\/?product=%ce%b2%cf%81%cf%8c%cf%87%ce%bf%ce%b9-%ce%bb%ce%b1%ce%b2%ce%ae%cf%82-%cf%84%cf%83%ce%ac%ce%bd%cf%84%ce%b1%cf%82-laura"},"modified":"2025-10-12T13:38:17","modified_gmt":"2025-10-12T11:38:17","slug":"%ce%b2%cf%81%cf%8c%cf%87%ce%bf%ce%b9-%ce%bb%ce%b1%ce%b2%ce%ae%cf%82-%cf%84%cf%83%ce%ac%ce%bd%cf%84%ce%b1%cf%82-laura","status":"publish","type":"product","link":"https:\/\/neoergoxeiro.gr\/es\/producto\/%ce%b2%cf%81%cf%8c%cf%87%ce%bf%ce%b9-%ce%bb%ce%b1%ce%b2%ce%ae%cf%82-%cf%84%cf%83%ce%ac%ce%bd%cf%84%ce%b1%cf%82-laura\/","title":{"rendered":"Lazos para el asa del bolso Laura"},"content":{"rendered":"<p>Los lazos para asas de bolsos Laura son la elecci\u00f3n perfecta para a\u00f1adir estilo y funcionalidad a sus bolsos. Fabricados con materiales duraderos y de alta calidad, estos lazos est\u00e1n dise\u00f1ados para resistir el paso del tiempo y ofrecer comodidad de uso. F\u00e1ciles de poner y quitar, a\u00f1aden un toque de elegancia a cualquier bolso. Consiga los lazos para asas de bolso Laura para una soluci\u00f3n elegante y pr\u00e1ctica en su d\u00eda a d\u00eda. Se entregan con instrucciones detalladas de colocaci\u00f3n y cuidado.<\/p>","protected":false},"excerpt":{"rendered":"<p>Los lazos para asas de bolsos Laura son un accesorio esencial para cualquier bolso. La combinaci\u00f3n definitiva de estilo y funcionalidad, ofrecen comodidad y estilo a su vida diaria. Fabricados con materiales de alta calidad para una gran durabilidad y fiabilidad.<\/p>","protected":false},"featured_media":52462,"template":"","meta":[],"product_brand":[],"product_cat":[106],"product_tag":[],"class_list":{"0":"post-52461","1":"product","2":"type-product","3":"status-publish","4":"has-post-thumbnail","6":"product_cat-aksesouartsantas","8":"first","9":"instock","10":"taxable","11":"shipping-taxable","12":"purchasable","13":"product-type-simple"},"_links":{"self":[{"href":"https:\/\/neoergoxeiro.gr\/es\/wp-json\/wp\/v2\/product\/52461","targetHints":{"allow":["GET"]}}],"collection":[{"href":"https:\/\/neoergoxeiro.gr\/es\/wp-json\/wp\/v2\/product"}],"about":[{"href":"https:\/\/neoergoxeiro.gr\/es\/wp-json\/wp\/v2\/types\/product"}],"version-history":[{"count":1,"href":"https:\/\/neoergoxeiro.gr\/es\/wp-json\/wp\/v2\/product\/52461\/revisions"}],"predecessor-version":[{"id":62326,"href":"https:\/\/neoergoxeiro.gr\/es\/wp-json\/wp\/v2\/product\/52461\/revisions\/62326"}],"wp:featuredmedia":[{"embeddable":true,"href":"https:\/\/neoergoxeiro.gr\/es\/wp-json\/wp\/v2\/media\/52462"}],"wp:attachment":[{"href":"https:\/\/neoergoxeiro.gr\/es\/wp-json\/wp\/v2\/media?parent=52461"}],"wp:term":[{"taxonomy":"product_brand","embeddable":true,"href":"https:\/\/neoergoxeiro.gr\/es\/wp-json\/wp\/v2\/product_brand?post=52461"},{"taxonomy":"product_cat","embeddable":true,"href":"https:\/\/neoergoxeiro.gr\/es\/wp-json\/wp\/v2\/product_cat?post=52461"},{"taxonomy":"product_tag","embeddable":true,"href":"https:\/\/neoergoxeiro.gr\/es\/wp-json\/wp\/v2\/product_tag?post=52461"}],"curies":[{"name":"wp","href":"https:\/\/api.w.org\/{rel}","templated":true}]}}