{"id":52473,"date":"2025-01-22T11:23:06","date_gmt":"2025-01-22T11:23:06","guid":{"rendered":"https:\/\/neoergoxeiro.gr\/?product=bunny-baby"},"modified":"2025-10-06T20:33:52","modified_gmt":"2025-10-06T18:33:52","slug":"bunny-baby","status":"publish","type":"product","link":"https:\/\/neoergoxeiro.gr\/es\/producto\/bunny-baby\/","title":{"rendered":"Conejito"},"content":{"rendered":"<p>Bunny Baby es un material \u00fanico para coser y bordar que aportar\u00e1 frescura y alegr\u00eda a sus creaciones. Con su textura suave y sus colores vivos, este material es ideal para diversos proyectos de manualidades. Con Bunny Baby, podr\u00e1 crear f\u00e1cilmente creaciones \u00fanicas y originales para usted o sus seres queridos. Descubra la creatividad sin l\u00edmites que le ofrece Bunny Baby y eleve sus habilidades de costura a nuevos niveles. Perfecto para bordados, aplicaciones decorativas y regalos que impresionar\u00e1n.<\/p>","protected":false},"excerpt":{"rendered":"<p>Bunny Baby es el material perfecto para sus bordados a mano. Con su textura suave y sus colores vivos, realza tus proyectos creativos con estilo y calidad.<\/p>","protected":false},"featured_media":52474,"template":"","meta":[],"product_brand":[],"product_cat":[122],"product_tag":[],"class_list":{"0":"post-52473","1":"product","2":"type-product","3":"status-publish","4":"has-post-thumbnail","6":"product_cat-himalaya-dolphin-baby","8":"first","9":"instock","10":"taxable","11":"shipping-taxable","12":"purchasable","13":"product-type-simple"},"_links":{"self":[{"href":"https:\/\/neoergoxeiro.gr\/es\/wp-json\/wp\/v2\/product\/52473","targetHints":{"allow":["GET"]}}],"collection":[{"href":"https:\/\/neoergoxeiro.gr\/es\/wp-json\/wp\/v2\/product"}],"about":[{"href":"https:\/\/neoergoxeiro.gr\/es\/wp-json\/wp\/v2\/types\/product"}],"version-history":[{"count":8,"href":"https:\/\/neoergoxeiro.gr\/es\/wp-json\/wp\/v2\/product\/52473\/revisions"}],"predecessor-version":[{"id":62339,"href":"https:\/\/neoergoxeiro.gr\/es\/wp-json\/wp\/v2\/product\/52473\/revisions\/62339"}],"wp:featuredmedia":[{"embeddable":true,"href":"https:\/\/neoergoxeiro.gr\/es\/wp-json\/wp\/v2\/media\/52474"}],"wp:attachment":[{"href":"https:\/\/neoergoxeiro.gr\/es\/wp-json\/wp\/v2\/media?parent=52473"}],"wp:term":[{"taxonomy":"product_brand","embeddable":true,"href":"https:\/\/neoergoxeiro.gr\/es\/wp-json\/wp\/v2\/product_brand?post=52473"},{"taxonomy":"product_cat","embeddable":true,"href":"https:\/\/neoergoxeiro.gr\/es\/wp-json\/wp\/v2\/product_cat?post=52473"},{"taxonomy":"product_tag","embeddable":true,"href":"https:\/\/neoergoxeiro.gr\/es\/wp-json\/wp\/v2\/product_tag?post=52473"}],"curies":[{"name":"wp","href":"https:\/\/api.w.org\/{rel}","templated":true}]}}