{"id":52621,"date":"2025-02-12T09:53:53","date_gmt":"2025-02-12T09:53:53","guid":{"rendered":"https:\/\/neoergoxeiro.gr\/?product=%ce%ba%ce%ad%ce%bd%cf%84%ce%b7%ce%bc%ce%b1-pero-%ce%ba%ce%b1%cf%81%ce%ad-0-90-0-90-m"},"modified":"2025-11-11T10:17:56","modified_gmt":"2025-11-11T08:17:56","slug":"%ce%ba%ce%ad%ce%bd%cf%84%ce%b7%ce%bc%ce%b1-pero-%ce%ba%ce%b1%cf%81%ce%ad-0-90-0-90-m","status":"publish","type":"product","link":"https:\/\/neoergoxeiro.gr\/es\/producto\/%ce%ba%ce%ad%ce%bd%cf%84%ce%b7%ce%bc%ce%b1-pero-%ce%ba%ce%b1%cf%81%ce%ad-0-90-0-90-m\/","title":{"rendered":"Bordado Pero bastidor 0,90 * 0,90 m"},"content":{"rendered":"<p>El cuadrado de bordado Pero de 0,90 * 0,90 m es la elecci\u00f3n ideal para todo amante de la costura hecha a mano. Este bordado estampado sobre tejido crudo dorado ofrece una soluci\u00f3n f\u00e1cil para dise\u00f1os llamativos. Con el dise\u00f1o en el etamin y el color estampado, el bordado se convierte en un juego de ni\u00f1os. Puede utilizar hilo de bordar de tres cabos Mouline Dmc art 117 o Cotton Perle Dmc art 115 para sus bordados. Siga las instrucciones de bordado y lavado para una mayor durabilidad y longevidad. Renueve su colecci\u00f3n con este bordado Pero y cree bordados \u00fanicos con estilo.<\/p>","protected":false},"excerpt":{"rendered":"<p>El bordado Pero cuadrado 0,90 * 0,90 m es ideal para bordar f\u00e1cilmente sobre telas. Cree su propio bordado \u00fanico con una variedad de opciones de color y material.<\/p>","protected":false},"featured_media":52622,"template":"","meta":[],"product_brand":[],"product_cat":[150],"product_tag":[],"class_list":{"0":"post-52621","1":"product","2":"type-product","3":"status-publish","4":"has-post-thumbnail","6":"product_cat-pero-kentimata","8":"first","9":"instock","10":"taxable","11":"shipping-taxable","12":"purchasable","13":"product-type-variable"},"_links":{"self":[{"href":"https:\/\/neoergoxeiro.gr\/es\/wp-json\/wp\/v2\/product\/52621","targetHints":{"allow":["GET"]}}],"collection":[{"href":"https:\/\/neoergoxeiro.gr\/es\/wp-json\/wp\/v2\/product"}],"about":[{"href":"https:\/\/neoergoxeiro.gr\/es\/wp-json\/wp\/v2\/types\/product"}],"version-history":[{"count":16,"href":"https:\/\/neoergoxeiro.gr\/es\/wp-json\/wp\/v2\/product\/52621\/revisions"}],"predecessor-version":[{"id":62471,"href":"https:\/\/neoergoxeiro.gr\/es\/wp-json\/wp\/v2\/product\/52621\/revisions\/62471"}],"wp:featuredmedia":[{"embeddable":true,"href":"https:\/\/neoergoxeiro.gr\/es\/wp-json\/wp\/v2\/media\/52622"}],"wp:attachment":[{"href":"https:\/\/neoergoxeiro.gr\/es\/wp-json\/wp\/v2\/media?parent=52621"}],"wp:term":[{"taxonomy":"product_brand","embeddable":true,"href":"https:\/\/neoergoxeiro.gr\/es\/wp-json\/wp\/v2\/product_brand?post=52621"},{"taxonomy":"product_cat","embeddable":true,"href":"https:\/\/neoergoxeiro.gr\/es\/wp-json\/wp\/v2\/product_cat?post=52621"},{"taxonomy":"product_tag","embeddable":true,"href":"https:\/\/neoergoxeiro.gr\/es\/wp-json\/wp\/v2\/product_tag?post=52621"}],"curies":[{"name":"wp","href":"https:\/\/api.w.org\/{rel}","templated":true}]}}