{"id":52677,"date":"2025-02-13T10:32:57","date_gmt":"2025-02-13T10:32:57","guid":{"rendered":"https:\/\/neoergoxeiro.gr\/?product=%ce%ba%ce%b1%cf%81%ce%ad-%cf%81%ce%bf%ce%b6%ce%ad%cf%84%ce%b5%cf%82-%ce%b3%ce%ba%cf%81%ce%af-%ce%b4%ce%b1%ce%bd%cf%84%ce%ad%ce%bb%ce%b1-%ce%b3%ce%ba%cf%81%ce%af-2"},"modified":"2025-10-12T14:55:20","modified_gmt":"2025-10-12T12:55:20","slug":"%ce%ba%ce%b1%cf%81%ce%ad-%cf%81%ce%bf%ce%b6%ce%ad%cf%84%ce%b5%cf%82-%ce%b3%ce%ba%cf%81%ce%af-%ce%b4%ce%b1%ce%bd%cf%84%ce%ad%ce%bb%ce%b1-%ce%b3%ce%ba%cf%81%ce%af-2","status":"publish","type":"product","link":"https:\/\/neoergoxeiro.gr\/es\/producto\/%ce%ba%ce%b1%cf%81%ce%ad-%cf%81%ce%bf%ce%b6%ce%ad%cf%84%ce%b5%cf%82-%ce%b3%ce%ba%cf%81%ce%af-%ce%b4%ce%b1%ce%bd%cf%84%ce%ad%ce%bb%ce%b1-%ce%b3%ce%ba%cf%81%ce%af-2\/","title":{"rendered":"Marco de caja 0,85 *0,85 m"},"content":{"rendered":"<p>El contador a cuadros de 0,85 * 0,85 m es la elecci\u00f3n ideal para todo amante de la costura y el bordado. Con unas medidas de 0,85 *0,85 m, este mostrador es duradero, pr\u00e1ctico y vers\u00e1til. Fabricado con tejido de alta calidad, ofrece la base ideal para crear piezas \u00fanicas de ropa, mantas, art\u00edculos de decoraci\u00f3n y muchas otras creaciones. Con este mostrador, podr\u00e1 desarrollar su creatividad y crear maravillosas y \u00fanicas manualidades. Consiga hoy mismo el medidor de bastidores de 0,85*0,85 m y \u00a1deje volar su imaginaci\u00f3n! Caracter\u00edsticas: Tejido de alta calidad - Ideal para coser y bordar - Duradero y pr\u00e1ctico - Adecuado para diversas creaciones Vi\u00f1etas: - Ideal para coser y bordar - Tejido duradero y flexible - Dimensiones 0,85 *0,85 metros - Adecuado para diversas creaciones - Material de alta calidad para un uso duradero<\/p>","protected":false},"excerpt":{"rendered":"<p>Contador cuadrado 0,85 *0,85 m - Ideal para coser y bordar. Duradero, pr\u00e1ctico y flexible. Cree maravillosas creaciones con este textil de alta calidad.<\/p>","protected":false},"featured_media":52678,"template":"","meta":[],"product_brand":[],"product_cat":[168],"product_tag":[],"class_list":{"0":"post-52677","1":"product","2":"type-product","3":"status-publish","4":"has-post-thumbnail","6":"product_cat-metrita-kit-kentimatos","8":"first","9":"instock","10":"taxable","11":"shipping-taxable","12":"purchasable","13":"product-type-simple"},"_links":{"self":[{"href":"https:\/\/neoergoxeiro.gr\/es\/wp-json\/wp\/v2\/product\/52677","targetHints":{"allow":["GET"]}}],"collection":[{"href":"https:\/\/neoergoxeiro.gr\/es\/wp-json\/wp\/v2\/product"}],"about":[{"href":"https:\/\/neoergoxeiro.gr\/es\/wp-json\/wp\/v2\/types\/product"}],"version-history":[{"count":1,"href":"https:\/\/neoergoxeiro.gr\/es\/wp-json\/wp\/v2\/product\/52677\/revisions"}],"predecessor-version":[{"id":62484,"href":"https:\/\/neoergoxeiro.gr\/es\/wp-json\/wp\/v2\/product\/52677\/revisions\/62484"}],"wp:featuredmedia":[{"embeddable":true,"href":"https:\/\/neoergoxeiro.gr\/es\/wp-json\/wp\/v2\/media\/52678"}],"wp:attachment":[{"href":"https:\/\/neoergoxeiro.gr\/es\/wp-json\/wp\/v2\/media?parent=52677"}],"wp:term":[{"taxonomy":"product_brand","embeddable":true,"href":"https:\/\/neoergoxeiro.gr\/es\/wp-json\/wp\/v2\/product_brand?post=52677"},{"taxonomy":"product_cat","embeddable":true,"href":"https:\/\/neoergoxeiro.gr\/es\/wp-json\/wp\/v2\/product_cat?post=52677"},{"taxonomy":"product_tag","embeddable":true,"href":"https:\/\/neoergoxeiro.gr\/es\/wp-json\/wp\/v2\/product_tag?post=52677"}],"curies":[{"name":"wp","href":"https:\/\/api.w.org\/{rel}","templated":true}]}}