{"id":52719,"date":"2025-02-22T11:29:30","date_gmt":"2025-02-22T11:29:30","guid":{"rendered":"https:\/\/neoergoxeiro.gr\/?product=%cf%80%cf%8c%ce%bd%cf%84%cf%83%ce%b1-%ce%b3%ce%ba%cf%81%ce%af-%cf%87%cf%81%cf%85%cf%83%cf%8c-%ce%b1%ce%bd%cf%84%ce%b9%ce%b3%cf%81%ce%b1%cf%86%ce%ae"},"modified":"2025-10-13T21:30:41","modified_gmt":"2025-10-13T19:30:41","slug":"%cf%80%cf%8c%ce%bd%cf%84%cf%83%ce%b1-%ce%b3%ce%ba%cf%81%ce%af-%cf%87%cf%81%cf%85%cf%83%cf%8c-%ce%b1%ce%bd%cf%84%ce%b9%ce%b3%cf%81%ce%b1%cf%86%ce%ae","status":"publish","type":"product","link":"https:\/\/neoergoxeiro.gr\/es\/producto\/%cf%80%cf%8c%ce%bd%cf%84%cf%83%ce%b1-%ce%b3%ce%ba%cf%81%ce%af-%cf%87%cf%81%cf%85%cf%83%cf%8c-%ce%b1%ce%bd%cf%84%ce%b9%ce%b3%cf%81%ce%b1%cf%86%ce%ae\/","title":{"rendered":"Poncha oro crudo"},"content":{"rendered":"<p>El poncho crudo dorado es el complemento perfecto para cualquier amante de los bordados. Con un dise\u00f1o \u00fanico que destila lujo, este poncho a\u00f1adir\u00e1 brillo y estilo a su ropa y accesorios. Fabricado con materiales de alta calidad, el poncho ofrece comodidad y durabilidad. Util\u00edcelo para crear bordados \u00fanicos en prendas de vestir, toallas, almohadas y otros proyectos creativos. Descubra el mundo de la costura artesanal con el Poncho Oro Crudo y a\u00f1ada brillo a cada creaci\u00f3n.<\/p>","protected":false},"excerpt":{"rendered":"<p>El poncho crudo dorado es ideal para a\u00f1adir brillo a sus bordados. Dise\u00f1o \u00fanico con un intenso color dorado que destaca. Actualice su ropa y accesorios con este poncho de alta calidad.<\/p>","protected":false},"featured_media":52720,"template":"","meta":[],"product_brand":[],"product_cat":[88],"product_tag":[],"class_list":{"0":"post-52719","1":"product","2":"type-product","3":"status-publish","4":"has-post-thumbnail","6":"product_cat-yfasmata-knetimatos","8":"first","9":"instock","10":"taxable","11":"shipping-taxable","12":"purchasable","13":"product-type-simple"},"_links":{"self":[{"href":"https:\/\/neoergoxeiro.gr\/es\/wp-json\/wp\/v2\/product\/52719","targetHints":{"allow":["GET"]}}],"collection":[{"href":"https:\/\/neoergoxeiro.gr\/es\/wp-json\/wp\/v2\/product"}],"about":[{"href":"https:\/\/neoergoxeiro.gr\/es\/wp-json\/wp\/v2\/types\/product"}],"version-history":[{"count":1,"href":"https:\/\/neoergoxeiro.gr\/es\/wp-json\/wp\/v2\/product\/52719\/revisions"}],"predecessor-version":[{"id":62507,"href":"https:\/\/neoergoxeiro.gr\/es\/wp-json\/wp\/v2\/product\/52719\/revisions\/62507"}],"wp:featuredmedia":[{"embeddable":true,"href":"https:\/\/neoergoxeiro.gr\/es\/wp-json\/wp\/v2\/media\/52720"}],"wp:attachment":[{"href":"https:\/\/neoergoxeiro.gr\/es\/wp-json\/wp\/v2\/media?parent=52719"}],"wp:term":[{"taxonomy":"product_brand","embeddable":true,"href":"https:\/\/neoergoxeiro.gr\/es\/wp-json\/wp\/v2\/product_brand?post=52719"},{"taxonomy":"product_cat","embeddable":true,"href":"https:\/\/neoergoxeiro.gr\/es\/wp-json\/wp\/v2\/product_cat?post=52719"},{"taxonomy":"product_tag","embeddable":true,"href":"https:\/\/neoergoxeiro.gr\/es\/wp-json\/wp\/v2\/product_tag?post=52719"}],"curies":[{"name":"wp","href":"https:\/\/api.w.org\/{rel}","templated":true}]}}