{"id":52728,"date":"2025-02-25T10:54:13","date_gmt":"2025-02-25T10:54:13","guid":{"rendered":"https:\/\/neoergoxeiro.gr\/?product=%cf%84%cf%81%ce%b1%cf%80%ce%b5%ce%b6%ce%bf%ce%ba%ce%b1%cf%81%ce%ad-pero-1-20-1-00-m"},"modified":"2025-11-11T10:17:56","modified_gmt":"2025-11-11T08:17:56","slug":"%cf%84%cf%81%ce%b1%cf%80%ce%b5%ce%b6%ce%bf%ce%ba%ce%b1%cf%81%ce%ad-pero-1-20-1-00-m","status":"publish","type":"product","link":"https:\/\/neoergoxeiro.gr\/es\/producto\/%cf%84%cf%81%ce%b1%cf%80%ce%b5%ce%b6%ce%bf%ce%ba%ce%b1%cf%81%ce%ad-pero-1-20-1-00-m\/","title":{"rendered":"Marco de mesa Pero 1,20 * 1,00 m"},"content":{"rendered":"<p>El bastidor de mesa Pero 1,20*1,00m es ideal para los amantes del bordado. El exclusivo dise\u00f1o de bordado estampado en tejido dorado crudo a\u00f1ade un toque de lujo a su espacio. B\u00f3rdelo con un ramillete de tres hebras Mouline Dmc o Cotton Perle Dmc para conseguir un efecto impresionante. Siguiendo las instrucciones de lavado, eliminar\u00e1 f\u00e1cilmente los restos de pintura y mantendr\u00e1 los hilos estables. Disfrute sin preocupaciones. Mejore su espacio con el bastidor de mesa Pero y demuestre su talento para la costura y el bordado a mano.<\/p>","protected":false},"excerpt":{"rendered":"<p>El bastidor de mesa Pero 1.20*1.00m est\u00e1 estampado con un dise\u00f1o de bordado \u00fanico en tejido crudo dorado. Ideal para bordar con Mouline Dmc o Cotton Perle Dmc de tres cabos. Siga f\u00e1cilmente las instrucciones de lavado para una mayor durabilidad y longevidad.<\/p>","protected":false},"featured_media":52729,"template":"","meta":[],"product_brand":[],"product_cat":[150],"product_tag":[],"class_list":{"0":"post-52728","1":"product","2":"type-product","3":"status-publish","4":"has-post-thumbnail","6":"product_cat-pero-kentimata","8":"first","9":"instock","10":"taxable","11":"shipping-taxable","12":"purchasable","13":"product-type-variable"},"_links":{"self":[{"href":"https:\/\/neoergoxeiro.gr\/es\/wp-json\/wp\/v2\/product\/52728","targetHints":{"allow":["GET"]}}],"collection":[{"href":"https:\/\/neoergoxeiro.gr\/es\/wp-json\/wp\/v2\/product"}],"about":[{"href":"https:\/\/neoergoxeiro.gr\/es\/wp-json\/wp\/v2\/types\/product"}],"version-history":[{"count":3,"href":"https:\/\/neoergoxeiro.gr\/es\/wp-json\/wp\/v2\/product\/52728\/revisions"}],"predecessor-version":[{"id":62515,"href":"https:\/\/neoergoxeiro.gr\/es\/wp-json\/wp\/v2\/product\/52728\/revisions\/62515"}],"wp:featuredmedia":[{"embeddable":true,"href":"https:\/\/neoergoxeiro.gr\/es\/wp-json\/wp\/v2\/media\/52729"}],"wp:attachment":[{"href":"https:\/\/neoergoxeiro.gr\/es\/wp-json\/wp\/v2\/media?parent=52728"}],"wp:term":[{"taxonomy":"product_brand","embeddable":true,"href":"https:\/\/neoergoxeiro.gr\/es\/wp-json\/wp\/v2\/product_brand?post=52728"},{"taxonomy":"product_cat","embeddable":true,"href":"https:\/\/neoergoxeiro.gr\/es\/wp-json\/wp\/v2\/product_cat?post=52728"},{"taxonomy":"product_tag","embeddable":true,"href":"https:\/\/neoergoxeiro.gr\/es\/wp-json\/wp\/v2\/product_tag?post=52728"}],"curies":[{"name":"wp","href":"https:\/\/api.w.org\/{rel}","templated":true}]}}