{"id":72512,"date":"2025-11-15T13:52:57","date_gmt":"2025-11-15T11:52:57","guid":{"rendered":"https:\/\/neoergoxeiro.gr\/?post_type=product&#038;p=72512"},"modified":"2026-02-27T16:48:42","modified_gmt":"2026-02-27T14:48:42","slug":"velvet-purple-type-marshmallow","status":"publish","type":"product","link":"https:\/\/neoergoxeiro.gr\/es\/producto\/velvet-purple-type-marshmallow\/","title":{"rendered":"Terciopelo - Tipo p\u00farpura. Malvavisco"},"content":{"rendered":"<h3 data-start=\"76\" data-end=\"114\"><strong data-start=\"80\" data-end=\"114\">Terciopelo Polypuff de Grande Yarn<\/strong><\/h3>\n<p data-start=\"116\" data-end=\"345\">En <strong data-start=\"119\" data-end=\"138\">terciopelo polypuff<\/strong> de Grande Yarn es el hilo de felpa definitivo para creaciones lujosas y \u00fanicas hechas a mano.<br data-start=\"238\" data-end=\"241\" \/>Es una opci\u00f3n de primera calidad para los amantes del punto, el dise\u00f1o de ganchillo y el estilo artesanal elevado.<\/p>\n<p data-start=\"347\" data-end=\"366\"><strong data-start=\"347\" data-end=\"366\">Caracter\u00edsticas:<\/strong><\/p>\n<ul data-start=\"367\" data-end=\"631\">\n<li data-start=\"367\" data-end=\"431\">\n<p data-start=\"369\" data-end=\"431\">\u2714\ufe0f <strong data-start=\"372\" data-end=\"387\">100% Terciopelo<\/strong> - textura suave y lujosa con un tacto de primera<\/p>\n<\/li>\n<li data-start=\"432\" data-end=\"456\">\n<p data-start=\"434\" data-end=\"456\">\u2714\ufe0f Peso: <strong data-start=\"444\" data-end=\"454\">1500gr<\/strong><\/p>\n<\/li>\n<li data-start=\"457\" data-end=\"478\">\n<p data-start=\"459\" data-end=\"478\">\u2714\ufe0f Longitud: <strong data-start=\"469\" data-end=\"476\">40m<\/strong><\/p>\n<\/li>\n<li data-start=\"479\" data-end=\"542\">\n<p data-start=\"481\" data-end=\"542\">\u2714\ufe0f Espesor y densidad impresionantes para resultados de declaraci\u00f3n<\/p>\n<\/li>\n<li data-start=\"543\" data-end=\"588\">\n<p data-start=\"545\" data-end=\"588\">\u2714\ufe0f Alta resistencia y excelente elasticidad<\/p>\n<\/li>\n<li data-start=\"589\" data-end=\"631\">\n<p data-start=\"591\" data-end=\"631\">\u2714\ufe0f Ideal para principiantes y avanzados<\/p>\n<\/li>\n<\/ul>\n<p data-start=\"633\" data-end=\"649\"><strong data-start=\"633\" data-end=\"649\">Ideal para:<\/strong><\/p>\n<ul data-start=\"650\" data-end=\"823\">\n<li data-start=\"650\" data-end=\"683\">\n<p data-start=\"652\" data-end=\"683\">\ud83d\udc5c Bolsos y carteras de punto<\/p>\n<\/li>\n<li data-start=\"684\" data-end=\"726\">\n<p data-start=\"686\" data-end=\"726\">\ud83d\udecb\ufe0f Mantas y mantas decorativas<\/p>\n<\/li>\n<li data-start=\"727\" data-end=\"766\">\n<p data-start=\"729\" data-end=\"766\">\ud83d\udc3e Camas y nidos acogedores para mascotas<\/p>\n<\/li>\n<li data-start=\"767\" data-end=\"793\">\n<p data-start=\"769\" data-end=\"793\">\ud83e\uddf5 Proyectos de decoraci\u00f3n para el hogar<\/p>\n<\/li>\n<li data-start=\"794\" data-end=\"823\">\n<p data-start=\"796\" data-end=\"823\">\ud83c\udf81 Regalos hechos a mano de primera calidad<\/p>\n<\/li>\n<\/ul>\n<p data-start=\"825\" data-end=\"958\">El terciopelo Polypuff ofrece una textura rica, un aspecto lujoso y una suavidad \u00fanica: cada proyecto se convierte en una aut\u00e9ntica pieza de dise\u00f1o.<\/p>","protected":false},"excerpt":{"rendered":"<p>Hilo de terciopelo <strong data-start=\"15\" data-end=\"34\">terciopelo polypuff<\/strong> Grande Yarn (1500g, 40m) - maravillosamente suave, lujoso y con un volumen impresionante. Perfecto para bolsos de punto \u00fanicos, acogedoras mantas, elegantes camas para perros y cualquier creaci\u00f3n hecha a mano que desee destacar \u2728.<\/p>","protected":false},"featured_media":74064,"template":"","meta":[],"product_brand":[],"product_cat":[112,141],"product_tag":[172,195,194],"class_list":{"0":"post-72512","1":"product","2":"type-product","3":"status-publish","4":"has-post-thumbnail","6":"product_cat-velvet-marshmallow-grande-yarn-velourmallow","7":"product_cat-velvet-marshmallow-grande-yarn-nimata-tsantas","8":"product_tag-marshmallow","9":"product_tag-polypuff","10":"product_tag-velvet","12":"first","13":"instock","14":"sale","15":"taxable","16":"shipping-taxable","17":"purchasable","18":"product-type-simple"},"_links":{"self":[{"href":"https:\/\/neoergoxeiro.gr\/es\/wp-json\/wp\/v2\/product\/72512","targetHints":{"allow":["GET"]}}],"collection":[{"href":"https:\/\/neoergoxeiro.gr\/es\/wp-json\/wp\/v2\/product"}],"about":[{"href":"https:\/\/neoergoxeiro.gr\/es\/wp-json\/wp\/v2\/types\/product"}],"version-history":[{"count":1,"href":"https:\/\/neoergoxeiro.gr\/es\/wp-json\/wp\/v2\/product\/72512\/revisions"}],"predecessor-version":[{"id":72515,"href":"https:\/\/neoergoxeiro.gr\/es\/wp-json\/wp\/v2\/product\/72512\/revisions\/72515"}],"wp:featuredmedia":[{"embeddable":true,"href":"https:\/\/neoergoxeiro.gr\/es\/wp-json\/wp\/v2\/media\/74064"}],"wp:attachment":[{"href":"https:\/\/neoergoxeiro.gr\/es\/wp-json\/wp\/v2\/media?parent=72512"}],"wp:term":[{"taxonomy":"product_brand","embeddable":true,"href":"https:\/\/neoergoxeiro.gr\/es\/wp-json\/wp\/v2\/product_brand?post=72512"},{"taxonomy":"product_cat","embeddable":true,"href":"https:\/\/neoergoxeiro.gr\/es\/wp-json\/wp\/v2\/product_cat?post=72512"},{"taxonomy":"product_tag","embeddable":true,"href":"https:\/\/neoergoxeiro.gr\/es\/wp-json\/wp\/v2\/product_tag?post=72512"}],"curies":[{"name":"wp","href":"https:\/\/api.w.org\/{rel}","templated":true}]}}