{"id":72927,"date":"2025-11-22T12:56:21","date_gmt":"2025-11-22T10:56:21","guid":{"rendered":"https:\/\/neoergoxeiro.gr\/?post_type=product&#038;p=72927"},"modified":"2026-03-19T12:14:08","modified_gmt":"2026-03-19T10:14:08","slug":"t-shirt-yarn-black-maccheroni","status":"publish","type":"product","link":"https:\/\/neoergoxeiro.gr\/es\/producto\/t-shirt-yarn-black-maccheroni\/","title":{"rendered":"Hilo para camisetas - Negro (Maccheroni)"},"content":{"rendered":"<p data-start=\"551\" data-end=\"832\">En <strong data-start=\"554\" data-end=\"597\">Camiseta Hilo Maccheroni de Grande Yarn<\/strong> es lo \u00faltimo en hilos para creaciones artesanales. Hecho de <strong data-start=\"679\" data-end=\"713\">90% algod\u00f3n y 10% poli\u00e9ster<\/strong>, ofrece una durabilidad excelente, una textura natural y un car\u00e1cter ecol\u00f3gico, ya que se fabrica a partir de tejidos reciclados de camisetas.<\/p>\n<p data-start=\"834\" data-end=\"1067\">Cada bola (650-750 g) es ideal para la construcci\u00f3n de <strong data-start=\"902\" data-end=\"929\">bolsa de tama\u00f1o peque\u00f1o<\/strong>, mientras que usted puede crear hermosas <strong data-start=\"970\" data-end=\"1013\">cestas, estuches, posavasos y adornos<\/strong> con un agarre firme y un resultado de punto limpio.<\/p>\n<h3 data-start=\"1288\" data-end=\"1326\"><strong data-start=\"1292\" data-end=\"1326\">Caracter\u00edsticas y ventajas<\/strong><\/h3>\n<ul data-start=\"1327\" data-end=\"1684\">\n<li data-start=\"1327\" data-end=\"1366\">\n<p data-start=\"1329\" data-end=\"1366\">\u2b50 <strong data-start=\"1331\" data-end=\"1364\">90% algod\u00f3n - 10% poli\u00e9ster<\/strong><\/p>\n<\/li>\n<li data-start=\"1367\" data-end=\"1434\">\n<p data-start=\"1369\" data-end=\"1434\">\u267b\ufe0f Respetuosa con el medio ambiente: a partir de tejidos reciclados Camiseta<\/p>\n<\/li>\n<li data-start=\"1435\" data-end=\"1495\">\n<p data-start=\"1437\" data-end=\"1495\">\ud83d\udc5c Ideal para bolsas, cestas y art\u00edculos pr\u00e1cticos.<\/p>\n<\/li>\n<li data-start=\"1496\" data-end=\"1535\">\n<p data-start=\"1498\" data-end=\"1535\">\ud83c\udfa8 Cada tono con un c\u00f3digo \u00fanico<\/p>\n<\/li>\n<li data-start=\"1536\" data-end=\"1587\">\n<p data-start=\"1538\" data-end=\"1587\">\ud83d\udcf8 Fotos reales de cada nuevo lote<\/p>\n<\/li>\n<li data-start=\"1588\" data-end=\"1629\">\n<p data-start=\"1590\" data-end=\"1629\">\ud83e\uddf5 Ganchillo sugerido: <strong data-start=\"1616\" data-end=\"1627\">N\u00ba 8-12<\/strong><\/p>\n<\/li>\n<li data-start=\"1657\" data-end=\"1684\">\n<p data-start=\"1659\" data-end=\"1684\">\u2696\ufe0f Peso: <strong data-start=\"1669\" data-end=\"1682\">650-750g<\/strong><\/p>\n<\/li>\n<\/ul>\n<h3 data-start=\"1686\" data-end=\"1714\"><strong data-start=\"1690\" data-end=\"1712\">Nota importante<\/strong><\/h3>\n<p data-start=\"1715\" data-end=\"1868\">Elija desde el principio la cantidad que necesita: los lotes pueden variar ligeramente y no siempre se dispone de la misma textura y tono exactos.<\/p>","protected":false},"excerpt":{"rendered":"<p>El tipo de hilo para camisetas <em data-start=\"231\" data-end=\"243\">Maccheroni<\/em> de Grande Yarn es un hilo de algod\u00f3n de alta tenacidad, ideal para bolsos, cestas y creaciones decorativas. Hecho de algod\u00f3n 90% y poli\u00e9ster 10%, con un peso de 650-750g.<\/p>","protected":false},"featured_media":72922,"template":"","meta":[],"product_brand":[],"product_cat":[199,196],"product_tag":[198,197],"class_list":{"0":"post-72927","1":"product","2":"type-product","3":"status-publish","4":"has-post-thumbnail","6":"product_cat-grandeyarn-maccheroni-nimata-tsantas","7":"product_cat-grandeyarn-maccheroni","8":"product_tag-maccheroni","9":"product_tag-tshirt","11":"first","12":"instock","13":"taxable","14":"shipping-taxable","15":"purchasable","16":"product-type-simple"},"_links":{"self":[{"href":"https:\/\/neoergoxeiro.gr\/es\/wp-json\/wp\/v2\/product\/72927","targetHints":{"allow":["GET"]}}],"collection":[{"href":"https:\/\/neoergoxeiro.gr\/es\/wp-json\/wp\/v2\/product"}],"about":[{"href":"https:\/\/neoergoxeiro.gr\/es\/wp-json\/wp\/v2\/types\/product"}],"version-history":[{"count":1,"href":"https:\/\/neoergoxeiro.gr\/es\/wp-json\/wp\/v2\/product\/72927\/revisions"}],"predecessor-version":[{"id":72928,"href":"https:\/\/neoergoxeiro.gr\/es\/wp-json\/wp\/v2\/product\/72927\/revisions\/72928"}],"wp:featuredmedia":[{"embeddable":true,"href":"https:\/\/neoergoxeiro.gr\/es\/wp-json\/wp\/v2\/media\/72922"}],"wp:attachment":[{"href":"https:\/\/neoergoxeiro.gr\/es\/wp-json\/wp\/v2\/media?parent=72927"}],"wp:term":[{"taxonomy":"product_brand","embeddable":true,"href":"https:\/\/neoergoxeiro.gr\/es\/wp-json\/wp\/v2\/product_brand?post=72927"},{"taxonomy":"product_cat","embeddable":true,"href":"https:\/\/neoergoxeiro.gr\/es\/wp-json\/wp\/v2\/product_cat?post=72927"},{"taxonomy":"product_tag","embeddable":true,"href":"https:\/\/neoergoxeiro.gr\/es\/wp-json\/wp\/v2\/product_tag?post=72927"}],"curies":[{"name":"wp","href":"https:\/\/api.w.org\/{rel}","templated":true}]}}