{"id":73194,"date":"2025-11-29T15:10:43","date_gmt":"2025-11-29T13:10:43","guid":{"rendered":"https:\/\/neoergoxeiro.gr\/?post_type=product&#038;p=73194"},"modified":"2026-01-29T11:11:21","modified_gmt":"2026-01-29T09:11:21","slug":"medusa-bordeaux","status":"publish","type":"product","link":"https:\/\/neoergoxeiro.gr\/es\/producto\/medusa-bordeaux\/","title":{"rendered":"Medusa - Burdeos"},"content":{"rendered":"<h2 data-start=\"146\" data-end=\"183\"><strong data-start=\"149\" data-end=\"183\">Polypuff Medusa de Grande Yarn<\/strong><\/h2>\n<p data-start=\"185\" data-end=\"491\">En <strong data-start=\"188\" data-end=\"207\">medusa polypuff<\/strong> Grande Yarn es lo \u00faltimo en hilos brillantes <em data-start=\"263\" data-end=\"270\">Lurex<\/em>, dise\u00f1ada para creaciones artesanales de gran calidad, glamurosas y con personalidad.<br data-start=\"345\" data-end=\"348\" \/>Con un brillo impresionante y una densidad \u00fanica, es una elecci\u00f3n ideal para los amantes de los proyectos con una est\u00e9tica glamurosa y un dise\u00f1o de ganchillo elevado.<\/p>\n<p data-start=\"347\" data-end=\"366\"><strong data-start=\"347\" data-end=\"366\">Caracter\u00edsticas:<\/strong><\/p>\n<ul data-start=\"367\" data-end=\"631\">\n<li data-start=\"367\" data-end=\"431\">\n<p data-start=\"369\" data-end=\"431\">\u2714\ufe0f <strong data-start=\"521\" data-end=\"546\">Lurex Textura Purpurina<\/strong> - textura brillante y lujosa<\/p>\n<\/li>\n<li data-start=\"432\" data-end=\"456\">\n<p data-start=\"434\" data-end=\"456\">\u2714\ufe0f Peso: <strong data-start=\"444\" data-end=\"454\">1000gr<\/strong><\/p>\n<\/li>\n<li data-start=\"457\" data-end=\"478\">\n<p data-start=\"459\" data-end=\"478\">\u2714\ufe0f Longitud: <strong data-start=\"469\" data-end=\"476\">30m<\/strong><\/p>\n<\/li>\n<li data-start=\"479\" data-end=\"542\">\n<p data-start=\"481\" data-end=\"542\">\u2714\ufe0f Espesor y densidad impresionantes para resultados de declaraci\u00f3n<\/p>\n<\/li>\n<li data-start=\"543\" data-end=\"588\">\n<p data-start=\"545\" data-end=\"588\">\u2714\ufe0f Alta resistencia y excelente elasticidad<\/p>\n<\/li>\n<li data-start=\"589\" data-end=\"631\">\n<p data-start=\"591\" data-end=\"631\">\u2714\ufe0f Ideal para principiantes y avanzados<\/p>\n<\/li>\n<\/ul>\n<p data-start=\"633\" data-end=\"649\"><strong data-start=\"633\" data-end=\"649\">Ideal para:<\/strong><\/p>\n<ul data-start=\"650\" data-end=\"823\">\n<li data-start=\"650\" data-end=\"683\">\n<p data-start=\"652\" data-end=\"683\">\ud83d\udc5c Bolsos y carteras de punto<\/p>\n<\/li>\n<li data-start=\"767\" data-end=\"793\">\n<p data-start=\"769\" data-end=\"793\">\ud83e\uddf5 Proyectos de decoraci\u00f3n para el hogar<\/p>\n<\/li>\n<li data-start=\"794\" data-end=\"823\">\n<p data-start=\"796\" data-end=\"823\">\ud83c\udf81 Regalos hechos a mano de primera calidad<\/p>\n<\/li>\n<\/ul>\n<p data-start=\"825\" data-end=\"958\">En <strong data-start=\"1021\" data-end=\"1040\">medusa polypuff<\/strong> ofrece un brillo \u00fanico, una est\u00e9tica glamurosa y un intenso efecto de purpurina: cada proyecto se convierte en un aut\u00e9ntico proyecto de purpurina <strong data-start=\"1154\" data-end=\"1170\">show-stopper<\/strong>.<\/p>","protected":false},"excerpt":{"rendered":"<p>Hilo de purpurina Polypuff Medusa de Grande Yarn (1000 g, 30 m): brillante, glamuroso y con una densidad impresionante. Perfecto para bolsos de punto llamativos, adornos deslumbrantes, bolsos de fiesta y cualquier creaci\u00f3n con la que quieras brillar \u2728.<\/p>","protected":false},"featured_media":73195,"template":"","meta":[],"product_brand":[],"product_cat":[214,215],"product_tag":[],"class_list":{"0":"post-73194","1":"product","2":"type-product","3":"status-publish","4":"has-post-thumbnail","6":"product_cat-medusa-lurex","7":"product_cat-medusa-lurex-nimata-tsantas","9":"first","10":"instock","11":"taxable","12":"shipping-taxable","13":"purchasable","14":"product-type-simple"},"_links":{"self":[{"href":"https:\/\/neoergoxeiro.gr\/es\/wp-json\/wp\/v2\/product\/73194","targetHints":{"allow":["GET"]}}],"collection":[{"href":"https:\/\/neoergoxeiro.gr\/es\/wp-json\/wp\/v2\/product"}],"about":[{"href":"https:\/\/neoergoxeiro.gr\/es\/wp-json\/wp\/v2\/types\/product"}],"version-history":[{"count":1,"href":"https:\/\/neoergoxeiro.gr\/es\/wp-json\/wp\/v2\/product\/73194\/revisions"}],"predecessor-version":[{"id":73197,"href":"https:\/\/neoergoxeiro.gr\/es\/wp-json\/wp\/v2\/product\/73194\/revisions\/73197"}],"wp:featuredmedia":[{"embeddable":true,"href":"https:\/\/neoergoxeiro.gr\/es\/wp-json\/wp\/v2\/media\/73195"}],"wp:attachment":[{"href":"https:\/\/neoergoxeiro.gr\/es\/wp-json\/wp\/v2\/media?parent=73194"}],"wp:term":[{"taxonomy":"product_brand","embeddable":true,"href":"https:\/\/neoergoxeiro.gr\/es\/wp-json\/wp\/v2\/product_brand?post=73194"},{"taxonomy":"product_cat","embeddable":true,"href":"https:\/\/neoergoxeiro.gr\/es\/wp-json\/wp\/v2\/product_cat?post=73194"},{"taxonomy":"product_tag","embeddable":true,"href":"https:\/\/neoergoxeiro.gr\/es\/wp-json\/wp\/v2\/product_tag?post=73194"}],"curies":[{"name":"wp","href":"https:\/\/api.w.org\/{rel}","templated":true}]}}