{"id":73727,"date":"2026-01-23T13:07:07","date_gmt":"2026-01-23T11:07:07","guid":{"rendered":"https:\/\/neoergoxeiro.gr\/?post_type=product&#038;p=73727"},"modified":"2026-03-23T16:49:23","modified_gmt":"2026-03-23T14:49:23","slug":"elvis-bag-kit-grez","status":"publish","type":"product","link":"https:\/\/neoergoxeiro.gr\/es\/producto\/elvis-bag-kit-grez\/","title":{"rendered":"Elvis - Kit de bolsa (Grez)"},"content":{"rendered":"<h2 data-start=\"129\" data-end=\"165\"><strong data-start=\"132\" data-end=\"165\">Polypuff Elvis de Grande Yarn<\/strong><\/h2>\n<p data-start=\"167\" data-end=\"428\">En <strong data-start=\"170\" data-end=\"188\">Polypuff Elvis<\/strong> de Grande Yarn es el hilo de cuero de \u00faltima declaraci\u00f3n para creaciones con car\u00e1cter, intensidad y alta est\u00e9tica. \u2728<br data-start=\"307\" data-end=\"310\" \/>Con una impresionante textura efecto cuero y una construcci\u00f3n robusta, confiere a cada proyecto una identidad premium y a la moda.\ud83e\uddf5<\/p>\n<p data-start=\"347\" data-end=\"366\"><strong data-start=\"347\" data-end=\"366\">Caracter\u00edsticas:<\/strong><\/p>\n<ul data-start=\"367\" data-end=\"631\">\n<li data-start=\"367\" data-end=\"431\">\n<p data-start=\"369\" data-end=\"431\">\u2714\ufe0f polipiel, textura suave y lujosa con tacto premium<\/p>\n<\/li>\n<li data-start=\"432\" data-end=\"456\">\n<p data-start=\"434\" data-end=\"456\">\u2714\ufe0f Peso: <strong data-start=\"444\" data-end=\"454\">700gr<\/strong><\/p>\n<\/li>\n<li data-start=\"457\" data-end=\"478\">\n<p data-start=\"459\" data-end=\"478\">\u2714\ufe0f Longitud: <strong data-start=\"469\" data-end=\"476\">30m<\/strong><\/p>\n<\/li>\n<li data-start=\"479\" data-end=\"542\">\n<p data-start=\"481\" data-end=\"542\">\u2714\ufe0f Espesor y densidad impresionantes para resultados de declaraci\u00f3n<\/p>\n<\/li>\n<li data-start=\"543\" data-end=\"588\">\n<p data-start=\"545\" data-end=\"588\">\u2714\ufe0f Alta resistencia y excelente elasticidad<\/p>\n<\/li>\n<li data-start=\"589\" data-end=\"631\">\n<p data-start=\"591\" data-end=\"631\">\u2714\ufe0f Ideal para principiantes y avanzados<\/p>\n<\/li>\n<\/ul>\n<p data-start=\"633\" data-end=\"649\"><strong data-start=\"633\" data-end=\"649\">Ideal para:<\/strong><\/p>\n<ul data-start=\"650\" data-end=\"823\">\n<li data-start=\"650\" data-end=\"683\">\n<p data-start=\"652\" data-end=\"683\">\ud83d\udc5c Bolsos y carteras de punto<\/p>\n<\/li>\n<li data-start=\"650\" data-end=\"683\">\n<p data-start=\"652\" data-end=\"683\">\ud83d\udc3e Camas y nidos acogedores para mascotas<\/p>\n<\/li>\n<li data-start=\"727\" data-end=\"766\">\ud83e\uddf5 Proyectos de decoraci\u00f3n para el hogar<\/li>\n<li data-start=\"794\" data-end=\"823\">\n<p data-start=\"796\" data-end=\"823\">\ud83c\udf81 Regalos hechos a mano de primera calidad<\/p>\n<\/li>\n<\/ul>\n<p data-start=\"825\" data-end=\"958\">En <strong data-start=\"1001\" data-end=\"1019\">Polypuff Elvis<\/strong> es ideal para quienes adoran lo hecho a mano pero quieren un producto m\u00e1s <strong data-start=\"1084\" data-end=\"1128\">moda, efecto urbano y estructurado<\/strong> gracias a la textura de polipiel.<\/p>","protected":false},"excerpt":{"rendered":"<p><strong data-start=\"67\" data-end=\"127\">Kit de bolso Polypuff Elvis (efecto cuero)<\/strong><br data-start=\"127\" data-end=\"130\" \/>Cree un bolso moderno y estructurado con un impresionante efecto cuero. El kit incluye <strong data-start=\"236\" data-end=\"294\">2 fardos de cuero Polypuff Elvis (30 m cada uno)<\/strong> y <strong data-start=\"299\" data-end=\"312\">1 Freddie (50 metros) <\/strong>para completar el dise\u00f1o con elegantes flecos. Ideal para creaciones de moda hechas a mano con textura premium. \u2728<\/p>","protected":false},"featured_media":73728,"template":"","meta":[],"product_brand":[],"product_cat":[82],"product_tag":[238,237],"class_list":{"0":"post-73727","1":"product","2":"type-product","3":"status-publish","4":"has-post-thumbnail","6":"product_cat-ilika-plektis-tsantas","7":"product_tag-bagkit","8":"product_tag-elvids","10":"first","11":"outofstock","12":"taxable","13":"shipping-taxable","14":"purchasable","15":"product-type-simple"},"_links":{"self":[{"href":"https:\/\/neoergoxeiro.gr\/es\/wp-json\/wp\/v2\/product\/73727","targetHints":{"allow":["GET"]}}],"collection":[{"href":"https:\/\/neoergoxeiro.gr\/es\/wp-json\/wp\/v2\/product"}],"about":[{"href":"https:\/\/neoergoxeiro.gr\/es\/wp-json\/wp\/v2\/types\/product"}],"version-history":[{"count":1,"href":"https:\/\/neoergoxeiro.gr\/es\/wp-json\/wp\/v2\/product\/73727\/revisions"}],"predecessor-version":[{"id":73730,"href":"https:\/\/neoergoxeiro.gr\/es\/wp-json\/wp\/v2\/product\/73727\/revisions\/73730"}],"wp:featuredmedia":[{"embeddable":true,"href":"https:\/\/neoergoxeiro.gr\/es\/wp-json\/wp\/v2\/media\/73728"}],"wp:attachment":[{"href":"https:\/\/neoergoxeiro.gr\/es\/wp-json\/wp\/v2\/media?parent=73727"}],"wp:term":[{"taxonomy":"product_brand","embeddable":true,"href":"https:\/\/neoergoxeiro.gr\/es\/wp-json\/wp\/v2\/product_brand?post=73727"},{"taxonomy":"product_cat","embeddable":true,"href":"https:\/\/neoergoxeiro.gr\/es\/wp-json\/wp\/v2\/product_cat?post=73727"},{"taxonomy":"product_tag","embeddable":true,"href":"https:\/\/neoergoxeiro.gr\/es\/wp-json\/wp\/v2\/product_tag?post=73727"}],"curies":[{"name":"wp","href":"https:\/\/api.w.org\/{rel}","templated":true}]}}