{"id":73814,"date":"2026-02-06T16:48:58","date_gmt":"2026-02-06T14:48:58","guid":{"rendered":"https:\/\/neoergoxeiro.gr\/?post_type=product&#038;p=73814"},"modified":"2026-02-13T16:48:59","modified_gmt":"2026-02-13T14:48:59","slug":"sunset-pink-silver","status":"publish","type":"product","link":"https:\/\/neoergoxeiro.gr\/es\/producto\/sunset-pink-silver\/","title":{"rendered":"Sunset &#8211; Pink\/Lilac"},"content":{"rendered":"<h2 data-start=\"129\" data-end=\"165\"><strong data-start=\"132\" data-end=\"165\">Puesta de sol by Grande Yarn<\/strong><\/h2>\n<p data-start=\"167\" data-end=\"428\">En <strong data-start=\"170\" data-end=\"188\">Puesta de sol<\/strong> de Grande Yarn es el hilo de purpurina definitivo para creaciones con car\u00e1cter, intensidad y gran est\u00e9tica. \u2728<br data-start=\"307\" data-end=\"310\" \/>Con un brillo impresionante y una construcci\u00f3n robusta, confiere a cada proyecto una identidad premium y a la moda.\ud83e\uddf5<\/p>\n<p data-start=\"347\" data-end=\"366\"><strong data-start=\"347\" data-end=\"366\">Caracter\u00edsticas:<\/strong><\/p>\n<ul data-start=\"367\" data-end=\"631\">\n<li data-start=\"367\" data-end=\"431\">\n<p data-start=\"369\" data-end=\"431\">\u2714\ufe0f purpurina con un tacto premium<\/p>\n<\/li>\n<li data-start=\"432\" data-end=\"456\">\n<p data-start=\"434\" data-end=\"456\">\u2714\ufe0f Peso: <strong data-start=\"444\" data-end=\"454\">100gr<\/strong><\/p>\n<\/li>\n<li data-start=\"457\" data-end=\"478\">\n<p data-start=\"459\" data-end=\"478\">\u2714\ufe0f Longitud: <strong data-start=\"469\" data-end=\"476\">200m<\/strong><\/p>\n<\/li>\n<li data-start=\"479\" data-end=\"542\">\n<p data-start=\"481\" data-end=\"542\">\u2714\ufe0f Espesor y densidad impresionantes para resultados de declaraci\u00f3n<\/p>\n<\/li>\n<li data-start=\"543\" data-end=\"588\">\n<p data-start=\"545\" data-end=\"588\">\u2714\ufe0f Alta resistencia y excelente elasticidad<\/p>\n<\/li>\n<li data-start=\"589\" data-end=\"631\">\n<p data-start=\"591\" data-end=\"631\">\u2714\ufe0f Ideal para principiantes y avanzados<\/p>\n<\/li>\n<\/ul>\n<p data-start=\"633\" data-end=\"649\"><strong data-start=\"633\" data-end=\"649\">Ideal para:<\/strong><\/p>\n<ul data-start=\"650\" data-end=\"823\">\n<li data-start=\"650\" data-end=\"683\">\n<p data-start=\"652\" data-end=\"683\">\ud83d\udc5c Bolsos y carteras de punto (especialmente los de verano con flecos).<\/p>\n<\/li>\n<li data-start=\"650\" data-end=\"683\">\ud83e\uddfa Cestas y canastillas infantiles<\/li>\n<li data-start=\"794\" data-end=\"823\">\n<p data-start=\"796\" data-end=\"823\">\ud83d\udcff Macram\u00e9 y joyas de arte hechas a mano<\/p>\n<\/li>\n<\/ul>","protected":false},"excerpt":{"rendered":"<p><strong data-start=\"84\" data-end=\"150\">Puesta de sol de <span class=\"hover:entity-accent entity-underline inline cursor-pointer align-baseline\"><span class=\"whitespace-normal\">hilo grande<\/span><\/span> (100gr., 200m)<\/strong> - hilo brillante con un brillo impresionante, una textura robusta y una est\u00e9tica de primera calidad. Ideal para bolsos de punto llamativos, bolsos de verano con car\u00e1cter, macram\u00e9 y creaciones \u00fanicas hechas a mano que destacan \u2728\ud83e\uddf5.<\/p>","protected":false},"featured_media":73815,"template":"","meta":[],"product_brand":[],"product_cat":[226],"product_tag":[217,227],"class_list":{"0":"post-73814","1":"product","2":"type-product","3":"status-publish","4":"has-post-thumbnail","6":"product_cat-sunset","7":"product_tag-lurex","8":"product_tag-sunset","10":"first","11":"instock","12":"taxable","13":"shipping-taxable","14":"purchasable","15":"product-type-simple"},"_links":{"self":[{"href":"https:\/\/neoergoxeiro.gr\/es\/wp-json\/wp\/v2\/product\/73814","targetHints":{"allow":["GET"]}}],"collection":[{"href":"https:\/\/neoergoxeiro.gr\/es\/wp-json\/wp\/v2\/product"}],"about":[{"href":"https:\/\/neoergoxeiro.gr\/es\/wp-json\/wp\/v2\/types\/product"}],"version-history":[{"count":2,"href":"https:\/\/neoergoxeiro.gr\/es\/wp-json\/wp\/v2\/product\/73814\/revisions"}],"predecessor-version":[{"id":73931,"href":"https:\/\/neoergoxeiro.gr\/es\/wp-json\/wp\/v2\/product\/73814\/revisions\/73931"}],"wp:featuredmedia":[{"embeddable":true,"href":"https:\/\/neoergoxeiro.gr\/es\/wp-json\/wp\/v2\/media\/73815"}],"wp:attachment":[{"href":"https:\/\/neoergoxeiro.gr\/es\/wp-json\/wp\/v2\/media?parent=73814"}],"wp:term":[{"taxonomy":"product_brand","embeddable":true,"href":"https:\/\/neoergoxeiro.gr\/es\/wp-json\/wp\/v2\/product_brand?post=73814"},{"taxonomy":"product_cat","embeddable":true,"href":"https:\/\/neoergoxeiro.gr\/es\/wp-json\/wp\/v2\/product_cat?post=73814"},{"taxonomy":"product_tag","embeddable":true,"href":"https:\/\/neoergoxeiro.gr\/es\/wp-json\/wp\/v2\/product_tag?post=73814"}],"curies":[{"name":"wp","href":"https:\/\/api.w.org\/{rel}","templated":true}]}}