{"id":75189,"date":"2026-04-17T13:37:53","date_gmt":"2026-04-17T11:37:53","guid":{"rendered":"https:\/\/neoergoxeiro.gr\/?post_type=product&#038;p=75189"},"modified":"2026-04-17T13:37:53","modified_gmt":"2026-04-17T11:37:53","slug":"freddie-club-black-metallic","status":"publish","type":"product","link":"https:\/\/neoergoxeiro.gr\/es\/producto\/freddie-club-black-metallic\/","title":{"rendered":"Freddie Club &#8211; Black (Metallic)"},"content":{"rendered":"<h2 data-start=\"129\" data-end=\"165\"><strong data-start=\"132\" data-end=\"165\">Freddie Club by Grande Yarn<\/strong><\/h2>\n<p data-start=\"167\" data-end=\"428\">En <strong data-start=\"170\" data-end=\"188\">Freddie<\/strong> de Grande Yarn es el hilo de cuero de \u00faltima declaraci\u00f3n para creaciones con car\u00e1cter, intensidad y alta est\u00e9tica. \u2728<br data-start=\"307\" data-end=\"310\" \/>Con una impresionante textura efecto cuero y una construcci\u00f3n robusta, confiere a cada proyecto una identidad premium y a la moda.\ud83e\uddf5<\/p>\n<p data-start=\"347\" data-end=\"366\"><strong data-start=\"347\" data-end=\"366\">Caracter\u00edsticas:<\/strong><\/p>\n<ul data-start=\"367\" data-end=\"631\">\n<li data-start=\"367\" data-end=\"431\">\n<p data-start=\"369\" data-end=\"431\">\u2714\ufe0f polipiel, textura suave y lujosa con tacto premium<\/p>\n<\/li>\n<li data-start=\"432\" data-end=\"456\">\n<p data-start=\"434\" data-end=\"456\">\u2714\ufe0f Peso: <strong data-start=\"444\" data-end=\"454\">200gr<\/strong><\/p>\n<\/li>\n<li data-start=\"457\" data-end=\"478\">\n<p data-start=\"459\" data-end=\"478\">\u2714\ufe0f Longitud: <strong data-start=\"469\" data-end=\"476\">50m<\/strong><\/p>\n<\/li>\n<li data-start=\"479\" data-end=\"542\">\n<p data-start=\"481\" data-end=\"542\">\u2714\ufe0f Espesor y densidad impresionantes para resultados de declaraci\u00f3n<\/p>\n<\/li>\n<li data-start=\"543\" data-end=\"588\">\n<p data-start=\"545\" data-end=\"588\">\u2714\ufe0f Alta resistencia y excelente elasticidad<\/p>\n<\/li>\n<li data-start=\"589\" data-end=\"631\">\n<p data-start=\"591\" data-end=\"631\">\u2714\ufe0f Ideal para principiantes y avanzados<\/p>\n<\/li>\n<\/ul>\n<p data-start=\"633\" data-end=\"649\"><strong data-start=\"633\" data-end=\"649\">Ideal para:<\/strong><\/p>\n<ul data-start=\"650\" data-end=\"823\">\n<li data-start=\"650\" data-end=\"683\">\n<p data-start=\"652\" data-end=\"683\">\ud83d\udc5c Bolsos y carteras de punto (especialmente los de verano con flecos).<\/p>\n<\/li>\n<li data-start=\"650\" data-end=\"683\">\ud83e\uddfa Cestas y canastillas infantiles<\/li>\n<li data-start=\"650\" data-end=\"683\">\n<p data-start=\"652\" data-end=\"683\">\ud83c\udf92 Mochilas<\/p>\n<\/li>\n<li data-start=\"727\" data-end=\"766\">\ud83c\udfe1 Pufs, cojines, alfombras y art\u00edculos de decoraci\u00f3n<\/li>\n<li data-start=\"794\" data-end=\"823\">\n<p data-start=\"796\" data-end=\"823\">\ud83d\udcff Macram\u00e9 y joyas de arte hechas a mano<\/p>\n<\/li>\n<\/ul>\n<p>&nbsp;<\/p>","protected":false},"excerpt":{"rendered":"<p>\u03a4\u03bf Freddie Club \u03c4\u03b7\u03c2 Grande Yarn (200\u03b3\u03c1., 50\u03bc.) \u2014 \u03b5\u03af\u03bd\u03b1\u03b9 \u03c4\u03bf \u03b1\u03c0\u03cc\u03bb\u03c5\u03c4\u03bf statement T-Shirt \u03bd\u03ae\u03bc\u03b1 \u03b4\u03b5\u03c1\u03bc\u03b1\u03c4\u03af\u03bd\u03b7\u03c2 \u03b3\u03b9\u03b1 \u03b4\u03b7\u03bc\u03b9\u03bf\u03c5\u03c1\u03b3\u03af\u03b5\u03c2 \u03bc\u03b5 \u03c7\u03b1\u03c1\u03b1\u03ba\u03c4\u03ae\u03c1\u03b1, \u03cc\u03b3\u03ba\u03bf \u03ba\u03b1\u03b9 \u03c3\u03cd\u03b3\u03c7\u03c1\u03bf\u03bd\u03b7 \u03b1\u03b9\u03c3\u03b8\u03b7\u03c4\u03b9\u03ba\u03ae. \u2728<\/p>","protected":false},"featured_media":0,"template":"","meta":[],"product_brand":[],"product_cat":[222,131],"product_tag":[289],"class_list":{"0":"post-75189","1":"product","2":"type-product","3":"status-publish","5":"product_cat-freddiemettalice","6":"product_cat-grandeyarnfreddie","7":"product_tag-freddie-metallicclub","9":"first","10":"instock","11":"taxable","12":"shipping-taxable","13":"purchasable","14":"product-type-simple"},"_links":{"self":[{"href":"https:\/\/neoergoxeiro.gr\/es\/wp-json\/wp\/v2\/product\/75189","targetHints":{"allow":["GET"]}}],"collection":[{"href":"https:\/\/neoergoxeiro.gr\/es\/wp-json\/wp\/v2\/product"}],"about":[{"href":"https:\/\/neoergoxeiro.gr\/es\/wp-json\/wp\/v2\/types\/product"}],"version-history":[{"count":1,"href":"https:\/\/neoergoxeiro.gr\/es\/wp-json\/wp\/v2\/product\/75189\/revisions"}],"predecessor-version":[{"id":75193,"href":"https:\/\/neoergoxeiro.gr\/es\/wp-json\/wp\/v2\/product\/75189\/revisions\/75193"}],"wp:attachment":[{"href":"https:\/\/neoergoxeiro.gr\/es\/wp-json\/wp\/v2\/media?parent=75189"}],"wp:term":[{"taxonomy":"product_brand","embeddable":true,"href":"https:\/\/neoergoxeiro.gr\/es\/wp-json\/wp\/v2\/product_brand?post=75189"},{"taxonomy":"product_cat","embeddable":true,"href":"https:\/\/neoergoxeiro.gr\/es\/wp-json\/wp\/v2\/product_cat?post=75189"},{"taxonomy":"product_tag","embeddable":true,"href":"https:\/\/neoergoxeiro.gr\/es\/wp-json\/wp\/v2\/product_tag?post=75189"}],"curies":[{"name":"wp","href":"https:\/\/api.w.org\/{rel}","templated":true}]}}