{"id":31598,"date":"2023-09-04T13:02:16","date_gmt":"2023-09-04T13:02:16","guid":{"rendered":"https:\/\/neoergoxeiro.gr\/?product=%ce%ba%ce%ad%ce%bd%cf%84%ce%b7%ce%bc%ce%b1-prisma-16"},"modified":"2025-11-11T10:18:35","modified_gmt":"2025-11-11T08:18:35","slug":"%ce%ba%ce%ad%ce%bd%cf%84%ce%b7%ce%bc%ce%b1-prisma-16","status":"publish","type":"product","link":"https:\/\/neoergoxeiro.gr\/it\/prodotto\/%ce%ba%ce%ad%ce%bd%cf%84%ce%b7%ce%bc%ce%b1-prisma-16\/","title":{"rendered":"Ricamo nel telaio Prisma 1,00 * 1,00 m"},"content":{"rendered":"<p>Quadrato timbrato <strong>Inprismo<\/strong> dimensione 1 * 1 metro.<\/p>\n<p>La cornice \u00e8 cucita su un tessuto - etamin macedone ecru oro (44 occhi a 10 cm).<\/p>\n<p>Il disegno \u00e8 stampato sulla parte superiore del punto con il colore, il che rende molto facile il ricamo, perch\u00e9 si sa esattamente dove ogni colore sar\u00e0 posizionato.<\/p>\n<p>Si pu\u00f2 ricamare con Mouline Dmc art. 117 o con Cotton Perle Dmc art. 116.<\/p>\n<p>Ricamo - istruzioni di lavaggio:<\/p>\n<p>Dopo aver ricamato il nostro manufatto, lo laviamo sotto l'acqua corrente fredda, come in questo caso:<\/p>\n<ol>\n<li>Per rimuovere le tracce di colore che le vernici dure di solito lasciano (bordeaux - blu scuro - nero)<\/li>\n<li>Poi si passano eventuali pizzi - trecce - chiffon - chiffoni - chiffoni, che devono essere anch'essi lavati prima della doratura.<\/li>\n<\/ol>","protected":false},"excerpt":{"rendered":"<p>Il set completo di filo comprende 40 pezzi di Mouline al prezzo di (0,80 al pezzo).<\/p>\n<p>Preferire la confezione con tutti i fili in modo che tutti i colori provengano dallo stesso lotto per evitare alterazioni dovute ai lotti di tintura.<\/p>","protected":false},"featured_media":31599,"template":"","meta":[],"product_brand":[],"product_cat":[151],"product_tag":[],"class_list":{"0":"post-31598","1":"product","2":"type-product","3":"status-publish","4":"has-post-thumbnail","6":"product_cat-inprisma-kentimata","8":"first","9":"instock","10":"taxable","11":"shipping-taxable","12":"purchasable","13":"product-type-variable"},"_links":{"self":[{"href":"https:\/\/neoergoxeiro.gr\/it\/wp-json\/wp\/v2\/product\/31598","targetHints":{"allow":["GET"]}}],"collection":[{"href":"https:\/\/neoergoxeiro.gr\/it\/wp-json\/wp\/v2\/product"}],"about":[{"href":"https:\/\/neoergoxeiro.gr\/it\/wp-json\/wp\/v2\/types\/product"}],"version-history":[{"count":1,"href":"https:\/\/neoergoxeiro.gr\/it\/wp-json\/wp\/v2\/product\/31598\/revisions"}],"predecessor-version":[{"id":63551,"href":"https:\/\/neoergoxeiro.gr\/it\/wp-json\/wp\/v2\/product\/31598\/revisions\/63551"}],"wp:featuredmedia":[{"embeddable":true,"href":"https:\/\/neoergoxeiro.gr\/it\/wp-json\/wp\/v2\/media\/31599"}],"wp:attachment":[{"href":"https:\/\/neoergoxeiro.gr\/it\/wp-json\/wp\/v2\/media?parent=31598"}],"wp:term":[{"taxonomy":"product_brand","embeddable":true,"href":"https:\/\/neoergoxeiro.gr\/it\/wp-json\/wp\/v2\/product_brand?post=31598"},{"taxonomy":"product_cat","embeddable":true,"href":"https:\/\/neoergoxeiro.gr\/it\/wp-json\/wp\/v2\/product_cat?post=31598"},{"taxonomy":"product_tag","embeddable":true,"href":"https:\/\/neoergoxeiro.gr\/it\/wp-json\/wp\/v2\/product_tag?post=31598"}],"curies":[{"name":"wp","href":"https:\/\/api.w.org\/{rel}","templated":true}]}}