{"id":33361,"date":"2023-09-07T15:47:47","date_gmt":"2023-09-07T15:47:47","guid":{"rendered":"https:\/\/neoergoxeiro.gr\/?product=%ce%ba%ce%ad%ce%bd%cf%84%ce%b7%ce%bc%ce%b1-pero-101"},"modified":"2025-11-11T10:18:26","modified_gmt":"2025-11-11T08:18:26","slug":"%ce%ba%ce%ad%ce%bd%cf%84%ce%b7%ce%bc%ce%b1-pero-101","status":"publish","type":"product","link":"https:\/\/neoergoxeiro.gr\/it\/prodotto\/%ce%ba%ce%ad%ce%bd%cf%84%ce%b7%ce%bc%ce%b1-pero-101\/","title":{"rendered":"Coperta per bambini Pero 1,00 * 1,20"},"content":{"rendered":"<p><strong>Coperta trapuntata Pero\u00a0<\/strong><\/p>\n<p>La coperta \u00e8 cucita su un tessuto bianco - stuoia<\/p>\n<p>Il disegno \u00e8 stampato sulla parte superiore del punto con il colore, il che rende molto facile il ricamo, perch\u00e9 si sa esattamente dove ogni colore sar\u00e0 posizionato.<\/p>\n<p>Si pu\u00f2 ricamare con Mouline Dmc art 117 (forse anche l'intero pezzo, a seconda di come lo si ricama e del risultato che si vuole ottenere) oppure con Cotton Perle Dmc art 115.<br \/>\nUn'idea molto carina per realizzare la propria coperta per bambini per il passeggino, la culla o il lettino.<br \/>\nAbbiamo anche una serie di materiali per decorarlo e doppiarlo - indossarlo (dopo una telefonata).<\/p>\n<p>Ricamo - istruzioni di lavaggio:<\/p>\n<p>Dopo aver ricamato il nostro manufatto, lo laviamo sotto l'acqua corrente fredda, come in questo caso:<\/p>\n<ol>\n<li>Per rimuovere le tracce di colore che le vernici dure di solito lasciano (bordeaux - blu scuro - nero)<\/li>\n<li>Poi si passano eventuali pizzi - trecce - chiffon - chiffoni - chiffoni, che devono essere anch'essi lavati prima della doratura.<\/li>\n<\/ol>","protected":false},"excerpt":{"rendered":"<p>Il set completo di filo comprende 20 pezzi di Mouline al prezzo di (0,80 al pezzo).<\/p>\n<p>Preferire la confezione con tutti i fili in modo che tutti i colori provengano dallo stesso lotto per evitare alterazioni dovute ai lotti di tintura.<\/p>","protected":false},"featured_media":0,"template":"","meta":[],"product_brand":[],"product_cat":[170],"product_tag":[],"class_list":{"0":"post-33361","1":"product","2":"type-product","3":"status-publish","5":"product_cat-kouvertoules-pedikes","7":"first","8":"instock","9":"taxable","10":"shipping-taxable","11":"purchasable","12":"product-type-variable"},"_links":{"self":[{"href":"https:\/\/neoergoxeiro.gr\/it\/wp-json\/wp\/v2\/product\/33361","targetHints":{"allow":["GET"]}}],"collection":[{"href":"https:\/\/neoergoxeiro.gr\/it\/wp-json\/wp\/v2\/product"}],"about":[{"href":"https:\/\/neoergoxeiro.gr\/it\/wp-json\/wp\/v2\/types\/product"}],"version-history":[{"count":1,"href":"https:\/\/neoergoxeiro.gr\/it\/wp-json\/wp\/v2\/product\/33361\/revisions"}],"predecessor-version":[{"id":66575,"href":"https:\/\/neoergoxeiro.gr\/it\/wp-json\/wp\/v2\/product\/33361\/revisions\/66575"}],"wp:attachment":[{"href":"https:\/\/neoergoxeiro.gr\/it\/wp-json\/wp\/v2\/media?parent=33361"}],"wp:term":[{"taxonomy":"product_brand","embeddable":true,"href":"https:\/\/neoergoxeiro.gr\/it\/wp-json\/wp\/v2\/product_brand?post=33361"},{"taxonomy":"product_cat","embeddable":true,"href":"https:\/\/neoergoxeiro.gr\/it\/wp-json\/wp\/v2\/product_cat?post=33361"},{"taxonomy":"product_tag","embeddable":true,"href":"https:\/\/neoergoxeiro.gr\/it\/wp-json\/wp\/v2\/product_tag?post=33361"}],"curies":[{"name":"wp","href":"https:\/\/api.w.org\/{rel}","templated":true}]}}