{"id":38964,"date":"2023-10-13T09:12:34","date_gmt":"2023-10-13T09:12:34","guid":{"rendered":"https:\/\/neoergoxeiro.gr\/?product=%ce%b4%ce%b9%ce%ac%cf%83%ce%b7%ce%bc%ce%bf-%ce%ad%cf%81%ce%b3%ce%bf-4"},"modified":"2025-11-11T10:18:13","modified_gmt":"2025-11-11T08:18:13","slug":"%ce%b4%ce%b9%ce%ac%cf%83%ce%b7%ce%bc%ce%bf-%ce%ad%cf%81%ce%b3%ce%bf-4","status":"publish","type":"product","link":"https:\/\/neoergoxeiro.gr\/it\/prodotto\/%ce%b4%ce%b9%ce%ac%cf%83%ce%b7%ce%bc%ce%bf-%ce%ad%cf%81%ce%b3%ce%bf-4\/","title":{"rendered":"Seg De Paris \u201cL'urlo (Munch)\u201d 0,60 * 0,80"},"content":{"rendered":"<p>Seg De Paris \u2018L'urlo (Munch)\u2019 \u00e8 un ricamo di alta qualit\u00e0 su tela kaki N8 o N7. Pu\u00f2 essere ricamato facilmente con Mouline Dmc art 117 o Cotton Perle Dmc art 115. La confezione include le istruzioni per il ricamo e il lavaggio. Fate risaltare il vostro lavoro con questa tavola da ricamo che pu\u00f2 essere un ottimo regalo o una decorazione per la vostra casa.<\/p>","protected":false},"excerpt":{"rendered":"<p>Quadro da ricamo \u2018L'urlo (Munch)\u2019 su tela N8 o N7 kaki, ideale per il ricamo con Mouline Dmc o Cotton Perle Dmc. Elegante e facile da ricamare, con dettagli a punto croce o Goblin.<\/p>","protected":false},"featured_media":38965,"template":"","meta":[],"product_brand":[],"product_cat":[171],"product_tag":[],"class_list":{"0":"post-38964","1":"product","2":"type-product","3":"status-publish","4":"has-post-thumbnail","6":"product_cat-seg-de-paris-margot","8":"first","9":"instock","10":"taxable","11":"shipping-taxable","12":"purchasable","13":"product-type-variable"},"_links":{"self":[{"href":"https:\/\/neoergoxeiro.gr\/it\/wp-json\/wp\/v2\/product\/38964","targetHints":{"allow":["GET"]}}],"collection":[{"href":"https:\/\/neoergoxeiro.gr\/it\/wp-json\/wp\/v2\/product"}],"about":[{"href":"https:\/\/neoergoxeiro.gr\/it\/wp-json\/wp\/v2\/types\/product"}],"version-history":[{"count":2,"href":"https:\/\/neoergoxeiro.gr\/it\/wp-json\/wp\/v2\/product\/38964\/revisions"}],"predecessor-version":[{"id":60044,"href":"https:\/\/neoergoxeiro.gr\/it\/wp-json\/wp\/v2\/product\/38964\/revisions\/60044"}],"wp:featuredmedia":[{"embeddable":true,"href":"https:\/\/neoergoxeiro.gr\/it\/wp-json\/wp\/v2\/media\/38965"}],"wp:attachment":[{"href":"https:\/\/neoergoxeiro.gr\/it\/wp-json\/wp\/v2\/media?parent=38964"}],"wp:term":[{"taxonomy":"product_brand","embeddable":true,"href":"https:\/\/neoergoxeiro.gr\/it\/wp-json\/wp\/v2\/product_brand?post=38964"},{"taxonomy":"product_cat","embeddable":true,"href":"https:\/\/neoergoxeiro.gr\/it\/wp-json\/wp\/v2\/product_cat?post=38964"},{"taxonomy":"product_tag","embeddable":true,"href":"https:\/\/neoergoxeiro.gr\/it\/wp-json\/wp\/v2\/product_tag?post=38964"}],"curies":[{"name":"wp","href":"https:\/\/api.w.org\/{rel}","templated":true}]}}