{"id":41320,"date":"2023-10-25T16:08:19","date_gmt":"2023-10-25T16:08:19","guid":{"rendered":"https:\/\/neoergoxeiro.gr\/?product=himalaya-dolphin-baby-colors-chenille-yarn-variegated-80415"},"modified":"2025-10-06T20:32:59","modified_gmt":"2025-10-06T18:32:59","slug":"himalaya-dolphin-baby-colors-chenille-yarn-variegated-80415","status":"publish","type":"product","link":"https:\/\/neoergoxeiro.gr\/it\/prodotto\/himalaya-dolphin-baby-colors-chenille-yarn-variegated-80415\/","title":{"rendered":"Filato di ciniglia Himalaya Dolphin Baby Colors, variegato - 80415"},"content":{"rendered":"<p>Il filato di ciniglia Himalaya Dolphin Baby Colors in una variet\u00e0 di colori 80415 \u00e8 il filato perfetto per le vostre idee creative di cucito e ricamo a mano. Questo filato morbido e denso offre una qualit\u00e0 e una durata eccezionali, che lo rendono ideale per creazioni destinate a durare nel tempo. La variet\u00e0 di colori vivaci offre infinite possibilit\u00e0 di design e di combinazione. Rinnovate la vostra collezione di materiali con questo meraviglioso filato e create opere d'arte uniche. Create gioielli, coperte, costumi e altri progetti di cucito fatti a mano con il filato di ciniglia Himalaya Dolphin Baby Colors!<\/p>","protected":false},"excerpt":{"rendered":"<p>Il filato di ciniglia Himalaya Dolphin Baby Colors in una variet\u00e0 di colori 80415 \u00e8 ideale per il cucito e il ricamo. Questo filato offre una qualit\u00e0 unica e colori brillanti.<\/p>","protected":false},"featured_media":41321,"template":"","meta":[],"product_brand":[],"product_cat":[122],"product_tag":[],"class_list":{"0":"post-41320","1":"product","2":"type-product","3":"status-publish","4":"has-post-thumbnail","6":"product_cat-himalaya-dolphin-baby","8":"first","9":"outofstock","10":"taxable","11":"shipping-taxable","12":"purchasable","13":"product-type-simple"},"_links":{"self":[{"href":"https:\/\/neoergoxeiro.gr\/it\/wp-json\/wp\/v2\/product\/41320","targetHints":{"allow":["GET"]}}],"collection":[{"href":"https:\/\/neoergoxeiro.gr\/it\/wp-json\/wp\/v2\/product"}],"about":[{"href":"https:\/\/neoergoxeiro.gr\/it\/wp-json\/wp\/v2\/types\/product"}],"version-history":[{"count":1,"href":"https:\/\/neoergoxeiro.gr\/it\/wp-json\/wp\/v2\/product\/41320\/revisions"}],"predecessor-version":[{"id":59326,"href":"https:\/\/neoergoxeiro.gr\/it\/wp-json\/wp\/v2\/product\/41320\/revisions\/59326"}],"wp:featuredmedia":[{"embeddable":true,"href":"https:\/\/neoergoxeiro.gr\/it\/wp-json\/wp\/v2\/media\/41321"}],"wp:attachment":[{"href":"https:\/\/neoergoxeiro.gr\/it\/wp-json\/wp\/v2\/media?parent=41320"}],"wp:term":[{"taxonomy":"product_brand","embeddable":true,"href":"https:\/\/neoergoxeiro.gr\/it\/wp-json\/wp\/v2\/product_brand?post=41320"},{"taxonomy":"product_cat","embeddable":true,"href":"https:\/\/neoergoxeiro.gr\/it\/wp-json\/wp\/v2\/product_cat?post=41320"},{"taxonomy":"product_tag","embeddable":true,"href":"https:\/\/neoergoxeiro.gr\/it\/wp-json\/wp\/v2\/product_tag?post=41320"}],"curies":[{"name":"wp","href":"https:\/\/api.w.org\/{rel}","templated":true}]}}