{"id":41361,"date":"2023-10-25T22:24:24","date_gmt":"2023-10-25T22:24:24","guid":{"rendered":"https:\/\/neoergoxeiro.gr\/?product=himalaya-dolphin-baby-chenille-yarn-green-80348"},"modified":"2026-03-18T09:06:28","modified_gmt":"2026-03-18T07:06:28","slug":"himalaya-dolphin-baby-chenille-yarn-green-80348","status":"publish","type":"product","link":"https:\/\/neoergoxeiro.gr\/it\/prodotto\/himalaya-dolphin-baby-chenille-yarn-green-80348\/","title":{"rendered":"Filato di ciniglia per bambini Himalaya Dolphin, verde - 80348"},"content":{"rendered":"<p>Il filato di ciniglia Himalaya Dolphin Baby in verde \u00e8 la scelta perfetta per tutti gli amanti del cucito e del ricamo a mano. Questo filato unico \u00e8 caratterizzato da una consistenza morbida che offre comfort e piacere d'uso. \u00c8 ipoallergenico e facile da lavare, ideale per le pelli sensibili e per l'uso quotidiano. Utilizzatelo per creare capi d'abbigliamento unici, sciarpe, copricuscini e altro ancora. Con il filato di ciniglia Himalaya Dolphin Baby le idee creative sono infinite! La confezione include 1 unit\u00e0 di tessuto di colore verde.<\/p>","protected":false},"excerpt":{"rendered":"<p>Il filato di ciniglia Himalaya Dolphin Baby in verde \u00e8 ideale per il cucito e il ricamo. Morbido, ipoallergenico e facile da usare, \u00e8 adatto per progetti creativi di bricolage.<\/p>","protected":false},"featured_media":41362,"template":"","meta":[],"product_brand":[],"product_cat":[122],"product_tag":[],"class_list":{"0":"post-41361","1":"product","2":"type-product","3":"status-publish","4":"has-post-thumbnail","6":"product_cat-himalaya-dolphin-baby","8":"first","9":"outofstock","10":"taxable","11":"shipping-taxable","12":"purchasable","13":"product-type-simple"},"_links":{"self":[{"href":"https:\/\/neoergoxeiro.gr\/it\/wp-json\/wp\/v2\/product\/41361","targetHints":{"allow":["GET"]}}],"collection":[{"href":"https:\/\/neoergoxeiro.gr\/it\/wp-json\/wp\/v2\/product"}],"about":[{"href":"https:\/\/neoergoxeiro.gr\/it\/wp-json\/wp\/v2\/types\/product"}],"version-history":[{"count":1,"href":"https:\/\/neoergoxeiro.gr\/it\/wp-json\/wp\/v2\/product\/41361\/revisions"}],"predecessor-version":[{"id":59346,"href":"https:\/\/neoergoxeiro.gr\/it\/wp-json\/wp\/v2\/product\/41361\/revisions\/59346"}],"wp:featuredmedia":[{"embeddable":true,"href":"https:\/\/neoergoxeiro.gr\/it\/wp-json\/wp\/v2\/media\/41362"}],"wp:attachment":[{"href":"https:\/\/neoergoxeiro.gr\/it\/wp-json\/wp\/v2\/media?parent=41361"}],"wp:term":[{"taxonomy":"product_brand","embeddable":true,"href":"https:\/\/neoergoxeiro.gr\/it\/wp-json\/wp\/v2\/product_brand?post=41361"},{"taxonomy":"product_cat","embeddable":true,"href":"https:\/\/neoergoxeiro.gr\/it\/wp-json\/wp\/v2\/product_cat?post=41361"},{"taxonomy":"product_tag","embeddable":true,"href":"https:\/\/neoergoxeiro.gr\/it\/wp-json\/wp\/v2\/product_tag?post=41361"}],"curies":[{"name":"wp","href":"https:\/\/api.w.org\/{rel}","templated":true}]}}