{"id":46193,"date":"2024-03-14T11:25:16","date_gmt":"2024-03-14T11:25:16","guid":{"rendered":"https:\/\/neoergoxeiro.gr\/?product=aida-%ce%b2%ce%b5%cf%81%ce%b1%ce%bc%ce%ac%ce%bd"},"modified":"2025-10-13T21:28:08","modified_gmt":"2025-10-13T19:28:08","slug":"aida-%ce%b2%ce%b5%cf%81%ce%b1%ce%bc%ce%ac%ce%bd","status":"publish","type":"product","link":"https:\/\/neoergoxeiro.gr\/it\/prodotto\/aida-%ce%b2%ce%b5%cf%81%ce%b1%ce%bc%ce%ac%ce%bd\/","title":{"rendered":"Tula (Sweigart) 3991"},"content":{"rendered":"<p>Tula (Sweigart) 3991 \u00e8 uno splendido tessuto da ricamo che conferir\u00e0 un senso di eleganza e qualit\u00e0 alle vostre creazioni. Questo tessuto di alta qualit\u00e0 \u00e8 ideale per varie tecniche di ricamo e cucito. Con un design meraviglioso e una struttura resistente, Tula (Sweigart) 3991 \u00e8 lo strumento definitivo per ogni appassionato di ricamo a mano. Scoprite le illimitate possibilit\u00e0 creative offerte da questo tessuto e create opere d'arte uniche. Acquistate oggi stesso il tessuto Tula (Sweigart) 3991 e lasciate che la vostra immaginazione brilli!<\/p>","protected":false},"excerpt":{"rendered":"<p>Tula (Sweigart) 3991 \u00e8 un bellissimo tessuto da ricamo che valorizzer\u00e0 le vostre creazioni. Scoprite la magia del cucito a mano con questo tessuto di qualit\u00e0 eccezionale.<\/p>","protected":false},"featured_media":46194,"template":"","meta":[],"product_brand":[],"product_cat":[88],"product_tag":[],"class_list":{"0":"post-46193","1":"product","2":"type-product","3":"status-publish","4":"has-post-thumbnail","6":"product_cat-yfasmata-knetimatos","8":"first","9":"instock","10":"taxable","11":"shipping-taxable","12":"purchasable","13":"product-type-simple"},"_links":{"self":[{"href":"https:\/\/neoergoxeiro.gr\/it\/wp-json\/wp\/v2\/product\/46193","targetHints":{"allow":["GET"]}}],"collection":[{"href":"https:\/\/neoergoxeiro.gr\/it\/wp-json\/wp\/v2\/product"}],"about":[{"href":"https:\/\/neoergoxeiro.gr\/it\/wp-json\/wp\/v2\/types\/product"}],"version-history":[{"count":1,"href":"https:\/\/neoergoxeiro.gr\/it\/wp-json\/wp\/v2\/product\/46193\/revisions"}],"predecessor-version":[{"id":60358,"href":"https:\/\/neoergoxeiro.gr\/it\/wp-json\/wp\/v2\/product\/46193\/revisions\/60358"}],"wp:featuredmedia":[{"embeddable":true,"href":"https:\/\/neoergoxeiro.gr\/it\/wp-json\/wp\/v2\/media\/46194"}],"wp:attachment":[{"href":"https:\/\/neoergoxeiro.gr\/it\/wp-json\/wp\/v2\/media?parent=46193"}],"wp:term":[{"taxonomy":"product_brand","embeddable":true,"href":"https:\/\/neoergoxeiro.gr\/it\/wp-json\/wp\/v2\/product_brand?post=46193"},{"taxonomy":"product_cat","embeddable":true,"href":"https:\/\/neoergoxeiro.gr\/it\/wp-json\/wp\/v2\/product_cat?post=46193"},{"taxonomy":"product_tag","embeddable":true,"href":"https:\/\/neoergoxeiro.gr\/it\/wp-json\/wp\/v2\/product_tag?post=46193"}],"curies":[{"name":"wp","href":"https:\/\/api.w.org\/{rel}","templated":true}]}}