{"id":47895,"date":"2024-10-30T11:01:18","date_gmt":"2024-10-30T11:01:18","guid":{"rendered":"https:\/\/neoergoxeiro.gr\/?product=%ce%ba%ce%ad%ce%bd%cf%84%ce%b7%ce%bc%ce%b1-%ce%ba%cf%8d%ce%ba%ce%bd%ce%bf%cf%82-%ce%ba%ce%b1%cf%81%ce%ad-1-00-1-00m-46"},"modified":"2025-11-11T10:18:04","modified_gmt":"2025-11-11T08:18:04","slug":"%ce%ba%ce%ad%ce%bd%cf%84%ce%b7%ce%bc%ce%b1-%ce%ba%cf%8d%ce%ba%ce%bd%ce%bf%cf%82-%ce%ba%ce%b1%cf%81%ce%ad-1-00-1-00m-46","status":"publish","type":"product","link":"https:\/\/neoergoxeiro.gr\/it\/prodotto\/%ce%ba%ce%ad%ce%bd%cf%84%ce%b7%ce%bc%ce%b1-%ce%ba%cf%8d%ce%ba%ce%bd%ce%bf%cf%82-%ce%ba%ce%b1%cf%81%ce%ad-1-00-1-00m-46\/","title":{"rendered":"Cigno da ricamo quadrato 1,00 * 1,00 m"},"content":{"rendered":"<p><strong>Ricamo su francobolli Cigno.<\/strong><\/p>\n<p>Il ricamo \u00e8 eseguito su un tessuto - etamin macedone ecr\u00f9 oro (44 occhi a 10 cm), ed \u00e8 ricamato in modo lineare (solo il contorno di base del disegno, in modo che possa essere ricamato nei colori di vostra scelta; .<\/p>\n<p>Si pu\u00f2 ricamare con Mouline Dmc art. 117 o con Cotton Perle Dmc art. 116.<\/p>\n<p>Ricamo - istruzioni di lavaggio:<\/p>\n<p>Dopo aver ricamato il nostro manufatto, lo laviamo sotto l'acqua corrente fredda, come in questo caso:<\/p>\n<ol>\n<li>Per rimuovere le tracce di colore che le vernici dure di solito lasciano (bordeaux - blu scuro - nero)<\/li>\n<li>Per stabilizzare meglio le tinture dei fili. Poi si passano eventuali pizzi - trecce - chintz - chiffon - chiffon, che vanno anch'essi lavati prima della doratura.<\/li>\n<\/ol>","protected":false},"excerpt":{"rendered":"<p>\u03a4\u03bf \u03bf\u03bb\u03bf\u03ba\u03bb\u03b7\u03c1\u03c9\u03bc\u03ad\u03bd\u03bf \u03c3\u03ad\u03c4 \u03bc\u03b5 \u03c4\u03b9\u03c2 \u03ba\u03bb\u03c9\u03c3\u03c4\u03ad\u03c2 \u03c0\u03b5\u03c1\u03b9\u03bb\u03b1\u03bc\u03b2\u03ac\u03bd\u03b5\u03b9 50 \u03c4\u03b5\u03bc\u03ac\u03c7\u03b9\u03b1 Mouline \u03bc\u03b5 \u03c4\u03b9\u03bc\u03ae (0.80 \u03c4\u03bf \u03c4\u03b5\u03bc\u03ac\u03c7\u03b9\u03bf).<\/p>\n<p>Preferire la confezione con tutti i fili in modo che tutti i colori provengano dallo stesso lotto per evitare alterazioni dovute ai lotti di tintura.<\/p>","protected":false},"featured_media":47896,"template":"","meta":[],"product_brand":[],"product_cat":[160],"product_tag":[],"class_list":{"0":"post-47895","1":"product","2":"type-product","3":"status-publish","4":"has-post-thumbnail","6":"product_cat-kiknos-kentimata","8":"first","9":"instock","10":"taxable","11":"shipping-taxable","12":"purchasable","13":"product-type-variable"},"_links":{"self":[{"href":"https:\/\/neoergoxeiro.gr\/it\/wp-json\/wp\/v2\/product\/47895","targetHints":{"allow":["GET"]}}],"collection":[{"href":"https:\/\/neoergoxeiro.gr\/it\/wp-json\/wp\/v2\/product"}],"about":[{"href":"https:\/\/neoergoxeiro.gr\/it\/wp-json\/wp\/v2\/types\/product"}],"version-history":[{"count":1,"href":"https:\/\/neoergoxeiro.gr\/it\/wp-json\/wp\/v2\/product\/47895\/revisions"}],"predecessor-version":[{"id":66887,"href":"https:\/\/neoergoxeiro.gr\/it\/wp-json\/wp\/v2\/product\/47895\/revisions\/66887"}],"wp:featuredmedia":[{"embeddable":true,"href":"https:\/\/neoergoxeiro.gr\/it\/wp-json\/wp\/v2\/media\/47896"}],"wp:attachment":[{"href":"https:\/\/neoergoxeiro.gr\/it\/wp-json\/wp\/v2\/media?parent=47895"}],"wp:term":[{"taxonomy":"product_brand","embeddable":true,"href":"https:\/\/neoergoxeiro.gr\/it\/wp-json\/wp\/v2\/product_brand?post=47895"},{"taxonomy":"product_cat","embeddable":true,"href":"https:\/\/neoergoxeiro.gr\/it\/wp-json\/wp\/v2\/product_cat?post=47895"},{"taxonomy":"product_tag","embeddable":true,"href":"https:\/\/neoergoxeiro.gr\/it\/wp-json\/wp\/v2\/product_tag?post=47895"}],"curies":[{"name":"wp","href":"https:\/\/api.w.org\/{rel}","templated":true}]}}