{"id":52294,"date":"2024-12-20T08:47:27","date_gmt":"2024-12-20T08:47:27","guid":{"rendered":"https:\/\/neoergoxeiro.gr\/?product=%ce%bb%ce%bf%cf%85%cf%81%ce%ac%ce%ba%ce%b9-%ce%b3%ce%b9%ce%b1-%cf%84%cf%83%ce%ac%ce%bd%cf%84%ce%b5%cf%82-%cf%83%ce%b5-%ce%b4%ce%b9%ce%ac%cf%86%ce%bf%cf%81%ce%b1-%cf%83%cf%87%ce%ad%ce%b4%ce%b9%ce%b1"},"modified":"2025-11-11T10:17:56","modified_gmt":"2025-11-11T08:17:56","slug":"%ce%bb%ce%bf%cf%85%cf%81%ce%ac%ce%ba%ce%b9-%ce%b3%ce%b9%ce%b1-%cf%84%cf%83%ce%ac%ce%bd%cf%84%ce%b5%cf%82-%cf%83%ce%b5-%ce%b4%ce%b9%ce%ac%cf%86%ce%bf%cf%81%ce%b1-%cf%83%cf%87%ce%ad%ce%b4%ce%b9%ce%b1","status":"publish","type":"product","link":"https:\/\/neoergoxeiro.gr\/it\/prodotto\/%ce%bb%ce%bf%cf%85%cf%81%ce%ac%ce%ba%ce%b9-%ce%b3%ce%b9%ce%b1-%cf%84%cf%83%ce%ac%ce%bd%cf%84%ce%b5%cf%82-%cf%83%ce%b5-%ce%b4%ce%b9%ce%ac%cf%86%ce%bf%cf%81%ce%b1-%cf%83%cf%87%ce%ad%ce%b4%ce%b9%ce%b1\/","title":{"rendered":"Cinghia per borse in vari modelli"},"content":{"rendered":"<p>La tracolla per borse in vari modelli \u00e8 il modo migliore per aggiornare la vostra collezione. Realizzata con materiali resistenti, questa tracolla conferisce alla vostra borsa un look fresco e di stile. Con una variet\u00e0 di modelli per tutti i gusti, questa tracolla \u00e8 un accessorio indispensabile. La sua facilit\u00e0 d'uso la rende ideale per l'uso quotidiano. Aggiornate il vostro look stilistico con questa tracolla alla moda.<\/p>","protected":false},"excerpt":{"rendered":"<p>Tracolla per borse in vari modelli, ideale per rinfrescare la vostra borsa. Resistente, pratica e alla moda, per un look di grande effetto ogni giorno.<\/p>","protected":false},"featured_media":52295,"template":"","meta":[],"product_brand":[],"product_cat":[106],"product_tag":[],"class_list":{"0":"post-52294","1":"product","2":"type-product","3":"status-publish","4":"has-post-thumbnail","6":"product_cat-aksesouartsantas","8":"first","9":"instock","10":"taxable","11":"shipping-taxable","12":"purchasable","13":"product-type-variable"},"_links":{"self":[{"href":"https:\/\/neoergoxeiro.gr\/it\/wp-json\/wp\/v2\/product\/52294","targetHints":{"allow":["GET"]}}],"collection":[{"href":"https:\/\/neoergoxeiro.gr\/it\/wp-json\/wp\/v2\/product"}],"about":[{"href":"https:\/\/neoergoxeiro.gr\/it\/wp-json\/wp\/v2\/types\/product"}],"version-history":[{"count":9,"href":"https:\/\/neoergoxeiro.gr\/it\/wp-json\/wp\/v2\/product\/52294\/revisions"}],"predecessor-version":[{"id":62250,"href":"https:\/\/neoergoxeiro.gr\/it\/wp-json\/wp\/v2\/product\/52294\/revisions\/62250"}],"wp:featuredmedia":[{"embeddable":true,"href":"https:\/\/neoergoxeiro.gr\/it\/wp-json\/wp\/v2\/media\/52295"}],"wp:attachment":[{"href":"https:\/\/neoergoxeiro.gr\/it\/wp-json\/wp\/v2\/media?parent=52294"}],"wp:term":[{"taxonomy":"product_brand","embeddable":true,"href":"https:\/\/neoergoxeiro.gr\/it\/wp-json\/wp\/v2\/product_brand?post=52294"},{"taxonomy":"product_cat","embeddable":true,"href":"https:\/\/neoergoxeiro.gr\/it\/wp-json\/wp\/v2\/product_cat?post=52294"},{"taxonomy":"product_tag","embeddable":true,"href":"https:\/\/neoergoxeiro.gr\/it\/wp-json\/wp\/v2\/product_tag?post=52294"}],"curies":[{"name":"wp","href":"https:\/\/api.w.org\/{rel}","templated":true}]}}