{"id":52364,"date":"2024-12-20T11:35:07","date_gmt":"2024-12-20T11:35:07","guid":{"rendered":"https:\/\/neoergoxeiro.gr\/?product=jumbo-%cf%80%ce%bf%ce%bb%ce%bb%ce%b1%cf%80%ce%bb%cf%8e%ce%bd-%ce%ba%ce%bb%ce%b9%ce%ba"},"modified":"2025-10-12T14:26:51","modified_gmt":"2025-10-12T12:26:51","slug":"jumbo-%cf%80%ce%bf%ce%bb%ce%bb%ce%b1%cf%80%ce%bb%cf%8e%ce%bd-%ce%ba%ce%bb%ce%b9%ce%ba","status":"publish","type":"product","link":"https:\/\/neoergoxeiro.gr\/it\/prodotto\/jumbo-%cf%80%ce%bf%ce%bb%ce%bb%ce%b1%cf%80%ce%bb%cf%8e%ce%bd-%ce%ba%ce%bb%ce%b9%ce%ba\/","title":{"rendered":"JUMBO multi-click"},"content":{"rendered":"<p>Il multi-click JUMBO della gamma Prym \u00e8 la soluzione ideale per chi ama viaggiare e cucire a mano. Con una grande capacit\u00e0 e un'eccellente durata, questo kit vi permetter\u00e0 di organizzare i vostri materiali con facilit\u00e0. Il JUMBO multi-click \u00e8 realizzato con materiali di alta qualit\u00e0 che garantiscono una lunga durata e protezione. Con questo kit potrete riporre in modo sicuro tutti gli elementi essenziali per il cucito e il ricamo, sia per i viaggi che per l'uso quotidiano. Inoltre, \u00e8 offerto a un prezzo vantaggioso che non troverete altrove. Scoprite la comodit\u00e0 e la praticit\u00e0 di JUMBO multi-click e portate le vostre abilit\u00e0 creative di cucito e ricamo a un livello superiore.<\/p>","protected":false},"excerpt":{"rendered":"<p>JUMBO multi-click \u00e8 il kit da viaggio ideale per facilitare i vostri spostamenti. Grande capacit\u00e0 e facilit\u00e0 d'uso.<\/p>","protected":false},"featured_media":52365,"template":"","meta":[],"product_brand":[],"product_cat":[84],"product_tag":[],"class_list":{"0":"post-52364","1":"product","2":"type-product","3":"status-publish","4":"has-post-thumbnail","6":"product_cat-ergaleia-kentimatos","8":"first","9":"instock","10":"taxable","11":"shipping-taxable","12":"purchasable","13":"product-type-simple"},"_links":{"self":[{"href":"https:\/\/neoergoxeiro.gr\/it\/wp-json\/wp\/v2\/product\/52364","targetHints":{"allow":["GET"]}}],"collection":[{"href":"https:\/\/neoergoxeiro.gr\/it\/wp-json\/wp\/v2\/product"}],"about":[{"href":"https:\/\/neoergoxeiro.gr\/it\/wp-json\/wp\/v2\/types\/product"}],"version-history":[{"count":1,"href":"https:\/\/neoergoxeiro.gr\/it\/wp-json\/wp\/v2\/product\/52364\/revisions"}],"predecessor-version":[{"id":62279,"href":"https:\/\/neoergoxeiro.gr\/it\/wp-json\/wp\/v2\/product\/52364\/revisions\/62279"}],"wp:featuredmedia":[{"embeddable":true,"href":"https:\/\/neoergoxeiro.gr\/it\/wp-json\/wp\/v2\/media\/52365"}],"wp:attachment":[{"href":"https:\/\/neoergoxeiro.gr\/it\/wp-json\/wp\/v2\/media?parent=52364"}],"wp:term":[{"taxonomy":"product_brand","embeddable":true,"href":"https:\/\/neoergoxeiro.gr\/it\/wp-json\/wp\/v2\/product_brand?post=52364"},{"taxonomy":"product_cat","embeddable":true,"href":"https:\/\/neoergoxeiro.gr\/it\/wp-json\/wp\/v2\/product_cat?post=52364"},{"taxonomy":"product_tag","embeddable":true,"href":"https:\/\/neoergoxeiro.gr\/it\/wp-json\/wp\/v2\/product_tag?post=52364"}],"curies":[{"name":"wp","href":"https:\/\/api.w.org\/{rel}","templated":true}]}}