{"id":52368,"date":"2024-12-20T11:42:54","date_gmt":"2024-12-20T11:42:54","guid":{"rendered":"https:\/\/neoergoxeiro.gr\/?product=%ce%ba%ce%bb%ce%b5%ce%af%cf%83%ce%b9%ce%bc%ce%bf-%cf%84%cf%83%ce%ac%ce%bd%cf%84%ce%b1%cf%82-%ce%bc%ce%b5-%ce%bc%ce%b1%ce%b3%ce%bd%ce%b7%cf%84%ce%b9%ce%ba%cf%8c-%ce%ba%ce%bf%cf%8d%ce%bc%cf%80%cf%89"},"modified":"2025-10-12T13:38:18","modified_gmt":"2025-10-12T11:38:18","slug":"%ce%ba%ce%bb%ce%b5%ce%af%cf%83%ce%b9%ce%bc%ce%bf-%cf%84%cf%83%ce%ac%ce%bd%cf%84%ce%b1%cf%82-%ce%bc%ce%b5-%ce%bc%ce%b1%ce%b3%ce%bd%ce%b7%cf%84%ce%b9%ce%ba%cf%8c-%ce%ba%ce%bf%cf%8d%ce%bc%cf%80%cf%89","status":"publish","type":"product","link":"https:\/\/neoergoxeiro.gr\/it\/prodotto\/%ce%ba%ce%bb%ce%b5%ce%af%cf%83%ce%b9%ce%bc%ce%bf-%cf%84%cf%83%ce%ac%ce%bd%cf%84%ce%b1%cf%82-%ce%bc%ce%b5-%ce%bc%ce%b1%ce%b3%ce%bd%ce%b7%cf%84%ce%b9%ce%ba%cf%8c-%ce%ba%ce%bf%cf%8d%ce%bc%cf%80%cf%89\/","title":{"rendered":"Chiusura della borsa con chiusura magnetica"},"content":{"rendered":"<p>La chiusura a sacchetto con chiusura magnetica \u00e8 la soluzione ideale per tenere al sicuro e organizzare i vostri effetti personali. Questo pratico accessorio per borse offre un accesso facile e veloce ai vostri oggetti e ne garantisce la sicurezza. Realizzata con materiali resistenti e di alta qualit\u00e0, la chiusura magnetica \u00e8 affidabile e mantiene la borsa ben chiusa. Inoltre, \u00e8 facile da agganciare e da rimuovere, per dare stile e funzionalit\u00e0 alla vostra vita quotidiana. Aggiornate la vostra borsa con questa chiusura sofisticata che unisce praticit\u00e0 e stile.<\/p>","protected":false},"excerpt":{"rendered":"<p>Chiusura magnetica per una perfetta chiusura della borsa! Semplice da usare e sicura. Ideale per accedere facilmente ai vostri oggetti.<\/p>","protected":false},"featured_media":52369,"template":"","meta":[],"product_brand":[],"product_cat":[106],"product_tag":[],"class_list":{"0":"post-52368","1":"product","2":"type-product","3":"status-publish","4":"has-post-thumbnail","6":"product_cat-aksesouartsantas","8":"first","9":"instock","10":"taxable","11":"shipping-taxable","12":"purchasable","13":"product-type-simple"},"_links":{"self":[{"href":"https:\/\/neoergoxeiro.gr\/it\/wp-json\/wp\/v2\/product\/52368","targetHints":{"allow":["GET"]}}],"collection":[{"href":"https:\/\/neoergoxeiro.gr\/it\/wp-json\/wp\/v2\/product"}],"about":[{"href":"https:\/\/neoergoxeiro.gr\/it\/wp-json\/wp\/v2\/types\/product"}],"version-history":[{"count":1,"href":"https:\/\/neoergoxeiro.gr\/it\/wp-json\/wp\/v2\/product\/52368\/revisions"}],"predecessor-version":[{"id":62281,"href":"https:\/\/neoergoxeiro.gr\/it\/wp-json\/wp\/v2\/product\/52368\/revisions\/62281"}],"wp:featuredmedia":[{"embeddable":true,"href":"https:\/\/neoergoxeiro.gr\/it\/wp-json\/wp\/v2\/media\/52369"}],"wp:attachment":[{"href":"https:\/\/neoergoxeiro.gr\/it\/wp-json\/wp\/v2\/media?parent=52368"}],"wp:term":[{"taxonomy":"product_brand","embeddable":true,"href":"https:\/\/neoergoxeiro.gr\/it\/wp-json\/wp\/v2\/product_brand?post=52368"},{"taxonomy":"product_cat","embeddable":true,"href":"https:\/\/neoergoxeiro.gr\/it\/wp-json\/wp\/v2\/product_cat?post=52368"},{"taxonomy":"product_tag","embeddable":true,"href":"https:\/\/neoergoxeiro.gr\/it\/wp-json\/wp\/v2\/product_tag?post=52368"}],"curies":[{"name":"wp","href":"https:\/\/api.w.org\/{rel}","templated":true}]}}