{"id":52382,"date":"2024-12-20T12:09:21","date_gmt":"2024-12-20T12:09:21","guid":{"rendered":"https:\/\/neoergoxeiro.gr\/?product=%ce%bd%cf%8d%cf%87%ce%b9%ce%b1-%ce%b2%ce%ac%cf%83%ce%b7%cf%82"},"modified":"2025-11-11T10:17:56","modified_gmt":"2025-11-11T08:17:56","slug":"%ce%bd%cf%8d%cf%87%ce%b9%ce%b1-%ce%b2%ce%ac%cf%83%ce%b7%cf%82","status":"publish","type":"product","link":"https:\/\/neoergoxeiro.gr\/it\/prodotto\/%ce%bd%cf%8d%cf%87%ce%b9%ce%b1-%ce%b2%ce%ac%cf%83%ce%b7%cf%82\/","title":{"rendered":"Piede per borse"},"content":{"rendered":"<p>\u201cshort_description\u201d: \u201cPiedino per borse, ideale per organizzare e proteggere le borse. Mantiene le vostre borse pulite e in ordine per tutto il giorno. Facile da usare e pratico accessorio per ogni borsa.\u2019,<br \/>\n    \u201cdescription\u201d: \u201cIl piedino per borse \u00e8 un accessorio essenziale per ogni amante delle borse. Realizzato con materiali di alta qualit\u00e0, questo pratico piedino offre organizzazione e protezione per le vostre borse preferite. Grazie alla facilit\u00e0 di inserimento e rimozione, il piedino mantiene le borse pulite e in ordine per tutto il giorno. <\/p>\n<p>    **Caratteristiche:**<br \/>\n    - Realizzato in materiale resistente<br \/>\n    - Ideale per tutti i tipi di borse<br \/>\n    - Protegge le borse da danni e graffi<\/p>\n<p>    **Benefici:**<br \/>\n    - Offre organizzazione e ordine<br \/>\n    - Protegge le borse dalla pioggia e dalle superfici sporche<br \/>\n    - Facile da usare e portatile<\/p>\n<p>    Acquistate oggi stesso la gamba della borsa e godetevi la comodit\u00e0 e l'organizzazione che porta nella vostra vita quotidiana!\u201d.\u201d<br \/>\n}<\/p>","protected":false},"excerpt":{"rendered":"<p>{<\/p>","protected":false},"featured_media":52383,"template":"","meta":[],"product_brand":[],"product_cat":[106],"product_tag":[],"class_list":{"0":"post-52382","1":"product","2":"type-product","3":"status-publish","4":"has-post-thumbnail","6":"product_cat-aksesouartsantas","8":"first","9":"instock","10":"taxable","11":"shipping-taxable","12":"purchasable","13":"product-type-variable"},"_links":{"self":[{"href":"https:\/\/neoergoxeiro.gr\/it\/wp-json\/wp\/v2\/product\/52382","targetHints":{"allow":["GET"]}}],"collection":[{"href":"https:\/\/neoergoxeiro.gr\/it\/wp-json\/wp\/v2\/product"}],"about":[{"href":"https:\/\/neoergoxeiro.gr\/it\/wp-json\/wp\/v2\/types\/product"}],"version-history":[{"count":4,"href":"https:\/\/neoergoxeiro.gr\/it\/wp-json\/wp\/v2\/product\/52382\/revisions"}],"predecessor-version":[{"id":62399,"href":"https:\/\/neoergoxeiro.gr\/it\/wp-json\/wp\/v2\/product\/52382\/revisions\/62399"}],"wp:featuredmedia":[{"embeddable":true,"href":"https:\/\/neoergoxeiro.gr\/it\/wp-json\/wp\/v2\/media\/52383"}],"wp:attachment":[{"href":"https:\/\/neoergoxeiro.gr\/it\/wp-json\/wp\/v2\/media?parent=52382"}],"wp:term":[{"taxonomy":"product_brand","embeddable":true,"href":"https:\/\/neoergoxeiro.gr\/it\/wp-json\/wp\/v2\/product_brand?post=52382"},{"taxonomy":"product_cat","embeddable":true,"href":"https:\/\/neoergoxeiro.gr\/it\/wp-json\/wp\/v2\/product_cat?post=52382"},{"taxonomy":"product_tag","embeddable":true,"href":"https:\/\/neoergoxeiro.gr\/it\/wp-json\/wp\/v2\/product_tag?post=52382"}],"curies":[{"name":"wp","href":"https:\/\/api.w.org\/{rel}","templated":true}]}}