{"id":52385,"date":"2024-12-20T12:13:43","date_gmt":"2024-12-20T12:13:43","guid":{"rendered":"https:\/\/neoergoxeiro.gr\/?product=%ce%bd%cf%8d%cf%87%ce%b9%ce%b1-%ce%b2%ce%ac%cf%83%ce%b7%cf%82-2"},"modified":"2025-11-11T10:17:56","modified_gmt":"2025-11-11T08:17:56","slug":"%ce%bd%cf%8d%cf%87%ce%b9%ce%b1-%ce%b2%ce%ac%cf%83%ce%b7%cf%82-2","status":"publish","type":"product","link":"https:\/\/neoergoxeiro.gr\/it\/prodotto\/%ce%bd%cf%8d%cf%87%ce%b9%ce%b1-%ce%b2%ce%ac%cf%83%ce%b7%cf%82-2\/","title":{"rendered":"Anelli della borsa 35 mm"},"content":{"rendered":"<p>Gli anelli per borse da 35 mm sono l'aggiunta perfetta a qualsiasi borsa. Realizzati in materiale resistente, offrono una soluzione elegante per organizzare i vostri effetti personali. Grazie alla facilit\u00e0 di inserimento e rimozione, questi anelli offrono comodit\u00e0 e funzionalit\u00e0. Grazie alla possibilit\u00e0 di scegliere tra diversi disegni e colori, \u00e8 possibile personalizzare la propria borsa in modo unico. Realizzati per resistere alla prova del tempo e aggiungere stile, gli anelli per borse da 35 mm sono la scelta perfetta per chi cerca praticit\u00e0 ed eleganza in un unico prodotto.<\/p>","protected":false},"excerpt":{"rendered":"<p>Gli anelli per borse da 35 mm sono l'accessorio perfetto per qualsiasi borsa. Aggiungono stile e funzionalit\u00e0, mantenendo la borsa organizzata e accattivante.<\/p>","protected":false},"featured_media":52386,"template":"","meta":[],"product_brand":[],"product_cat":[106],"product_tag":[],"class_list":{"0":"post-52385","1":"product","2":"type-product","3":"status-publish","4":"has-post-thumbnail","6":"product_cat-aksesouartsantas","8":"first","9":"instock","10":"taxable","11":"shipping-taxable","12":"purchasable","13":"product-type-variable"},"_links":{"self":[{"href":"https:\/\/neoergoxeiro.gr\/it\/wp-json\/wp\/v2\/product\/52385","targetHints":{"allow":["GET"]}}],"collection":[{"href":"https:\/\/neoergoxeiro.gr\/it\/wp-json\/wp\/v2\/product"}],"about":[{"href":"https:\/\/neoergoxeiro.gr\/it\/wp-json\/wp\/v2\/types\/product"}],"version-history":[{"count":4,"href":"https:\/\/neoergoxeiro.gr\/it\/wp-json\/wp\/v2\/product\/52385\/revisions"}],"predecessor-version":[{"id":62402,"href":"https:\/\/neoergoxeiro.gr\/it\/wp-json\/wp\/v2\/product\/52385\/revisions\/62402"}],"wp:featuredmedia":[{"embeddable":true,"href":"https:\/\/neoergoxeiro.gr\/it\/wp-json\/wp\/v2\/media\/52386"}],"wp:attachment":[{"href":"https:\/\/neoergoxeiro.gr\/it\/wp-json\/wp\/v2\/media?parent=52385"}],"wp:term":[{"taxonomy":"product_brand","embeddable":true,"href":"https:\/\/neoergoxeiro.gr\/it\/wp-json\/wp\/v2\/product_brand?post=52385"},{"taxonomy":"product_cat","embeddable":true,"href":"https:\/\/neoergoxeiro.gr\/it\/wp-json\/wp\/v2\/product_cat?post=52385"},{"taxonomy":"product_tag","embeddable":true,"href":"https:\/\/neoergoxeiro.gr\/it\/wp-json\/wp\/v2\/product_tag?post=52385"}],"curies":[{"name":"wp","href":"https:\/\/api.w.org\/{rel}","templated":true}]}}