{"id":52416,"date":"2024-12-21T10:49:28","date_gmt":"2024-12-21T10:49:28","guid":{"rendered":"https:\/\/neoergoxeiro.gr\/?product=%cf%87%ce%b5%cf%81%ce%bf%cf%8d%ce%bb%ce%b9-%cf%84%cf%83%ce%ac%ce%bd%cf%84%ce%b1%cf%82-mia-%cf%83%ce%b5-%ce%b1%cf%83%ce%b7%ce%bc%ce%af-%cf%87%cf%81%cf%8e%ce%bc%ce%b1"},"modified":"2025-10-12T13:38:18","modified_gmt":"2025-10-12T11:38:18","slug":"%cf%87%ce%b5%cf%81%ce%bf%cf%8d%ce%bb%ce%b9-%cf%84%cf%83%ce%ac%ce%bd%cf%84%ce%b1%cf%82-mia-%cf%83%ce%b5-%ce%b1%cf%83%ce%b7%ce%bc%ce%af-%cf%87%cf%81%cf%8e%ce%bc%ce%b1","status":"publish","type":"product","link":"https:\/\/neoergoxeiro.gr\/it\/prodotto\/%cf%87%ce%b5%cf%81%ce%bf%cf%8d%ce%bb%ce%b9-%cf%84%cf%83%ce%ac%ce%bd%cf%84%ce%b1%cf%82-mia-%cf%83%ce%b5-%ce%b1%cf%83%ce%b7%ce%bc%ce%af-%cf%87%cf%81%cf%8e%ce%bc%ce%b1\/","title":{"rendered":"Manico della borsa Mia, in colore argento"},"content":{"rendered":"<p>Il manico per borsa Mia in colore argento \u00e8 la scelta ideale per chi desidera rinnovare la propria borsa con stile. Realizzato con materiali di alta qualit\u00e0, il manico \u00e8 resistente e facile da installare. Con una lunghezza che si adatta perfettamente alla spalla, offre comfort e stile. <\/p>\n<p>**Caratteristiche:**<br \/>\n- Colore: Argento<br \/>\n- Materiale: Lega di zinco<br \/>\n- Lunghezza: 60 cm<br \/>\n- Facile installazione e rimozione<\/p>\n<p>**Benefici:**<br \/>\n- Rinfrescate la vostra borsa con una piccola fodera<br \/>\n- Dare lucentezza e stile ai vostri accessori<br \/>\n- Design confortevole per un facile trasporto<\/p>\n<p>Aggiornate la vostra borsa con il manico Mia e godetevi un look rinnovato in ogni occasione.<\/p>","protected":false},"excerpt":{"rendered":"<p>Il colore argento del manico della borsa Mia doner\u00e0 lucentezza alla vostra borsa. Ideale per sostituire o rinnovare facilmente le maniglie esistenti. Durevole, elegante e facile da montare per aggiornare la vostra borsa.<\/p>","protected":false},"featured_media":52417,"template":"","meta":[],"product_brand":[],"product_cat":[106],"product_tag":[],"class_list":{"0":"post-52416","1":"product","2":"type-product","3":"status-publish","4":"has-post-thumbnail","6":"product_cat-aksesouartsantas","8":"first","9":"instock","10":"taxable","11":"shipping-taxable","12":"purchasable","13":"product-type-simple"},"_links":{"self":[{"href":"https:\/\/neoergoxeiro.gr\/it\/wp-json\/wp\/v2\/product\/52416","targetHints":{"allow":["GET"]}}],"collection":[{"href":"https:\/\/neoergoxeiro.gr\/it\/wp-json\/wp\/v2\/product"}],"about":[{"href":"https:\/\/neoergoxeiro.gr\/it\/wp-json\/wp\/v2\/types\/product"}],"version-history":[{"count":1,"href":"https:\/\/neoergoxeiro.gr\/it\/wp-json\/wp\/v2\/product\/52416\/revisions"}],"predecessor-version":[{"id":62304,"href":"https:\/\/neoergoxeiro.gr\/it\/wp-json\/wp\/v2\/product\/52416\/revisions\/62304"}],"wp:featuredmedia":[{"embeddable":true,"href":"https:\/\/neoergoxeiro.gr\/it\/wp-json\/wp\/v2\/media\/52417"}],"wp:attachment":[{"href":"https:\/\/neoergoxeiro.gr\/it\/wp-json\/wp\/v2\/media?parent=52416"}],"wp:term":[{"taxonomy":"product_brand","embeddable":true,"href":"https:\/\/neoergoxeiro.gr\/it\/wp-json\/wp\/v2\/product_brand?post=52416"},{"taxonomy":"product_cat","embeddable":true,"href":"https:\/\/neoergoxeiro.gr\/it\/wp-json\/wp\/v2\/product_cat?post=52416"},{"taxonomy":"product_tag","embeddable":true,"href":"https:\/\/neoergoxeiro.gr\/it\/wp-json\/wp\/v2\/product_tag?post=52416"}],"curies":[{"name":"wp","href":"https:\/\/api.w.org\/{rel}","templated":true}]}}