{"id":52418,"date":"2024-12-21T10:55:04","date_gmt":"2024-12-21T10:55:04","guid":{"rendered":"https:\/\/neoergoxeiro.gr\/?product=%ce%b1%ce%bb%cf%85%cf%83%ce%af%ce%b4%ce%b1-%cf%84%cf%83%ce%b1%ce%bd%cf%84%cf%8e%ce%bd-whitney-%ce%bc%ce%b1%cf%8d%cf%81%ce%bf-%ce%bd%ce%ad%ce%bf-%cf%87%cf%81%cf%85%cf%83%cf%8c"},"modified":"2025-10-12T13:49:11","modified_gmt":"2025-10-12T11:49:11","slug":"%ce%b1%ce%bb%cf%85%cf%83%ce%af%ce%b4%ce%b1-%cf%84%cf%83%ce%b1%ce%bd%cf%84%cf%8e%ce%bd-whitney-%ce%bc%ce%b1%cf%8d%cf%81%ce%bf-%ce%bd%ce%ad%ce%bf-%cf%87%cf%81%cf%85%cf%83%cf%8c","status":"publish","type":"product","link":"https:\/\/neoergoxeiro.gr\/it\/prodotto\/%ce%b1%ce%bb%cf%85%cf%83%ce%af%ce%b4%ce%b1-%cf%84%cf%83%ce%b1%ce%bd%cf%84%cf%8e%ce%bd-whitney-%ce%bc%ce%b1%cf%8d%cf%81%ce%bf-%ce%bd%ce%ad%ce%bf-%cf%87%cf%81%cf%85%cf%83%cf%8c\/","title":{"rendered":"Catena della borsa Whitney, nero\/oro nuovo"},"content":{"rendered":"<p>La catena da borsa Whitney in nero\/oro nuovo \u00e8 l'aggiunta perfetta a qualsiasi borsa. Realizzata con materiali di alta qualit\u00e0, la catena \u00e8 resistente ed elegante. Con una lunghezza sufficiente per appendere facilmente la borsa alla spalla o al polso, offre comfort e facilit\u00e0 di trasporto. La struttura dettagliata e il design moderno della catena la rendono perfetta per qualsiasi look, mentre la facilit\u00e0 di aggancio e sgancio la rendono pratica da usare. Non lasciatevi nulla alle spalle con la catena per borse Whitney e aggiungete una nuova dimensione al vostro stile.<\/p>","protected":false},"excerpt":{"rendered":"<p>La catena da borsa Whitney in nero\/oro nuovo \u00e8 l'accessorio indispensabile per ogni borsa. Elegante e funzionale, aggiunge stile e organizzazione ai vostri look quotidiani. Perfetta per appendere gli accessori e tenere in ordine i vostri effetti personali.<\/p>","protected":false},"featured_media":52419,"template":"","meta":[],"product_brand":[],"product_cat":[106],"product_tag":[],"class_list":{"0":"post-52418","1":"product","2":"type-product","3":"status-publish","4":"has-post-thumbnail","6":"product_cat-aksesouartsantas","8":"first","9":"instock","10":"taxable","11":"shipping-taxable","12":"purchasable","13":"product-type-simple"},"_links":{"self":[{"href":"https:\/\/neoergoxeiro.gr\/it\/wp-json\/wp\/v2\/product\/52418","targetHints":{"allow":["GET"]}}],"collection":[{"href":"https:\/\/neoergoxeiro.gr\/it\/wp-json\/wp\/v2\/product"}],"about":[{"href":"https:\/\/neoergoxeiro.gr\/it\/wp-json\/wp\/v2\/types\/product"}],"version-history":[{"count":1,"href":"https:\/\/neoergoxeiro.gr\/it\/wp-json\/wp\/v2\/product\/52418\/revisions"}],"predecessor-version":[{"id":62305,"href":"https:\/\/neoergoxeiro.gr\/it\/wp-json\/wp\/v2\/product\/52418\/revisions\/62305"}],"wp:featuredmedia":[{"embeddable":true,"href":"https:\/\/neoergoxeiro.gr\/it\/wp-json\/wp\/v2\/media\/52419"}],"wp:attachment":[{"href":"https:\/\/neoergoxeiro.gr\/it\/wp-json\/wp\/v2\/media?parent=52418"}],"wp:term":[{"taxonomy":"product_brand","embeddable":true,"href":"https:\/\/neoergoxeiro.gr\/it\/wp-json\/wp\/v2\/product_brand?post=52418"},{"taxonomy":"product_cat","embeddable":true,"href":"https:\/\/neoergoxeiro.gr\/it\/wp-json\/wp\/v2\/product_cat?post=52418"},{"taxonomy":"product_tag","embeddable":true,"href":"https:\/\/neoergoxeiro.gr\/it\/wp-json\/wp\/v2\/product_tag?post=52418"}],"curies":[{"name":"wp","href":"https:\/\/api.w.org\/{rel}","templated":true}]}}