{"id":52422,"date":"2024-12-21T10:59:31","date_gmt":"2024-12-21T10:59:31","guid":{"rendered":"https:\/\/neoergoxeiro.gr\/?product=%ce%b1%ce%bb%cf%85%cf%83%ce%af%ce%b4%ce%b1-%cf%84%cf%83%ce%b1%ce%bd%cf%84%cf%8e%ce%bd-taylor-%cf%83%ce%b5-%ce%bc%ce%b1%cf%8d%cf%81%ce%bf-%ce%b1%cf%83%ce%b7%ce%bc%ce%af-%cf%87%cf%81%cf%8e%ce%bc%ce%b1"},"modified":"2025-10-12T13:38:18","modified_gmt":"2025-10-12T11:38:18","slug":"%ce%b1%ce%bb%cf%85%cf%83%ce%af%ce%b4%ce%b1-%cf%84%cf%83%ce%b1%ce%bd%cf%84%cf%8e%ce%bd-taylor-%cf%83%ce%b5-%ce%bc%ce%b1%cf%8d%cf%81%ce%bf-%ce%b1%cf%83%ce%b7%ce%bc%ce%af-%cf%87%cf%81%cf%8e%ce%bc%ce%b1","status":"publish","type":"product","link":"https:\/\/neoergoxeiro.gr\/it\/prodotto\/%ce%b1%ce%bb%cf%85%cf%83%ce%af%ce%b4%ce%b1-%cf%84%cf%83%ce%b1%ce%bd%cf%84%cf%8e%ce%bd-taylor-%cf%83%ce%b5-%ce%bc%ce%b1%cf%8d%cf%81%ce%bf-%ce%b1%cf%83%ce%b7%ce%bc%ce%af-%cf%87%cf%81%cf%8e%ce%bc%ce%b1\/","title":{"rendered":"Catena della borsa Taylor, colore nero\/argento"},"content":{"rendered":"<p>La catena da borsa Taylor \u00e8 l'accessorio ideale per ogni borsa e offre stile e funzionalit\u00e0. Realizzata in materiale resistente, la catena si adatta facilmente a qualsiasi borsa, offrendo comfort e facilit\u00e0 di trasporto. Con un colore nero\/argento che si abbina facilmente a qualsiasi stile, la catena Taylor valorizza il look di ogni borsa. Acquistatela oggi stesso e aggiornate la vostra collezione con un prodotto che unisce qualit\u00e0 e stile.<\/p>","protected":false},"excerpt":{"rendered":"<p>La catena da borsa Taylor in nero\/argento \u00e8 l'accessorio indispensabile per ogni borsa. Grazie al design elegante e alla funzionalit\u00e0, aggiunge stile e organizzazione alla vostra vita quotidiana.<\/p>","protected":false},"featured_media":52423,"template":"","meta":[],"product_brand":[],"product_cat":[106],"product_tag":[],"class_list":{"0":"post-52422","1":"product","2":"type-product","3":"status-publish","4":"has-post-thumbnail","6":"product_cat-aksesouartsantas","8":"first","9":"instock","10":"taxable","11":"shipping-taxable","12":"purchasable","13":"product-type-simple"},"_links":{"self":[{"href":"https:\/\/neoergoxeiro.gr\/it\/wp-json\/wp\/v2\/product\/52422","targetHints":{"allow":["GET"]}}],"collection":[{"href":"https:\/\/neoergoxeiro.gr\/it\/wp-json\/wp\/v2\/product"}],"about":[{"href":"https:\/\/neoergoxeiro.gr\/it\/wp-json\/wp\/v2\/types\/product"}],"version-history":[{"count":1,"href":"https:\/\/neoergoxeiro.gr\/it\/wp-json\/wp\/v2\/product\/52422\/revisions"}],"predecessor-version":[{"id":62307,"href":"https:\/\/neoergoxeiro.gr\/it\/wp-json\/wp\/v2\/product\/52422\/revisions\/62307"}],"wp:featuredmedia":[{"embeddable":true,"href":"https:\/\/neoergoxeiro.gr\/it\/wp-json\/wp\/v2\/media\/52423"}],"wp:attachment":[{"href":"https:\/\/neoergoxeiro.gr\/it\/wp-json\/wp\/v2\/media?parent=52422"}],"wp:term":[{"taxonomy":"product_brand","embeddable":true,"href":"https:\/\/neoergoxeiro.gr\/it\/wp-json\/wp\/v2\/product_brand?post=52422"},{"taxonomy":"product_cat","embeddable":true,"href":"https:\/\/neoergoxeiro.gr\/it\/wp-json\/wp\/v2\/product_cat?post=52422"},{"taxonomy":"product_tag","embeddable":true,"href":"https:\/\/neoergoxeiro.gr\/it\/wp-json\/wp\/v2\/product_tag?post=52422"}],"curies":[{"name":"wp","href":"https:\/\/api.w.org\/{rel}","templated":true}]}}